{"id":1136,"date":"2014-12-02T12:10:11","date_gmt":"2014-12-02T12:10:11","guid":{"rendered":"http:\/\/foi.gov.ie\/?page_id=1136"},"modified":"2016-03-01T16:18:22","modified_gmt":"2016-03-01T16:18:22","slug":"site-map","status":"publish","type":"page","link":"https:\/\/foi.gov.ie\/ga\/site-map\/","title":{"rendered":"Site map"},"content":{"rendered":"<div id=\"simple-sitemap-container-69d478fc4154a\" class=\"simple-sitemap-container simple-sitemap-container-69d478fc4154a tab-disabled\"><div class=\"simple-sitemap-wrap\"><h3 class=\"post-type\">Pages<\/h3><ul class=\"simple-sitemap-page main\"><li class=\"sitemap-item page_item page-item-1234\"><a href=\"https:\/\/foi.gov.ie\/ga\/code-of-practice\/\">C\u00f3d Cleachtais<\/a><\/li>\n<li class=\"sitemap-item page_item page-item-194\"><a href=\"https:\/\/foi.gov.ie\/ga\/contact-us\/\">D\u00e9an Teagmh\u00e1il Linn<\/a><\/li>\n<li class=\"sitemap-item page_item page-item-4268\"><a href=\"https:\/\/foi.gov.ie\/ga\/continuity-of-foi-services\/\">(English) Continuity of FOI services<\/a><\/li>\n<li class=\"sitemap-item page_item page-item-192\"><a href=\"https:\/\/foi.gov.ie\/ga\/cookie-policy\/\">Beartas Fian\u00e1n<\/a><\/li>\n<li class=\"sitemap-item page_item page-item-196\"><a href=\"https:\/\/foi.gov.ie\/ga\/feedback\/\">Aiseolas<\/a><\/li>\n<li class=\"sitemap-item page_item page-item-202 page_item_has_children\"><a href=\"https:\/\/foi.gov.ie\/ga\/faqs\/\">Ceisteanna Coitianta<\/a>\n<ul class='children'>\n\t<li class=\"sitemap-item page_item page-item-220\"><a href=\"https:\/\/foi.gov.ie\/ga\/faqs\/do-i-need-to-make-an-foi-request-to-get-information-from-foi-bodies\/\">An G\u00e1 Dom Iarratas SF a Dh\u00e9anamh Chun Eolas a Fh\u00e1il \u00d3 Chomhlacht FOI?<\/a><\/li>\n\t<li class=\"sitemap-item page_item page-item-184\"><a href=\"https:\/\/foi.gov.ie\/ga\/faqs\/how-do-i-make-an-foi-request\/\">Conas a Nd\u00e9anaim Iarratas Um SF<\/a><\/li>\n\t<li class=\"sitemap-item page_item page-item-210\"><a href=\"https:\/\/foi.gov.ie\/ga\/faqs\/how-does-it-work\/\">C\u00e9n Chaoi a N-Oibr\u00edonn S\u00e9?<\/a><\/li>\n\t<li class=\"sitemap-item page_item page-item-2514\"><a href=\"https:\/\/foi.gov.ie\/ga\/faqs\/how-often-do-public-bodies-have-to-review-their-publication-scheme\/\">(English) How often do Public Bodies have to review their publication scheme?<\/a><\/li>\n\t<li class=\"sitemap-item page_item page-item-214\"><a href=\"https:\/\/foi.gov.ie\/ga\/faqs\/im-not-happy-with-a-decision-on-my-request-what-can-i-do\/\">N\u00cdLIM S\u00c1STA LEIS AN GCINNEADH MAIDIR LE M'IARRATAS \u2013 CAD A FH\u00c9ADAIM A DH\u00c9ANAMH?<\/a><\/li>\n\t<li class=\"sitemap-item page_item page-item-190\"><a href=\"https:\/\/foi.gov.ie\/ga\/faqs\/is-there-a-fee\/\">An Bhfuil T\u00e1ille I Gceist?<\/a><\/li>\n\t<li class=\"sitemap-item page_item page-item-2807\"><a href=\"https:\/\/foi.gov.ie\/ga\/faqs\/what-foi-decisions-can-the-commissioner-carryout-a-review-on\/\">Questions relating to the Office of the Information Commissioner<\/a><\/li>\n\t<li class=\"sitemap-item page_item page-item-200\"><a href=\"https:\/\/foi.gov.ie\/ga\/faqs\/what-are-my-rights-of-review\/\">C\u00e9n Ceart Achomhairc at\u00e1 agam?<\/a><\/li>\n\t<li class=\"sitemap-item page_item page-item-208\"><a href=\"https:\/\/foi.gov.ie\/ga\/faqs\/what-are-the-benefits-of-foi\/\">Cad Iad Na Bunt\u00e1ist\u00ed a Bhaineann le SF?<\/a><\/li>\n\t<li class=\"sitemap-item page_item page-item-1274\"><a href=\"https:\/\/foi.gov.ie\/ga\/faqs\/what-bodies-are-covered-by-foi\/\">C\u00e9 na Comhlachta\u00ed a Thagann Faoi Sc\u00e1th SF?<\/a><\/li>\n\t<li class=\"sitemap-item page_item page-item-212\"><a href=\"https:\/\/foi.gov.ie\/ga\/faqs\/what-information-can-i-get-access-to\/\">C\u00e9n Cine\u00e1l Eolais a Bhf\u00e9adaim Teacht a Fh\u00e1il air?<\/a><\/li>\n\t<li class=\"sitemap-item page_item page-item-2510\"><a href=\"https:\/\/foi.gov.ie\/ga\/faqs\/what-is-a-publication-scheme\/\">(English) What is a \"Publication Scheme\"<\/a><\/li>\n\t<li class=\"sitemap-item page_item page-item-206\"><a href=\"https:\/\/foi.gov.ie\/ga\/faqs\/what-is-foi\/\">Cad is Saor\u00e1il Faisn\u00e9ise Ann?<\/a><\/li>\n\t<li class=\"sitemap-item page_item page-item-218\"><a href=\"https:\/\/foi.gov.ie\/ga\/faqs\/will-i-be-charged\/\">An Ngearrfar T\u00e1ille Orm?<\/a><\/li>\n\t<li class=\"sitemap-item page_item page-item-2158\"><a href=\"https:\/\/foi.gov.ie\/ga\/faqs\/can-i-look-for-records-through-the-foi-central-policy-unit-cpu\/\">Can I look for records through the FOI Central Policy Unit (CPU)?<\/a><\/li>\n\t<li class=\"sitemap-item page_item page-item-2810\"><a href=\"https:\/\/foi.gov.ie\/ga\/faqs\/when-can-the-commissioner-accept-an-application-for-review-that-has-not-been-subject-to-an-internal-review\/\">When can the Commissioner accept an 'application for review' that has not been subject to an internal review?<\/a><\/li>\n<\/ul>\n<\/li>\n<li class=\"sitemap-item page_item page-item-198\"><a href=\"https:\/\/foi.gov.ie\/ga\/information-commissioner\/\">An Coimisin\u00e9ir Faisn\u00e9ise<\/a><\/li>\n<li class=\"sitemap-item page_item page-item-4392\"><a href=\"https:\/\/foi.gov.ie\/ga\/privacy-policy-for-foi-review\/\">(English) Privacy Policy for FOI Review<\/a><\/li>\n<li class=\"sitemap-item page_item page-item-224 page_item_has_children\"><a href=\"https:\/\/foi.gov.ie\/ga\/regulations\/\">RIALACH\u00c1IN AGUS ORDUITHE<\/a>\n<ul class='children'>\n\t<li class=\"sitemap-item page_item page-item-241\"><a href=\"https:\/\/foi.gov.ie\/ga\/regulations\/regulation-no-127\/\">Freedom of Information Act, 1997 (Prescribed Bodies)(No 2) Regulations, 2001<\/a><\/li>\n\t<li class=\"sitemap-item page_item page-item-4683\"><a href=\"https:\/\/foi.gov.ie\/ga\/regulations\/s-i-no-297-freedom-of-information-act-1997-prescribed-bodies-regulations-2006\/\">(English) S.I. No.\u00a0 297 Freedom of Information Act 1997 (Prescribed Bodies) Regulations 2006<\/a><\/li>\n\t<li class=\"sitemap-item page_item page-item-249\"><a href=\"https:\/\/foi.gov.ie\/ga\/regulations\/regulation-no-385\/\">Freedom of Information Act, 1997 (Section 17(6)) Regulations 2009<\/a><\/li>\n\t<li class=\"sitemap-item page_item page-item-251\"><a href=\"https:\/\/foi.gov.ie\/ga\/regulations\/regulation-no-386\/\">Freedom of Information Act, 1997 (Section 18(5A)) Regulations 2009<\/a><\/li>\n\t<li class=\"sitemap-item page_item page-item-233\"><a href=\"https:\/\/foi.gov.ie\/ga\/regulations\/regulation-no-520\/\">Freedom of Information Act, 1997 (Section 25(6)) Regulations, 1998<\/a><\/li>\n\t<li class=\"sitemap-item page_item page-item-1520\"><a href=\"https:\/\/foi.gov.ie\/ga\/regulations\/s-i-144-of-2015-freedom-of-information-act-2014-effective-date-for-certain-bodies-order-2015\/\">S.I 144 of 2015 - Freedom of Information Act 2014 (Exempted Public Bodies) Order 2015<\/a><\/li>\n\t<li class=\"sitemap-item page_item page-item-1517\"><a href=\"https:\/\/foi.gov.ie\/ga\/regulations\/s-i-103-of-2015-freedom-of-information-act-2014-commencement-date-for-certain-bodies-order-2015\/\">S.I. 103 of 2015 - Freedom of Information Act 2014 (Commencement Date for Certain Bodies) Order 2015<\/a><\/li>\n\t<li class=\"sitemap-item page_item page-item-239\"><a href=\"https:\/\/foi.gov.ie\/ga\/regulations\/regulation-no-115\/\">S.I. No 115 of 2000 Freedom of Information Act, 1997 (Prescribed Bodies)(No. 2) Regulations, 200<\/a><\/li>\n\t<li class=\"sitemap-item page_item page-item-235\"><a href=\"https:\/\/foi.gov.ie\/ga\/regulations\/regulation-no-329\/\">S.I. No 329 of 1999 Freedom of Information Act, 1997 (Prescribed Bodies) Regulations, 1999<\/a><\/li>\n\t<li class=\"sitemap-item page_item page-item-245\"><a href=\"https:\/\/foi.gov.ie\/ga\/regulations\/regulation-no-368\/\">S.I. No 368 of 2001 Freedom of Information Act, 1997 (Classes of Health Professionals) Regulations, 2001<\/a><\/li>\n\t<li class=\"sitemap-item page_item page-item-253\"><a href=\"https:\/\/foi.gov.ie\/ga\/regulations\/regulation-no-387\/\">S.I. No 387 of 2009 Freedom of Information Act, 1997 (Section 28(6)) Regulations 2009<\/a><\/li>\n\t<li class=\"sitemap-item page_item page-item-237\"><a href=\"https:\/\/foi.gov.ie\/ga\/regulations\/regulation-no-46\/\">S.I. No 46 of 1999 Freedom of Information Act, 1997 (Section 6(4)(b)) Regulations<\/a><\/li>\n\t<li class=\"sitemap-item page_item page-item-1291\"><a href=\"https:\/\/foi.gov.ie\/ga\/regulations\/freedom-of-information-act-fees-no-2-regulations-2014\/\">S.I. No 531 of 2014 Freedom of Information Act (Fees) (No. 2) Regulations 2014<\/a><\/li>\n<\/ul>\n<\/li>\n<li class=\"sitemap-item page_item page-item-2781\"><a href=\"https:\/\/foi.gov.ie\/ga\/s-i-no-218-of-2016-freedom-of-information-act-2014-section-378\/\">(English) S.I. No 218 of 2016 Freedom of Information Act 2014 (Section 37(8))<\/a><\/li>\n<li class=\"sitemap-item page_item page-item-2981\"><a href=\"https:\/\/foi.gov.ie\/ga\/s-i-no-330-of-2016-freedom-of-information-act-2014-amendment-of-schedule-3-regulations-2016\/\">(English) S.I. No 330 of 2016 Freedom of Information Act 2014 (Amendment of Schedule 3) Regulations 2016<\/a><\/li>\n<li class=\"sitemap-item page_item page-item-3098\"><a href=\"https:\/\/foi.gov.ie\/ga\/s-i-no-452-freedom-of-information-act-2014-section-346b\/\">(English) S.I. No 452 Freedom Of Information Act 2014 (Section 34(6)(B)) Regulations 2016<\/a><\/li>\n<li class=\"sitemap-item page_item page-item-3568\"><a href=\"https:\/\/foi.gov.ie\/ga\/s-i-no-53-of-2017-freedom-of-information-act-2014-sections-96-106-and-378-regulations-2017\/\">(English) S.I. No. 53 of 2017 Freedom Of Information Act 2014 (Sections 9(6), 10(6) and 37(8)) Regulations 2017<\/a><\/li>\n<li class=\"sitemap-item page_item page-item-1037\"><a href=\"https:\/\/foi.gov.ie\/ga\/all-foi-bodies\/\">All FOI Bodies<\/a><\/li>\n<li class=\"sitemap-item page_item page-item-2725\"><a href=\"https:\/\/foi.gov.ie\/ga\/are-all-commercial-bodies-exempt-from-foi-legislation\/\">Are all Commercial Bodies exempt from FOI Legislation?<\/a><\/li>\n<li class=\"sitemap-item page_item page-item-1028\"><a href=\"https:\/\/foi.gov.ie\/ga\/bodies-providing-services-for-persons-with-intellectual-disabilities\/\">Bodies providing services for persons with intellectual disabilities<\/a><\/li>\n<li class=\"sitemap-item page_item page-item-1026\"><a href=\"https:\/\/foi.gov.ie\/ga\/bodies-providing-services-for-persons-with-physical-disability\/\">Bodies providing services for persons with physical disability<\/a><\/li>\n<li class=\"sitemap-item page_item page-item-2732\"><a href=\"https:\/\/foi.gov.ie\/ga\/what-is-the-retrospective-date-for-personal-information\/\">Cad \u00e9 an D\u00e1ta C\u00falghabh\u00e1lach Maidir Le Faisn\u00e9is Phearsanta?<\/a><\/li>\n<li class=\"sitemap-item page_item page-item-2718\"><a href=\"https:\/\/foi.gov.ie\/ga\/can-a-parent-or-guardian-have-access-to-their-childs-medical-records\/\">Can a parent or guardian have access to their child\u2019s medical records?<\/a><\/li>\n<li class=\"sitemap-item page_item page-item-2720\"><a href=\"https:\/\/foi.gov.ie\/ga\/can-a-person-get-access-to-their-records-from-a-general-practitioner-gp\/\">Can a person get access to their records from a general Practitioner (GP)?<\/a><\/li>\n<li class=\"sitemap-item page_item page-item-1016\"><a href=\"https:\/\/foi.gov.ie\/ga\/city-and-county-councils\/\">City and County Councils<\/a><\/li>\n<li class=\"sitemap-item page_item page-item-1020\"><a href=\"https:\/\/foi.gov.ie\/ga\/county-enterprise-boards\/\">County Enterprise Boards<\/a><\/li>\n<li class=\"sitemap-item page_item page-item-50\"><a href=\"https:\/\/foi.gov.ie\/ga\/government-departments\/\">Government Departments<\/a><\/li>\n<li class=\"sitemap-item page_item page-item-9 page_item_has_children\"><a href=\"https:\/\/foi.gov.ie\/ga\/guidance\/\">Guidance<\/a>\n<ul class='children'>\n\t<li class=\"sitemap-item page_item page-item-7\"><a href=\"https:\/\/foi.gov.ie\/ga\/guidance\/about\/\">Maidir Le SF<\/a><\/li>\n\t<li class=\"sitemap-item page_item page-item-1415\"><a href=\"https:\/\/foi.gov.ie\/ga\/guidance\/cpu-guidance-notices\/\">F\u00f3gra\u00ed Treorach CPU<\/a><\/li>\n\t<li class=\"sitemap-item page_item page-item-2463\"><a href=\"https:\/\/foi.gov.ie\/ga\/guidance\/dispute-resolution-policy\/\">(English) Dispute Resolution Policy<\/a><\/li>\n\t<li class=\"sitemap-item page_item page-item-2188\"><a href=\"https:\/\/foi.gov.ie\/ga\/guidance\/foi-body-dispute-policy\/\">Beartas R\u00e9itigh D\u00edosp\u00f3ide<\/a><\/li>\n\t<li class=\"sitemap-item page_item page-item-1656\"><a href=\"https:\/\/foi.gov.ie\/ga\/guidance\/model-publication-scheme\/\">Samhail De Sc\u00e9im Foilseach\u00e1in<\/a><\/li>\n\t<li class=\"sitemap-item page_item page-item-1237\"><a href=\"https:\/\/foi.gov.ie\/ga\/guidance\/sample-letters\/\">Litreacha Samplacha<\/a><\/li>\n\t<li class=\"sitemap-item page_item page-item-1295\"><a href=\"https:\/\/foi.gov.ie\/ga\/guidance\/manuals\/\">Manuals<\/a><\/li>\n<\/ul>\n<\/li>\n<li class=\"sitemap-item page_item page-item-52\"><a href=\"https:\/\/foi.gov.ie\/ga\/health-service-executive\/\">Health Service Executive<\/a><\/li>\n<li class=\"sitemap-item page_item page-item-4 page_item_has_children\"><a href=\"https:\/\/foi.gov.ie\/ga\/\">Home<\/a>\n<ul class='children'>\n\t<li class=\"sitemap-item page_item page-item-1626\"><a href=\"https:\/\/foi.gov.ie\/ga\/home-old\/press-releases\/\">Press Release<\/a><\/li>\n<\/ul>\n<\/li>\n<li class=\"sitemap-item page_item page-item-1306 page_item_has_children\"><a href=\"https:\/\/foi.gov.ie\/ga\/members-area\/\">Members Area<\/a>\n<ul class='children'>\n\t<li class=\"sitemap-item page_item page-item-3143\"><a href=\"https:\/\/foi.gov.ie\/ga\/members-area\/when-can-the-commissioner-accept-an-application-for-review-that-has-not-been-subject-to-an-internal-review\/\">(English) When can the Commissioner accept an 'application for review' that has not been subject to an internal review?<\/a><\/li>\n\t<li class=\"sitemap-item page_item page-item-1313\"><a href=\"https:\/\/foi.gov.ie\/ga\/members-area\/advices\/\">Advice<\/a><\/li>\n\t<li class=\"sitemap-item page_item page-item-1315\"><a href=\"https:\/\/foi.gov.ie\/ga\/members-area\/forum\/\">Forum<\/a><\/li>\n\t<li class=\"sitemap-item page_item page-item-2736\"><a href=\"https:\/\/foi.gov.ie\/ga\/members-area\/general-faqs\/\">General FAQ's<\/a><\/li>\n\t<li class=\"sitemap-item page_item page-item-1115\"><a href=\"https:\/\/foi.gov.ie\/ga\/members-area\/log-in\/\">Log in<\/a><\/li>\n\t<li class=\"sitemap-item page_item page-item-1213 page_item_has_children\"><a href=\"https:\/\/foi.gov.ie\/ga\/members-area\/members-faq\/\">Members FAQ<\/a>\n\t<ul class='children'>\n\t\t<li class=\"sitemap-item page_item page-item-3139\"><a href=\"https:\/\/foi.gov.ie\/ga\/members-area\/members-faq\/what-foi-decisions-can-the-commissioner-carryout-a-review-on\/\">(English) What FOI decisions can the Commissioner carryout a review on?<\/a><\/li>\n\t\t<li class=\"sitemap-item page_item page-item-1660\"><a href=\"https:\/\/foi.gov.ie\/ga\/members-area\/members-faq\/fees\/\">Fees<\/a><\/li>\n\t\t<li class=\"sitemap-item page_item page-item-1662\"><a href=\"https:\/\/foi.gov.ie\/ga\/members-area\/members-faq\/model-publication-scheme\/\">Model Publication Scheme<\/a><\/li>\n\t\t<li class=\"sitemap-item page_item page-item-2889\"><a href=\"https:\/\/foi.gov.ie\/ga\/members-area\/members-faq\/questions-relating-to-third-party-consultation\/\">Questions related to Third Party Consultation<\/a><\/li>\n\t<\/ul>\n<\/li>\n\t<li class=\"sitemap-item page_item page-item-1117\"><a href=\"https:\/\/foi.gov.ie\/ga\/members-area\/my-profile\/\">My Profile<\/a><\/li>\n\t<li class=\"sitemap-item page_item page-item-1311\"><a href=\"https:\/\/foi.gov.ie\/ga\/members-area\/networks\/\">Networks<\/a><\/li>\n\t<li class=\"sitemap-item page_item page-item-1666\"><a href=\"https:\/\/foi.gov.ie\/ga\/members-area\/personal-information\/\">Personal Information<\/a><\/li>\n\t<li class=\"sitemap-item page_item page-item-1119\"><a href=\"https:\/\/foi.gov.ie\/ga\/members-area\/resetpass\/\">Reset password<\/a><\/li>\n\t<li class=\"sitemap-item page_item page-item-1309\"><a href=\"https:\/\/foi.gov.ie\/ga\/members-area\/training\/\">Training<\/a><\/li>\n\t<li class=\"sitemap-item page_item page-item-1727\"><a href=\"https:\/\/foi.gov.ie\/ga\/members-area\/useful-links\/\">Useful Links<\/a><\/li>\n\t<li class=\"sitemap-item page_item page-item-1492 page_item_has_children\"><a href=\"https:\/\/foi.gov.ie\/ga\/members-area\/whats-new\/\">What's New?<\/a>\n\t<ul class='children'>\n\t\t<li class=\"sitemap-item page_item page-item-1579\"><a href=\"https:\/\/foi.gov.ie\/ga\/members-area\/whats-new\/model-publication-scheme-post-consultation-with-foi-bodies\/\">Model Publication Scheme post consultation with FOI Bodies<\/a><\/li>\n\t<\/ul>\n<\/li>\n<\/ul>\n<\/li>\n<li class=\"sitemap-item page_item page-item-1147\"><a href=\"https:\/\/foi.gov.ie\/ga\/privacy-statement\/\">Privacy Statement<\/a><\/li>\n<li class=\"sitemap-item page_item page-item-1143\"><a href=\"https:\/\/foi.gov.ie\/ga\/re-use-of-public-sector-information\/\">Re-use of Public Sector Information<\/a><\/li>\n<li class=\"sitemap-item page_item page-item-1022\"><a href=\"https:\/\/foi.gov.ie\/ga\/regional-assembly\/\">Regional Assembly<\/a><\/li>\n<li class=\"sitemap-item page_item page-item-1546\"><a href=\"https:\/\/foi.gov.ie\/ga\/s-i-48-of-2015-freedom-of-information-act-2014-effective-date-for-certain-bodies-order-2015\/\">S.I. 148 of 2015 - Freedom of Information Act 2014 ( Effective Date for Certain Bodies ) Order 2015<\/a><\/li>\n<li class=\"sitemap-item page_item page-item-1136\"><a href=\"https:\/\/foi.gov.ie\/ga\/site-map\/\">Site map<\/a><\/li>\n<li class=\"sitemap-item page_item page-item-2302\"><a href=\"https:\/\/foi.gov.ie\/ga\/test-text-expander\/\">test text expander<\/a><\/li>\n<li class=\"sitemap-item page_item page-item-1018\"><a href=\"https:\/\/foi.gov.ie\/ga\/third-level-education-sector\/\">Third Level Education Sector<\/a><\/li>\n<li class=\"sitemap-item page_item page-item-1024\"><a href=\"https:\/\/foi.gov.ie\/ga\/voluntary-hospitals\/\">Voluntary Hospitals<\/a><\/li>\n<li class=\"sitemap-item page_item page-item-2744\"><a href=\"https:\/\/foi.gov.ie\/ga\/what-is-the-retrospective-date-for-new-bodies-under-2014-foi-act\/\">What is the retrospective date for New Bodies under 2014 FOI Act?<\/a><\/li>\n<\/ul><\/div><\/div><br style=\"clear: both;\">\n","protected":false},"excerpt":{"rendered":"","protected":false},"author":1973,"featured_media":0,"parent":0,"menu_order":48,"comment_status":"closed","ping_status":"closed","template":"page-templates\/full-width.php","meta":[],"acf":[],"_links":{"self":[{"href":"https:\/\/foi.gov.ie\/ga\/wp-json\/wp\/v2\/pages\/1136"}],"collection":[{"href":"https:\/\/foi.gov.ie\/ga\/wp-json\/wp\/v2\/pages"}],"about":[{"href":"https:\/\/foi.gov.ie\/ga\/wp-json\/wp\/v2\/types\/page"}],"author":[{"embeddable":true,"href":"https:\/\/foi.gov.ie\/ga\/wp-json\/wp\/v2\/users\/1973"}],"replies":[{"embeddable":true,"href":"https:\/\/foi.gov.ie\/ga\/wp-json\/wp\/v2\/comments?post=1136"}],"version-history":[{"count":2,"href":"https:\/\/foi.gov.ie\/ga\/wp-json\/wp\/v2\/pages\/1136\/revisions"}],"predecessor-version":[{"id":1233,"href":"https:\/\/foi.gov.ie\/ga\/wp-json\/wp\/v2\/pages\/1136\/revisions\/1233"}],"wp:attachment":[{"href":"https:\/\/foi.gov.ie\/ga\/wp-json\/wp\/v2\/media?parent=1136"}],"curies":[{"name":"wp","href":"https:\/\/api.w.org\/{rel}","templated":true}]}}