{"id":1234,"date":"2014-12-09T15:14:23","date_gmt":"2014-12-09T15:14:23","guid":{"rendered":"http:\/\/foi.gov.ie\/?page_id=1234"},"modified":"2016-04-14T17:40:24","modified_gmt":"2016-04-14T16:40:24","slug":"code-of-practice","status":"publish","type":"page","link":"https:\/\/foi.gov.ie\/ga\/code-of-practice\/","title":{"rendered":"C\u00f3d Cleachtais"},"content":{"rendered":"<p>Foils\u00edonn an tAire Caiteachais Phoibl\u00ed agus Athch\u00f3irithe an C\u00f3d Cleachtais de r\u00e9ir Alt 48 den Acht um SF 2014.<\/p>\n<p>Fola\u00edtear in Alt 48 chomh maith gur f\u00e9idir leis an Aire treoirl\u00ednte a fhorbairt agus a eisi\u00faint faoin gC\u00f3d; agus go mbeidh aird chu\u00ed ag comhlachta\u00ed poibl\u00ed ar an gC\u00f3d agus ar aon treoirl\u00ednte a dh\u00e9antar faoi i bhfeidhmi\u00fa aon fheidhme faoin reachta\u00edocht um SF.<\/p>\n<p>Leagtar amach cur chuige c\u00e9im ar ch\u00e9im sa Ch\u00f3d Cleachtais:<\/p>\n<ul>\n<li>lena chinnti\u00fa go bhfuil strucht\u00fair, taca\u00edochta\u00ed agus acmhainn\u00ed \u00e9ifeachtacha i bhfeidhm i gcomhlachta\u00ed poibl\u00ed chun forfheidhmi\u00fa SF a \u00e9asc\u00fa de r\u00e9ir an chleachtais is fearr;<\/li>\n<li>chun r\u00f3l ceannaireachta l\u00e1idir, saineolach agus \u00fadar\u00e1sach a bheith acu \u00e1 chleachtadh ag an Aonad Beartais L\u00e1ir um SF (CPU) sa Roinn Caiteachais Phoibl\u00ed agus Athch\u00f3irithe. Beidh s\u00e9 seo mar threoir, mar thaca\u00edocht, cuirfidh s\u00e9 eolas agus saineolas ar f\u00e1il lena chinnti\u00fa go bhfeidhm\u00edtear SF go h\u00e9ifeachtach agus go h\u00e9ifeacht\u00fail i gcomhlachta\u00ed poibl\u00ed;<\/li>\n<li>le tac\u00fa le gr\u00e9as\u00e1in um SF a chuireann bealach s\u00e1rmhaith ar f\u00e1il chun foghlaim agus saineolas a roinnt agus a chuideoidh le cur chuige ginear\u00e1lta a fhorbairt, agus chun dl\u00fathchaidreamh oibre a chruth\u00fa agus a chothabh\u00e1il idir iad agus an CPU um SF;<\/li>\n<li>chun n\u00f3sanna imeachta agus cleachtais a fheabhs\u00fa chun iarrth\u00f3ir\u00ed a \u00e9asc\u00fa agus chun comhl\u00edonadh ag comhlachta\u00ed poibl\u00ed leis an Acht a bhreisi\u00fa;<\/li>\n<li>chun treoir a chur ar f\u00e1il le tac\u00fa le leasanna \u00fas\u00e1ideora agus cinnteoir\u00ed chun dea-chleachtas agus comhsheasmhacht i bhforfheidhmi\u00fa an Achta a shl\u00e1n\u00fa;<\/li>\n<li>chun oili\u00faint mharthanach a chinnti\u00fa chun dea-chleachtas um SF a chothabh\u00e1il sna comhlachta\u00ed poibl\u00ed ar fad;<\/li>\n<li>chun treoir shoil\u00e9ir laistigh de chomhlachta\u00ed poibl\u00ed a chinnti\u00fa i nd\u00e1il le bainisti\u00fa taifead, lena n-\u00e1ir\u00edtear cruth\u00fa agus coinne\u00e1il agus scriosadh taifead mar ghn\u00e1thchleachtas, d\u2019fhonn cuidi\u00fa le haisghabh\u00e1il \u00e9ifeachtach faisn\u00e9ise; agus<\/li>\n<li>chun foilsi\u00fa r\u00e9amhghn\u00edomh faisn\u00e9is taobh amuigh de SF a chur chun cinn, mar ghn\u00e1thchleachtas<\/li>\n<\/ul>\n<p><strong>C\u00e1ip\u00e9is\u00ed beo iad seo agus leanfaidh an CPU \u00e1 n-athbhreithni\u00fa agus \u00e1 nuashonr\u00fa de r\u00e9ir forbairt\u00ed um SF go n\u00e1isi\u00fanta.<\/strong><\/p>\n<p>T\u00e1 l\u00e1mhleabhair sa rann\u00e1n seo a cuireadh i dtoll a ch\u00e9ile faoin gC\u00f3d Cleachtais chun an cleachtas is fear a chur chun cinn agus ba cheart f\u00e9achaint orthu i gcomhthr\u00e1th leis an gC\u00f3d.<\/p>\n<p><strong>C\u00e1ip\u00e9is\u00ed beo iad seo agus leanfaidh an CPU \u00e1 n-athbhreithni\u00fa agus \u00e1 nuashonr\u00fa de r\u00e9ir forbairt\u00ed um SF go n\u00e1isi\u00fanta.<\/strong><\/p>\n<p><div class='w3eden'>                 <div class=\"panel panel-default category-panel \">\n                   <div class=\"panel-body\">\n                   <div class=\"media\">                    \n                   <div class=\"media-body\">\n                   <h3 style=\"margin: 0\">Codes of Practice<\/h3>\n                   \n                   <\/div>\n                   <\/div>\n                   <\/div>\n                   <div class=\"panel-footer\">\n                   \n                   <div class=\"btn-group btn-group-sm pull-right\"><button type=\"button\" class=\"btn btn-info\" disabled=\"disabled\">Order &nbsp;<\/button><a class=\"btn btn-primary\" href=\"https:\/\/foi.gov.ie\/ga\/download\/foi-code-of-practice\/?orderby=create_date&order=asc\">Asc<\/a><a class=\"btn btn-primary\" href=\"https:\/\/foi.gov.ie\/ga\/download\/foi-code-of-practice\/?orderby=create_date&order=desc\">Desc<\/a><\/div>                         \n                   <div class=\"btn-group btn-group-sm\"><button type=\"button\" class=\"btn btn-info\" disabled=\"disabled\">Order By &nbsp;<\/button><a class=\"btn btn-info\" href=\"https:\/\/foi.gov.ie\/ga\/download\/foi-code-of-practice\/?orderby=title&order=asc\">Title<\/a><a class=\"btn btn-info\" href=\"https:\/\/foi.gov.ie\/ga\/download\/foi-code-of-practice\/?orderby=publish_date&order=desc\">Publish Date<\/a><\/div>                         \n                    \n                   <\/div>\n                   <\/div><div class='row'><div class='col-md-12 col-sm-12 col-xs-12'><!-- WPDM Link Template: Call to Action 3 -->\n\n<div class=\"well c2a3\">\n    <div class=\"media\">\n        <div class=\"pull-left\" align=\"left\">\n            <img class=\"wpdm_icon\" alt=\"Icon\"   src=\"https:\/\/foi.gov.ie\/wp-content\/plugins\/download-manager\/assets\/file-type-icons\/docx.png\" \/>\n        <\/div>\n        <div class=\"pull-right\" align=\"right\">\n            <a class='wpdm-download-link [btnclass]' rel='nofollow' href='#' onclick=\"location.href='https:\/\/foi.gov.ie\/ga\/download\/foi-code-of-practice\/?wpdmdl=1247';return false;\">Download<\/a>\n        <\/div>\n\n        <div class=\"media-body\">\n            <h3 class=\"media-heading\" style=\"padding-top: 0px;border:0px;margin: 0 0 5px 0;font-size:12pt;\"><a style=\"font-weight: 700\" href=\"https:\/\/foi.gov.ie\/ga\/download\/foi-code-of-practice\/\">FOI Code of Practice<\/a> <span style=\"margin-left:30px;font-size:8pt;font-weight:300\"><i style=\"margin: 2px 0 0 5px;opacity:0.5\" class=\"fa fa-th-large\"><\/i> 305.50 KB <i style=\"margin: 2px 0 0 5px;opacity:0.5\" class=\"fa fa-download\"><\/i> 13175 downloads<\/span><\/h3>\n            ...\n        <\/div>\n\n    <\/div>\n\n<\/div>\n<style>.well.c2a3 .btn.wpdm-download-link{ padding: 11px 30px;font-size: 11pt; } .well.c2a3 .media-body{ font-size: 11pt; } .well.c2a3 .wpdm_icon{ height: 42px; width: auto; } .well.c2a3 .wpdm-download-link img{ max-width: 150px; box-shadow: none }<\/style><\/div><\/div><div style='clear:both'><\/div><div class='text-center'><ul  class=\"pagination pagination-centered\"><\/ul><\/div>\n<div style='clear:both'><\/div><div style='clear:both'><\/div><\/div><\/p>","protected":false},"excerpt":{"rendered":"<p>Foils\u00edonn an tAire Caiteachais Phoibl\u00ed agus Athch\u00f3irithe an C\u00f3d Cleachtais de r\u00e9ir Alt 48 den Acht um SF 2014. Fola\u00edtear in Alt 48 chomh maith gur f\u00e9idir leis an Aire treoirl\u00ednte a fhorbairt agus a eisi\u00faint faoin gC\u00f3d; agus go mbeidh aird chu\u00ed ag comhlachta\u00ed poibl\u00ed ar an gC\u00f3d agus ar aon treoirl\u00ednte a dh\u00e9antar &hellip; <a href=\"https:\/\/foi.gov.ie\/ga\/download\/foi-code-of-practice\/\" class=\"more-link\">Continue reading <span class=\"screen-reader-text\">FOI Code of Practice<\/span> <span class=\"meta-nav\">&rarr;<\/span><\/a><\/p>\n","protected":false},"author":1973,"featured_media":0,"parent":0,"menu_order":90,"comment_status":"closed","ping_status":"closed","template":"","meta":[],"acf":[],"_links":{"self":[{"href":"https:\/\/foi.gov.ie\/ga\/wp-json\/wp\/v2\/pages\/1234"}],"collection":[{"href":"https:\/\/foi.gov.ie\/ga\/wp-json\/wp\/v2\/pages"}],"about":[{"href":"https:\/\/foi.gov.ie\/ga\/wp-json\/wp\/v2\/types\/page"}],"author":[{"embeddable":true,"href":"https:\/\/foi.gov.ie\/ga\/wp-json\/wp\/v2\/users\/1973"}],"replies":[{"embeddable":true,"href":"https:\/\/foi.gov.ie\/ga\/wp-json\/wp\/v2\/comments?post=1234"}],"version-history":[{"count":16,"href":"https:\/\/foi.gov.ie\/ga\/wp-json\/wp\/v2\/pages\/1234\/revisions"}],"predecessor-version":[{"id":2412,"href":"https:\/\/foi.gov.ie\/ga\/wp-json\/wp\/v2\/pages\/1234\/revisions\/2412"}],"wp:attachment":[{"href":"https:\/\/foi.gov.ie\/ga\/wp-json\/wp\/v2\/media?parent=1234"}],"curies":[{"name":"wp","href":"https:\/\/api.w.org\/{rel}","templated":true}]}}