{"id":1237,"date":"2014-12-09T15:15:14","date_gmt":"2014-12-09T15:15:14","guid":{"rendered":"http:\/\/foi.gov.ie\/?page_id=1237"},"modified":"2016-04-12T14:39:55","modified_gmt":"2016-04-12T13:39:55","slug":"sample-letters","status":"publish","type":"page","link":"https:\/\/foi.gov.ie\/ga\/guidance\/sample-letters\/","title":{"rendered":"Litreacha Samplacha"},"content":{"rendered":"<p>Sa Rann\u00f3g seo, t\u00e1 teacht ar ghn\u00e1thlitreacha teimpl\u00e9id samplacha a chuir L\u00e1r-Aonad Beartas an FOI le ch\u00e9ile. T\u00e1 na gn\u00e1thlitreacha teimpl\u00e9id samplacha seo ag teacht leis an reachta\u00edocht agus t\u00e1 siad ar f\u00e1il le cuidi\u00fa le comhlachta\u00ed poibl\u00ed freagra a thabhairt ar iarrata\u00ed.\u00a0 Is f\u00e9idir le comhlachta\u00ed poibl\u00ed aonair leas\u00fa a dh\u00e9anamh ar na litreacha teimpl\u00e9id mar fhreagra ar ch\u00e1sanna sonracha.\u00a0 N\u00ed m\u00f3r sleachta \u00e1bhartha den Acht FOI ar a bhfuil lucht d\u00e9anta cinnt\u00ed ag brath a thabhairt i litreacha a bheadh ag tabhairt freagra ar iarrata\u00ed chomh maith le cearta achomhairc an iarrth\u00f3ra a bheith m\u00ednithe go beacht.<\/p>\n<p>C\u00e9 go gcuid\u00edonn an leagan amach caighde\u00e1nach seo le comhlean\u00fanachas sna freagra\u00ed, n\u00ed hionann sin is a r\u00e1 go bhfuil taca reacht\u00fail ag baint leo.<\/p>\n<hr \/>\n<p><div class='w3eden'>                 <div class=\"panel panel-default category-panel \">\n                   <div class=\"panel-body\">\n                   <div class=\"media\">                    \n                   <div class=\"media-body\">\n                   <h3 style=\"margin: 0\">Sample Letters<\/h3>\n                   \n                   <\/div>\n                   <\/div>\n                   <\/div>\n                   <div class=\"panel-footer\">\n                   \n                   <div class=\"btn-group btn-group-sm pull-right\"><button type=\"button\" class=\"btn btn-info\" disabled=\"disabled\">Order &nbsp;<\/button><a class=\"btn btn-primary\" href=\"https:\/\/foi.gov.ie\/ga\/download\/letter-10-request-for-search\/?orderby=create_date&order=asc\">Asc<\/a><a class=\"btn btn-primary\" href=\"https:\/\/foi.gov.ie\/ga\/download\/letter-10-request-for-search\/?orderby=create_date&order=desc\">Desc<\/a><\/div>                         \n                   <div class=\"btn-group btn-group-sm\"><button type=\"button\" class=\"btn btn-info\" disabled=\"disabled\">Order By &nbsp;<\/button><a class=\"btn btn-info\" href=\"https:\/\/foi.gov.ie\/ga\/download\/letter-10-request-for-search\/?orderby=title&order=asc\">Title<\/a><a class=\"btn btn-info\" href=\"https:\/\/foi.gov.ie\/ga\/download\/letter-10-request-for-search\/?orderby=publish_date&order=desc\">Publish Date<\/a><\/div>                         \n                    \n                   <\/div>\n                   <\/div><div class='row'><div class='col-md-12 col-sm-12 col-xs-12'><!-- WPDM Link Template: Call to Action 3 -->\n\n<div class=\"well c2a3\">\n    <div class=\"media\">\n        <div class=\"pull-left\" align=\"left\">\n            <img class=\"wpdm_icon\" alt=\"Icon\"   src=\"https:\/\/foi.gov.ie\/wp-content\/plugins\/download-manager\/assets\/file-type-icons\/doc.png\" \/>\n        <\/div>\n        <div class=\"pull-right\" align=\"right\">\n            <a class='wpdm-download-link [btnclass]' rel='nofollow' href='#' onclick=\"location.href='https:\/\/foi.gov.ie\/ga\/download\/letter-1-insufficient-particulars-given-by-the-requester-for-non-personal-records-and-offer-to-assist\/?wpdmdl=1195';return false;\">Download<\/a>\n        <\/div>\n\n        <div class=\"media-body\">\n            <h3 class=\"media-heading\" style=\"padding-top: 0px;border:0px;margin: 0 0 5px 0;font-size:12pt;\"><a style=\"font-weight: 700\" href=\"https:\/\/foi.gov.ie\/ga\/download\/letter-1-insufficient-particulars-given-by-the-requester-for-non-personal-records-and-offer-to-assist\/\">Letter 1 - Insufficient particulars given by the requester for non-personal records and offer to assist<\/a> <span style=\"margin-left:30px;font-size:8pt;font-weight:300\"><i style=\"margin: 2px 0 0 5px;opacity:0.5\" class=\"fa fa-th-large\"><\/i> 149.50 KB <i style=\"margin: 2px 0 0 5px;opacity:0.5\" class=\"fa fa-download\"><\/i> 6944 downloads<\/span><\/h3>\n            ...\n        <\/div>\n\n    <\/div>\n\n<\/div>\n<style>.well.c2a3 .btn.wpdm-download-link{ padding: 11px 30px;font-size: 11pt; } .well.c2a3 .media-body{ font-size: 11pt; } .well.c2a3 .wpdm_icon{ height: 42px; width: auto; } .well.c2a3 .wpdm-download-link img{ max-width: 150px; box-shadow: none }<\/style><\/div><div class='col-md-12 col-sm-12 col-xs-12'><!-- WPDM Link Template: Call to Action 3 -->\n\n<div class=\"well c2a3\">\n    <div class=\"media\">\n        <div class=\"pull-left\" align=\"left\">\n            <img class=\"wpdm_icon\" alt=\"Icon\"   src=\"https:\/\/foi.gov.ie\/wp-content\/plugins\/download-manager\/assets\/file-type-icons\/doc.png\" \/>\n        <\/div>\n        <div class=\"pull-right\" align=\"right\">\n            <a class='wpdm-download-link [btnclass]' rel='nofollow' href='#' onclick=\"location.href='https:\/\/foi.gov.ie\/ga\/download\/letter-2-insufficient-particulars-given-by-the-requester-for-personal-records-and-offer-to-assist\/?wpdmdl=1197';return false;\">Download<\/a>\n        <\/div>\n\n        <div class=\"media-body\">\n            <h3 class=\"media-heading\" style=\"padding-top: 0px;border:0px;margin: 0 0 5px 0;font-size:12pt;\"><a style=\"font-weight: 700\" href=\"https:\/\/foi.gov.ie\/ga\/download\/letter-2-insufficient-particulars-given-by-the-requester-for-personal-records-and-offer-to-assist\/\">Letter 2 - Insufficient particulars given by the requester for personal records and offer to assist<\/a> <span style=\"margin-left:30px;font-size:8pt;font-weight:300\"><i style=\"margin: 2px 0 0 5px;opacity:0.5\" class=\"fa fa-th-large\"><\/i> 149.50 KB <i style=\"margin: 2px 0 0 5px;opacity:0.5\" class=\"fa fa-download\"><\/i> 3336 downloads<\/span><\/h3>\n            ...\n        <\/div>\n\n    <\/div>\n\n<\/div>\n<style>.well.c2a3 .btn.wpdm-download-link{ padding: 11px 30px;font-size: 11pt; } .well.c2a3 .media-body{ font-size: 11pt; } .well.c2a3 .wpdm_icon{ height: 42px; width: auto; } .well.c2a3 .wpdm-download-link img{ max-width: 150px; box-shadow: none }<\/style><\/div><div class='col-md-12 col-sm-12 col-xs-12'><!-- WPDM Link Template: Call to Action 3 -->\n\n<div class=\"well c2a3\">\n    <div class=\"media\">\n        <div class=\"pull-left\" align=\"left\">\n            <img class=\"wpdm_icon\" alt=\"Icon\"   src=\"https:\/\/foi.gov.ie\/wp-content\/plugins\/download-manager\/assets\/file-type-icons\/doc.png\" \/>\n        <\/div>\n        <div class=\"pull-right\" align=\"right\">\n            <a class='wpdm-download-link [btnclass]' rel='nofollow' href='#' onclick=\"location.href='https:\/\/foi.gov.ie\/ga\/download\/letter-3-insufficient-or-no-evidence-of-relationship-to-the-person-to-whom-the-records-relate-and-offer-to-assist\/?wpdmdl=1199';return false;\">Download<\/a>\n        <\/div>\n\n        <div class=\"media-body\">\n            <h3 class=\"media-heading\" style=\"padding-top: 0px;border:0px;margin: 0 0 5px 0;font-size:12pt;\"><a style=\"font-weight: 700\" href=\"https:\/\/foi.gov.ie\/ga\/download\/letter-3-insufficient-or-no-evidence-of-relationship-to-the-person-to-whom-the-records-relate-and-offer-to-assist\/\">Letter 3 \u2013 Insufficient or no evidence of relationship to the person to whom the records relate and offer to assist<\/a> <span style=\"margin-left:30px;font-size:8pt;font-weight:300\"><i style=\"margin: 2px 0 0 5px;opacity:0.5\" class=\"fa fa-th-large\"><\/i> 155.50 KB <i style=\"margin: 2px 0 0 5px;opacity:0.5\" class=\"fa fa-download\"><\/i> 1872 downloads<\/span><\/h3>\n            ...\n        <\/div>\n\n    <\/div>\n\n<\/div>\n<style>.well.c2a3 .btn.wpdm-download-link{ padding: 11px 30px;font-size: 11pt; } .well.c2a3 .media-body{ font-size: 11pt; } .well.c2a3 .wpdm_icon{ height: 42px; width: auto; } .well.c2a3 .wpdm-download-link img{ max-width: 150px; box-shadow: none }<\/style><\/div><div class='col-md-12 col-sm-12 col-xs-12'><!-- WPDM Link Template: Call to Action 3 -->\n\n<div class=\"well c2a3\">\n    <div class=\"media\">\n        <div class=\"pull-left\" align=\"left\">\n            <img class=\"wpdm_icon\" alt=\"Icon\"   src=\"https:\/\/foi.gov.ie\/wp-content\/plugins\/download-manager\/assets\/file-type-icons\/doc.png\" \/>\n        <\/div>\n        <div class=\"pull-right\" align=\"right\">\n            <a class='wpdm-download-link [btnclass]' rel='nofollow' href='#' onclick=\"location.href='https:\/\/foi.gov.ie\/ga\/download\/letter-4-no-evidence-of-authorisation-from-the-person-to-whom-the-records-relate-and-offer-to-assist\/?wpdmdl=1200';return false;\">Download<\/a>\n        <\/div>\n\n        <div class=\"media-body\">\n            <h3 class=\"media-heading\" style=\"padding-top: 0px;border:0px;margin: 0 0 5px 0;font-size:12pt;\"><a style=\"font-weight: 700\" href=\"https:\/\/foi.gov.ie\/ga\/download\/letter-4-no-evidence-of-authorisation-from-the-person-to-whom-the-records-relate-and-offer-to-assist\/\">Letter 4 \u2013 No evidence of authorisation from the person to whom the records relate and offer to assist<\/a> <span style=\"margin-left:30px;font-size:8pt;font-weight:300\"><i style=\"margin: 2px 0 0 5px;opacity:0.5\" class=\"fa fa-th-large\"><\/i> 155.00 KB <i style=\"margin: 2px 0 0 5px;opacity:0.5\" class=\"fa fa-download\"><\/i> 1689 downloads<\/span><\/h3>\n            ...\n        <\/div>\n\n    <\/div>\n\n<\/div>\n<style>.well.c2a3 .btn.wpdm-download-link{ padding: 11px 30px;font-size: 11pt; } .well.c2a3 .media-body{ font-size: 11pt; } .well.c2a3 .wpdm_icon{ height: 42px; width: auto; } .well.c2a3 .wpdm-download-link img{ max-width: 150px; box-shadow: none }<\/style><\/div><div class='col-md-12 col-sm-12 col-xs-12'><!-- WPDM Link Template: Call to Action 3 -->\n\n<div class=\"well c2a3\">\n    <div class=\"media\">\n        <div class=\"pull-left\" align=\"left\">\n            <img class=\"wpdm_icon\" alt=\"Icon\"   src=\"https:\/\/foi.gov.ie\/wp-content\/plugins\/download-manager\/assets\/file-type-icons\/doc.png\" \/>\n        <\/div>\n        <div class=\"pull-right\" align=\"right\">\n            <a class='wpdm-download-link [btnclass]' rel='nofollow' href='#' onclick=\"location.href='https:\/\/foi.gov.ie\/ga\/download\/letter-5-insufficient-evidence-of-authorisation-in-certain-circumstances-and-offer-to-assist\/?wpdmdl=1201';return false;\">Download<\/a>\n        <\/div>\n\n        <div class=\"media-body\">\n            <h3 class=\"media-heading\" style=\"padding-top: 0px;border:0px;margin: 0 0 5px 0;font-size:12pt;\"><a style=\"font-weight: 700\" href=\"https:\/\/foi.gov.ie\/ga\/download\/letter-5-insufficient-evidence-of-authorisation-in-certain-circumstances-and-offer-to-assist\/\">Letter 5 \u2013 Insufficient evidence of authorisation in certain circumstances and offer to assist<\/a> <span style=\"margin-left:30px;font-size:8pt;font-weight:300\"><i style=\"margin: 2px 0 0 5px;opacity:0.5\" class=\"fa fa-th-large\"><\/i> 156.00 KB <i style=\"margin: 2px 0 0 5px;opacity:0.5\" class=\"fa fa-download\"><\/i> 1315 downloads<\/span><\/h3>\n            ...\n        <\/div>\n\n    <\/div>\n\n<\/div>\n<style>.well.c2a3 .btn.wpdm-download-link{ padding: 11px 30px;font-size: 11pt; } .well.c2a3 .media-body{ font-size: 11pt; } .well.c2a3 .wpdm_icon{ height: 42px; width: auto; } .well.c2a3 .wpdm-download-link img{ max-width: 150px; box-shadow: none }<\/style><\/div><div class='col-md-12 col-sm-12 col-xs-12'><!-- WPDM Link Template: Call to Action 3 -->\n\n<div class=\"well c2a3\">\n    <div class=\"media\">\n        <div class=\"pull-left\" align=\"left\">\n            <img class=\"wpdm_icon\" alt=\"Icon\"   src=\"https:\/\/foi.gov.ie\/wp-content\/plugins\/download-manager\/assets\/file-type-icons\/doc.png\" \/>\n        <\/div>\n        <div class=\"pull-right\" align=\"right\">\n            <a class='wpdm-download-link [btnclass]' rel='nofollow' href='#' onclick=\"location.href='https:\/\/foi.gov.ie\/ga\/download\/letter-6-acknowledgement-of-foi-request\/?wpdmdl=1202';return false;\">Download<\/a>\n        <\/div>\n\n        <div class=\"media-body\">\n            <h3 class=\"media-heading\" style=\"padding-top: 0px;border:0px;margin: 0 0 5px 0;font-size:12pt;\"><a style=\"font-weight: 700\" href=\"https:\/\/foi.gov.ie\/ga\/download\/letter-6-acknowledgement-of-foi-request\/\">Letter 6 - Acknowledgement of FOI request<\/a> <span style=\"margin-left:30px;font-size:8pt;font-weight:300\"><i style=\"margin: 2px 0 0 5px;opacity:0.5\" class=\"fa fa-th-large\"><\/i> 150.50 KB <i style=\"margin: 2px 0 0 5px;opacity:0.5\" class=\"fa fa-download\"><\/i> 6193 downloads<\/span><\/h3>\n            ...\n        <\/div>\n\n    <\/div>\n\n<\/div>\n<style>.well.c2a3 .btn.wpdm-download-link{ padding: 11px 30px;font-size: 11pt; } .well.c2a3 .media-body{ font-size: 11pt; } .well.c2a3 .wpdm_icon{ height: 42px; width: auto; } .well.c2a3 .wpdm-download-link img{ max-width: 150px; box-shadow: none }<\/style><\/div><div class='col-md-12 col-sm-12 col-xs-12'><!-- WPDM Link Template: Call to Action 3 -->\n\n<div class=\"well c2a3\">\n    <div class=\"media\">\n        <div class=\"pull-left\" align=\"left\">\n            <img class=\"wpdm_icon\" alt=\"Icon\"   src=\"https:\/\/foi.gov.ie\/wp-content\/plugins\/download-manager\/assets\/file-type-icons\/doc.png\" \/>\n        <\/div>\n        <div class=\"pull-right\" align=\"right\">\n            <a class='wpdm-download-link [btnclass]' rel='nofollow' href='#' onclick=\"location.href='https:\/\/foi.gov.ie\/ga\/download\/letter-7-acknowledgement-of-foi-request-part-held-by-others\/?wpdmdl=1203';return false;\">Download<\/a>\n        <\/div>\n\n        <div class=\"media-body\">\n            <h3 class=\"media-heading\" style=\"padding-top: 0px;border:0px;margin: 0 0 5px 0;font-size:12pt;\"><a style=\"font-weight: 700\" href=\"https:\/\/foi.gov.ie\/ga\/download\/letter-7-acknowledgement-of-foi-request-part-held-by-others\/\">Letter 7 - Acknowledgement of FOI request - part held by others<\/a> <span style=\"margin-left:30px;font-size:8pt;font-weight:300\"><i style=\"margin: 2px 0 0 5px;opacity:0.5\" class=\"fa fa-th-large\"><\/i> 151.50 KB <i style=\"margin: 2px 0 0 5px;opacity:0.5\" class=\"fa fa-download\"><\/i> 1740 downloads<\/span><\/h3>\n            ...\n        <\/div>\n\n    <\/div>\n\n<\/div>\n<style>.well.c2a3 .btn.wpdm-download-link{ padding: 11px 30px;font-size: 11pt; } .well.c2a3 .media-body{ font-size: 11pt; } .well.c2a3 .wpdm_icon{ height: 42px; width: auto; } .well.c2a3 .wpdm-download-link img{ max-width: 150px; box-shadow: none }<\/style><\/div><div class='col-md-12 col-sm-12 col-xs-12'><!-- WPDM Link Template: Call to Action 3 -->\n\n<div class=\"well c2a3\">\n    <div class=\"media\">\n        <div class=\"pull-left\" align=\"left\">\n            <img class=\"wpdm_icon\" alt=\"Icon\"   src=\"https:\/\/foi.gov.ie\/wp-content\/plugins\/download-manager\/assets\/file-type-icons\/doc.png\" \/>\n        <\/div>\n        <div class=\"pull-right\" align=\"right\">\n            <a class='wpdm-download-link [btnclass]' rel='nofollow' href='#' onclick=\"location.href='https:\/\/foi.gov.ie\/ga\/download\/letter-8-notice-of-transfer-of-foi-request\/?wpdmdl=1204';return false;\">Download<\/a>\n        <\/div>\n\n        <div class=\"media-body\">\n            <h3 class=\"media-heading\" style=\"padding-top: 0px;border:0px;margin: 0 0 5px 0;font-size:12pt;\"><a style=\"font-weight: 700\" href=\"https:\/\/foi.gov.ie\/ga\/download\/letter-8-notice-of-transfer-of-foi-request\/\">Letter 8 - Notice of transfer of FOI request<\/a> <span style=\"margin-left:30px;font-size:8pt;font-weight:300\"><i style=\"margin: 2px 0 0 5px;opacity:0.5\" class=\"fa fa-th-large\"><\/i> 146.00 KB <i style=\"margin: 2px 0 0 5px;opacity:0.5\" class=\"fa fa-download\"><\/i> 1882 downloads<\/span><\/h3>\n            ...\n        <\/div>\n\n    <\/div>\n\n<\/div>\n<style>.well.c2a3 .btn.wpdm-download-link{ padding: 11px 30px;font-size: 11pt; } .well.c2a3 .media-body{ font-size: 11pt; } .well.c2a3 .wpdm_icon{ height: 42px; width: auto; } .well.c2a3 .wpdm-download-link img{ max-width: 150px; box-shadow: none }<\/style><\/div><div class='col-md-12 col-sm-12 col-xs-12'><!-- WPDM Link Template: Call to Action 3 -->\n\n<div class=\"well c2a3\">\n    <div class=\"media\">\n        <div class=\"pull-left\" align=\"left\">\n            <img class=\"wpdm_icon\" alt=\"Icon\"   src=\"https:\/\/foi.gov.ie\/wp-content\/plugins\/download-manager\/assets\/file-type-icons\/doc.png\" \/>\n        <\/div>\n        <div class=\"pull-right\" align=\"right\">\n            <a class='wpdm-download-link [btnclass]' rel='nofollow' href='#' onclick=\"location.href='https:\/\/foi.gov.ie\/ga\/download\/letter-9-advice-letter-if-more-than-one-body-is-involved\/?wpdmdl=1205';return false;\">Download<\/a>\n        <\/div>\n\n        <div class=\"media-body\">\n            <h3 class=\"media-heading\" style=\"padding-top: 0px;border:0px;margin: 0 0 5px 0;font-size:12pt;\"><a style=\"font-weight: 700\" href=\"https:\/\/foi.gov.ie\/ga\/download\/letter-9-advice-letter-if-more-than-one-body-is-involved\/\">Letter 9 - Advice letter if more than one body is involved<\/a> <span style=\"margin-left:30px;font-size:8pt;font-weight:300\"><i style=\"margin: 2px 0 0 5px;opacity:0.5\" class=\"fa fa-th-large\"><\/i> 146.50 KB <i style=\"margin: 2px 0 0 5px;opacity:0.5\" class=\"fa fa-download\"><\/i> 1701 downloads<\/span><\/h3>\n            ...\n        <\/div>\n\n    <\/div>\n\n<\/div>\n<style>.well.c2a3 .btn.wpdm-download-link{ padding: 11px 30px;font-size: 11pt; } .well.c2a3 .media-body{ font-size: 11pt; } .well.c2a3 .wpdm_icon{ height: 42px; width: auto; } .well.c2a3 .wpdm-download-link img{ max-width: 150px; box-shadow: none }<\/style><\/div><div class='col-md-12 col-sm-12 col-xs-12'><!-- WPDM Link Template: Call to Action 3 -->\n\n<div class=\"well c2a3\">\n    <div class=\"media\">\n        <div class=\"pull-left\" align=\"left\">\n            <img class=\"wpdm_icon\" alt=\"Icon\"   src=\"https:\/\/foi.gov.ie\/wp-content\/plugins\/download-manager\/assets\/file-type-icons\/doc.png\" \/>\n        <\/div>\n        <div class=\"pull-right\" align=\"right\">\n            <a class='wpdm-download-link [btnclass]' rel='nofollow' href='#' onclick=\"location.href='https:\/\/foi.gov.ie\/ga\/download\/letter-10-request-for-search\/?wpdmdl=1206';return false;\">Download<\/a>\n        <\/div>\n\n        <div class=\"media-body\">\n            <h3 class=\"media-heading\" style=\"padding-top: 0px;border:0px;margin: 0 0 5px 0;font-size:12pt;\"><a style=\"font-weight: 700\" href=\"https:\/\/foi.gov.ie\/ga\/download\/letter-10-request-for-search\/\">Letter 10 - Request for search<\/a> <span style=\"margin-left:30px;font-size:8pt;font-weight:300\"><i style=\"margin: 2px 0 0 5px;opacity:0.5\" class=\"fa fa-th-large\"><\/i> 147.00 KB <i style=\"margin: 2px 0 0 5px;opacity:0.5\" class=\"fa fa-download\"><\/i> 5935 downloads<\/span><\/h3>\n            ...\n        <\/div>\n\n    <\/div>\n\n<\/div>\n<style>.well.c2a3 .btn.wpdm-download-link{ padding: 11px 30px;font-size: 11pt; } .well.c2a3 .media-body{ font-size: 11pt; } .well.c2a3 .wpdm_icon{ height: 42px; width: auto; } .well.c2a3 .wpdm-download-link img{ max-width: 150px; box-shadow: none }<\/style><\/div><\/div><div style='clear:both'><\/div><div class='text-center'><ul  class=\"pagination pagination-centered\"><li><a class=\"disabled\">&#9668;<\/a><\/li><li class=\"active\"><a class=\"current\">1<\/a><\/li><li><a href=\"\/ga\/wp-json\/wp\/v2\/pages\/1237?&cp_sample-letters=2\" rel='Com'>2<\/a><\/li><li><a href=\"\/ga\/wp-json\/wp\/v2\/pages\/1237?&cp_sample-letters=3\" rel='Com'>3<\/a><\/li><li><a href=\"\/ga\/wp-json\/wp\/v2\/pages\/1237?&cp_sample-letters=4\" rel='Com'>4<\/a><\/li><li><a href=\"\/ga\/wp-json\/wp\/v2\/pages\/1237?&cp_sample-letters=2\" class=\"next\" rel='Com'>&#9658;<\/a><\/li><\/ul><\/div>\n<div style='clear:both'><\/div><div style='clear:both'><\/div><\/div><\/p>","protected":false},"excerpt":{"rendered":"<p>Sa Rann\u00f3g seo, t\u00e1 teacht ar ghn\u00e1thlitreacha teimpl\u00e9id samplacha a chuir L\u00e1r-Aonad Beartas an FOI le ch\u00e9ile. T\u00e1 na gn\u00e1thlitreacha teimpl\u00e9id samplacha seo ag teacht leis an reachta\u00edocht agus t\u00e1 siad ar f\u00e1il le cuidi\u00fa le comhlachta\u00ed poibl\u00ed freagra a thabhairt ar iarrata\u00ed.\u00a0 Is f\u00e9idir le comhlachta\u00ed poibl\u00ed aonair leas\u00fa a dh\u00e9anamh ar na litreacha &hellip; <a href=\"https:\/\/foi.gov.ie\/ga\/download\/letter-10-request-for-search\/\" class=\"more-link\">Continue reading <span class=\"screen-reader-text\">Letter 10 &#8211; Request for search<\/span> <span class=\"meta-nav\">&rarr;<\/span><\/a><\/p>\n","protected":false},"author":1973,"featured_media":0,"parent":9,"menu_order":91,"comment_status":"closed","ping_status":"closed","template":"","meta":[],"acf":[],"_links":{"self":[{"href":"https:\/\/foi.gov.ie\/ga\/wp-json\/wp\/v2\/pages\/1237"}],"collection":[{"href":"https:\/\/foi.gov.ie\/ga\/wp-json\/wp\/v2\/pages"}],"about":[{"href":"https:\/\/foi.gov.ie\/ga\/wp-json\/wp\/v2\/types\/page"}],"author":[{"embeddable":true,"href":"https:\/\/foi.gov.ie\/ga\/wp-json\/wp\/v2\/users\/1973"}],"replies":[{"embeddable":true,"href":"https:\/\/foi.gov.ie\/ga\/wp-json\/wp\/v2\/comments?post=1237"}],"version-history":[{"count":10,"href":"https:\/\/foi.gov.ie\/ga\/wp-json\/wp\/v2\/pages\/1237\/revisions"}],"predecessor-version":[{"id":4900,"href":"https:\/\/foi.gov.ie\/ga\/wp-json\/wp\/v2\/pages\/1237\/revisions\/4900"}],"up":[{"embeddable":true,"href":"https:\/\/foi.gov.ie\/ga\/wp-json\/wp\/v2\/pages\/9"}],"wp:attachment":[{"href":"https:\/\/foi.gov.ie\/ga\/wp-json\/wp\/v2\/media?parent=1237"}],"curies":[{"name":"wp","href":"https:\/\/api.w.org\/{rel}","templated":true}]}}