{"id":1274,"date":"2014-12-12T09:44:37","date_gmt":"2014-12-12T09:44:37","guid":{"rendered":"http:\/\/foi.gov.ie\/?page_id=1274"},"modified":"2016-09-08T12:09:03","modified_gmt":"2016-09-08T11:09:03","slug":"what-bodies-are-covered-by-foi","status":"publish","type":"page","link":"https:\/\/foi.gov.ie\/ga\/faqs\/what-bodies-are-covered-by-foi\/","title":{"rendered":"C\u00e9 na Comhlachta\u00ed a Thagann Faoi Sc\u00e1th SF?"},"content":{"rendered":"<p>Faoin Acht um Saor\u00e1il Faisn\u00e9ise 2014, tagann gach comhlacht a thagann faoi sc\u00e1th an tsainmh\u00ednithe in Alt 6(1) an Acht faoi r\u00e9ir SF, mura bhfuil d\u00edol\u00faine i bhfeidhm go sonrach, go hioml\u00e1n n\u00f3 i bp\u00e1irt, faoi Alt 42 n\u00f3 i Sceideal 1 leis an Acht. Seo a leanas an sainmh\u00edni\u00fa:<\/p>\n<ol start=\"6\">\n<li><strong><em> (1) Subject to this section, each of the following shall be a public body for the purposes of this Act:<\/em><\/strong><\/li>\n<\/ol>\n<p><em>(a) a Department of State;<\/em><\/p>\n<p><em>(b) an entity established by or under any enactment (other than the Companies Acts);<\/em><\/p>\n<p><em>(c) any other entity established (other than under the Companies Acts) or appointed by the Government or a Minister of the Government, including an entity established (other than under the Companies Acts) by a Minister of the Government under any scheme;<\/em><\/p>\n<p><em>(d) a company (within the meaning of the Companies Acts) a majority of the shares in which are held by or on behalf of a Minister of the Government;<\/em><\/p>\n<p><em>(e) a subsidiary (within the meaning of the Companies Acts) of a company to which paragraph (d) relates;<\/em><\/p>\n<p><em>(f) an entity (other than a subsidiary to which paragraph (e) relates) that is directly or indirectly controlled by an entity to which paragraph (b), (c), (d) or (e) relates;<\/em><\/p>\n<p><em>(g) a higher education institution in receipt of public funding;<\/em><\/p>\n<p><em>(h) notwithstanding the repeal of the Act of 1997 by section 5 , and subject to this Act, any entity that was a public body (including bodies or elements of bodies prescribed as such) within the meaning of the Act of 1997 on the enactment of this Act.<\/em><\/p>\n<p>Seo a leanas na cine\u00e1lacha comhlachta\u00ed a thagann, go hioml\u00e1n n\u00f3 i bp\u00e1irt, faoi sc\u00e1th SF faoin Acht:<\/p>\n<ul>\n<li>Ranna Rialtais agus gn\u00edomhaireachta\u00ed a thagann faoi choimirce Ranna Rialtais, mar shampla an Bord Iascaigh Mhara faoin Roinn Talmha\u00edochta, Bia agus Mara, an t\u00dadar\u00e1s um Ardoideachas faoin Roinn Oideachais agus Scileanna agus an Ghn\u00edomhaireacht um Chaomhn\u00fa Comhshaoil faoin Roinn Comhshaoil, Pobail agus Rialtais \u00c1iti\u00fail<\/li>\n<li>An Garda S\u00edoch\u00e1na<\/li>\n<li>\u00dadar\u00e1is \u00c1iti\u00fala<\/li>\n<li>Boird Oideachais agus Oili\u00fana<\/li>\n<li>Feidhmeannacht na Seirbh\u00edse Sl\u00e1inte<\/li>\n<li>Ospid\u00e9il Dheonacha<\/li>\n<li>Ollscoileanna agus forais ardoideachais eile<\/li>\n<li>Rial\u00e1laithe, mar shampla an Coimisi\u00fan um Rial\u00e1il Fuinnimh, an Coimisi\u00fan um Rial\u00e1il Cumars\u00e1ide<\/li>\n<li>Gn\u00edomhaireacht Bainist\u00edochta an Chiste\u00e1in N\u00e1isi\u00fanta agus fochomhlachta\u00ed d\u00e1 cuid<\/li>\n<li>Banc Ceannais na h\u00c9ireann<\/li>\n<li>Comhlachta\u00ed d\u00eddeanaithe agus lucht iarrtha tearmainn, mar shampla Oifig an Choimisin\u00e9ara Iarratas D\u00eddeanaithe agus an Bord Achomhairc i leith D\u00eddeanaithe;<\/li>\n<li>Comhlachta\u00ed Tr\u00e1cht\u00e1la St\u00e1it a oibr\u00edonn i margadh monaplachta, mar shampla Uisce \u00c9ireann, Iarnr\u00f3d \u00c9ireann agus feidhmeanna l\u00edonra fuinnimh an BSL, EirGrid agus Ervia.<\/li>\n<\/ul>\n<p>Sa chuid is m\u00f3 de na c\u00e1sanna, murar th\u00e1inig an comhlacht faoi sc\u00e1th SF faoi Acht SF na bliana 1997 agus go dtagann an comhlacht faoi SF faoi Acht na bliana 2014, t\u00e1 feidhm leis an Acht i leith an chomhlachta sin \u00f3n 14 Aibre\u00e1n 2015 n\u00f3 \u00f3n l\u00e1 is deireana\u00ed n\u00e1 sin, nach deireana\u00ed\u00a0n\u00e1 12 m\u00ed \u00f3na acht\u00fa, a leagann an tAire amach le hord\u00fa. Rinne an tAire Ord\u00fa an 25 M\u00e1rta 2015 (I.R.\u00a0103 de 2015) lena bhfor\u00e1iltear go dtagann An Garda S\u00edoch\u00e1na, Gaslink Independent Systems Operator Ltd (Bord Gais Networks mar a bh\u00edodh), EirGrid plc, ESB Networks Limited agus Iarnr\u00f3d \u00c9ireann faoi sc\u00e1th SF ar an 14 Deireadh F\u00f3mhair 2015, seachas an 14 Aibre\u00e1n 2015.<\/p>\n<p>For\u00e1iltear freisin faoin Acht SF, le hAlt 7, do SF a leathn\u00fa go dt\u00ed comhlachta\u00ed neamhphoibl\u00ed a nd\u00e9anann an St\u00e1t maoini\u00fa suntasach orthu. Beidh aon chomhlacht den s\u00f3rt sin a th\u00e1inig faoi sc\u00e1th SF faoi Acht na bliana 1997 faoi sc\u00e1th SF faoi Acht na bliana 2014 chomh maith. F\u00e9adfaidh an tAire, le hord\u00fa, a fhor\u00e1il in am tr\u00e1th go bhfuil feidhm le SF i leith chomhlachta\u00ed neamhphoibl\u00ed eile a nd\u00e9anann an St\u00e1t maoini\u00fa ar leibh\u00e9al suntasach orthu. Tabharfar sin chun aire ar an l\u00e1ithre\u00e1n gr\u00e9as\u00e1in seo.<\/p>","protected":false},"excerpt":{"rendered":"<p>Faoin Acht um Saor\u00e1il Faisn\u00e9ise 2014, tagann gach comhlacht a thagann faoi sc\u00e1th an tsainmh\u00ednithe in Alt 6(1) an Acht faoi r\u00e9ir SF, mura bhfuil d\u00edol\u00faine i bhfeidhm go sonrach, go hioml\u00e1n n\u00f3 i bp\u00e1irt, faoi Alt 42 n\u00f3 i Sceideal 1 leis an Acht. Seo a leanas an sainmh\u00edni\u00fa: (1) Subject to this section, &hellip; <a href=\"https:\/\/foi.gov.ie\/ga\/faqs\/what-bodies-are-covered-by-foi\/\" class=\"more-link\">Continue reading <span class=\"screen-reader-text\">C\u00e9 na Comhlachta\u00ed a Thagann Faoi Sc\u00e1th SF?<\/span> <span class=\"meta-nav\">&rarr;<\/span><\/a><\/p>\n","protected":false},"author":1973,"featured_media":0,"parent":202,"menu_order":74,"comment_status":"closed","ping_status":"closed","template":"","meta":[],"acf":[],"_links":{"self":[{"href":"https:\/\/foi.gov.ie\/ga\/wp-json\/wp\/v2\/pages\/1274"}],"collection":[{"href":"https:\/\/foi.gov.ie\/ga\/wp-json\/wp\/v2\/pages"}],"about":[{"href":"https:\/\/foi.gov.ie\/ga\/wp-json\/wp\/v2\/types\/page"}],"author":[{"embeddable":true,"href":"https:\/\/foi.gov.ie\/ga\/wp-json\/wp\/v2\/users\/1973"}],"replies":[{"embeddable":true,"href":"https:\/\/foi.gov.ie\/ga\/wp-json\/wp\/v2\/comments?post=1274"}],"version-history":[{"count":5,"href":"https:\/\/foi.gov.ie\/ga\/wp-json\/wp\/v2\/pages\/1274\/revisions"}],"predecessor-version":[{"id":3118,"href":"https:\/\/foi.gov.ie\/ga\/wp-json\/wp\/v2\/pages\/1274\/revisions\/3118"}],"up":[{"embeddable":true,"href":"https:\/\/foi.gov.ie\/ga\/wp-json\/wp\/v2\/pages\/202"}],"wp:attachment":[{"href":"https:\/\/foi.gov.ie\/ga\/wp-json\/wp\/v2\/media?parent=1274"}],"curies":[{"name":"wp","href":"https:\/\/api.w.org\/{rel}","templated":true}]}}