{"id":1415,"date":"2015-01-13T18:19:37","date_gmt":"2015-01-13T18:19:37","guid":{"rendered":"http:\/\/foi.gov.ie\/?page_id=1415"},"modified":"2016-04-11T10:17:58","modified_gmt":"2016-04-11T09:17:58","slug":"cpu-guidance-notices","status":"publish","type":"page","link":"https:\/\/foi.gov.ie\/ga\/guidance\/cpu-guidance-notices\/","title":{"rendered":"F\u00f3gra\u00ed Treorach CPU"},"content":{"rendered":"<p>Sa chuid seo t\u00e1 N\u00f3ta\u00ed Treorach a chuir L\u00e1r-Aonad Beartas FOI i dtoll a ch\u00e9ile faoin gC\u00f3d Cleachtais agus de r\u00e9ir an Achta um Shaor\u00e1il Faisn\u00e9ise 2014. N\u00ed c\u00e1ip\u00e9is\u00ed dl\u00ed iad na F\u00f3gra\u00ed seo ach go bhfuil siad ceaptha chun treoir a thabhairt do chomhlachta\u00ed FOI maidir le saincheisteanna \u00e9ags\u00fala a thiocfadh chun cinn nuair a bheadh iarrata\u00ed \u00e1 bpr\u00f3ise\u00e1il. Ba ch\u00f3ir na F\u00f3gra\u00ed Treorach seo a l\u00e9amh in \u00e9ineacht leis na L\u00e1mhleabhair maidir le hIarrata\u00ed FOI a phr\u00f3ise\u00e1il.<\/p>\n<p><strong>Is c\u00e1ip\u00e9is\u00ed beo iad seo a nd\u00e9anann an CPU iad a athbhreithni\u00fa agus a nuashonr\u00fa i gc\u00f3na\u00ed de r\u00e9ir forbairt\u00ed FOI ar fud na t\u00edre.<\/strong><\/p>\n<p>T\u00e1 f\u00f3gra\u00ed \u00e1 bhforbairt agus d\u00e9anfar iad a fhoilsi\u00fa a luaithe agus is f\u00e9idir.<\/p>\n<div class='w3eden'>                 <div class=\"panel panel-default category-panel \">\n                   <div class=\"panel-body\">\n                   <div class=\"media\">                    \n                   <div class=\"media-body\">\n                   <h3 style=\"margin: 0\">CPU Guidance Notices<\/h3>\n                   \n                   <\/div>\n                   <\/div>\n                   <\/div>\n                   <div class=\"panel-footer\">\n                   \n                   <div class=\"btn-group btn-group-sm pull-right\"><button type=\"button\" class=\"btn btn-info\" disabled=\"disabled\">Order &nbsp;<\/button><a class=\"btn btn-primary\" href=\"https:\/\/foi.gov.ie\/ga\/download\/cpu-notice-10-sealed-cmo-reords\/?orderby=create_date&order=asc\">Asc<\/a><a class=\"btn btn-primary\" href=\"https:\/\/foi.gov.ie\/ga\/download\/cpu-notice-10-sealed-cmo-reords\/?orderby=create_date&order=desc\">Desc<\/a><\/div>                         \n                   <div class=\"btn-group btn-group-sm\"><button type=\"button\" class=\"btn btn-info\" disabled=\"disabled\">Order By &nbsp;<\/button><a class=\"btn btn-info\" href=\"https:\/\/foi.gov.ie\/ga\/download\/cpu-notice-10-sealed-cmo-reords\/?orderby=title&order=asc\">Title<\/a><a class=\"btn btn-info\" href=\"https:\/\/foi.gov.ie\/ga\/download\/cpu-notice-10-sealed-cmo-reords\/?orderby=publish_date&order=desc\">Publish Date<\/a><\/div>                         \n                    \n                   <\/div>\n                   <\/div><div class='row'><div class='col-md-12 col-sm-12 col-xs-12'><!-- WPDM Link Template: Call to Action 3 -->\n\n<div class=\"well c2a3\">\n    <div class=\"media\">\n        <div class=\"pull-left\" align=\"left\">\n            <img class=\"wpdm_icon\" alt=\"Icon\"   src=\"https:\/\/foi.gov.ie\/wp-content\/plugins\/download-manager\/assets\/file-type-icons\/docx.png\" \/>\n        <\/div>\n        <div class=\"pull-right\" align=\"right\">\n            <a class='wpdm-download-link [btnclass]' rel='nofollow' href='#' onclick=\"location.href='https:\/\/foi.gov.ie\/ga\/download\/cpu-notice-1-personnel-records-jan-2015\/?wpdmdl=1417';return false;\">Download<\/a>\n        <\/div>\n\n        <div class=\"media-body\">\n            <h3 class=\"media-heading\" style=\"padding-top: 0px;border:0px;margin: 0 0 5px 0;font-size:12pt;\"><a style=\"font-weight: 700\" href=\"https:\/\/foi.gov.ie\/ga\/download\/cpu-notice-1-personnel-records-jan-2015\/\">CPU Notice 1 - Personnel Records Jan 2015<\/a> <span style=\"margin-left:30px;font-size:8pt;font-weight:300\"><i style=\"margin: 2px 0 0 5px;opacity:0.5\" class=\"fa fa-th-large\"><\/i> 13.51 KB <i style=\"margin: 2px 0 0 5px;opacity:0.5\" class=\"fa fa-download\"><\/i> 2967 downloads<\/span><\/h3>\n            ...\n        <\/div>\n\n    <\/div>\n\n<\/div>\n<style>.well.c2a3 .btn.wpdm-download-link{ padding: 11px 30px;font-size: 11pt; } .well.c2a3 .media-body{ font-size: 11pt; } .well.c2a3 .wpdm_icon{ height: 42px; width: auto; } .well.c2a3 .wpdm-download-link img{ max-width: 150px; box-shadow: none }<\/style><\/div><div class='col-md-12 col-sm-12 col-xs-12'><!-- WPDM Link Template: Call to Action 3 -->\n\n<div class=\"well c2a3\">\n    <div class=\"media\">\n        <div class=\"pull-left\" align=\"left\">\n            <img class=\"wpdm_icon\" alt=\"Icon\"   src=\"https:\/\/foi.gov.ie\/wp-content\/plugins\/download-manager\/assets\/file-type-icons\/doc.png\" \/>\n        <\/div>\n        <div class=\"pull-right\" align=\"right\">\n            <a class='wpdm-download-link [btnclass]' rel='nofollow' href='#' onclick=\"location.href='https:\/\/foi.gov.ie\/ga\/download\/cpu-notice-2-release-of-information-outside-of-foi\/?wpdmdl=1418';return false;\">Download<\/a>\n        <\/div>\n\n        <div class=\"media-body\">\n            <h3 class=\"media-heading\" style=\"padding-top: 0px;border:0px;margin: 0 0 5px 0;font-size:12pt;\"><a style=\"font-weight: 700\" href=\"https:\/\/foi.gov.ie\/ga\/download\/cpu-notice-2-release-of-information-outside-of-foi\/\">CPU Notice 2 - Release of Information Outside of FOI<\/a> <span style=\"margin-left:30px;font-size:8pt;font-weight:300\"><i style=\"margin: 2px 0 0 5px;opacity:0.5\" class=\"fa fa-th-large\"><\/i> 49.94 KB <i style=\"margin: 2px 0 0 5px;opacity:0.5\" class=\"fa fa-download\"><\/i> 2381 downloads<\/span><\/h3>\n            ...\n        <\/div>\n\n    <\/div>\n\n<\/div>\n<style>.well.c2a3 .btn.wpdm-download-link{ padding: 11px 30px;font-size: 11pt; } .well.c2a3 .media-body{ font-size: 11pt; } .well.c2a3 .wpdm_icon{ height: 42px; width: auto; } .well.c2a3 .wpdm-download-link img{ max-width: 150px; box-shadow: none }<\/style><\/div><div class='col-md-12 col-sm-12 col-xs-12'><!-- WPDM Link Template: Call to Action 3 -->\n\n<div class=\"well c2a3\">\n    <div class=\"media\">\n        <div class=\"pull-left\" align=\"left\">\n            <img class=\"wpdm_icon\" alt=\"Icon\"   src=\"https:\/\/foi.gov.ie\/wp-content\/plugins\/download-manager\/assets\/file-type-icons\/docx.png\" \/>\n        <\/div>\n        <div class=\"pull-right\" align=\"right\">\n            <a class='wpdm-download-link [btnclass]' rel='nofollow' href='#' onclick=\"location.href='https:\/\/foi.gov.ie\/ga\/download\/cpu-notice-3-foi-and-written-representations-to-ministers\/?wpdmdl=1420';return false;\">Download<\/a>\n        <\/div>\n\n        <div class=\"media-body\">\n            <h3 class=\"media-heading\" style=\"padding-top: 0px;border:0px;margin: 0 0 5px 0;font-size:12pt;\"><a style=\"font-weight: 700\" href=\"https:\/\/foi.gov.ie\/ga\/download\/cpu-notice-3-foi-and-written-representations-to-ministers\/\">CPU Notice 3 - FOI and Written Representations to Ministers<\/a> <span style=\"margin-left:30px;font-size:8pt;font-weight:300\"><i style=\"margin: 2px 0 0 5px;opacity:0.5\" class=\"fa fa-th-large\"><\/i> 14.46 KB <i style=\"margin: 2px 0 0 5px;opacity:0.5\" class=\"fa fa-download\"><\/i> 1777 downloads<\/span><\/h3>\n            ...\n        <\/div>\n\n    <\/div>\n\n<\/div>\n<style>.well.c2a3 .btn.wpdm-download-link{ padding: 11px 30px;font-size: 11pt; } .well.c2a3 .media-body{ font-size: 11pt; } .well.c2a3 .wpdm_icon{ height: 42px; width: auto; } .well.c2a3 .wpdm-download-link img{ max-width: 150px; box-shadow: none }<\/style><\/div><div class='col-md-12 col-sm-12 col-xs-12'><!-- WPDM Link Template: Call to Action 3 -->\n\n<div class=\"well c2a3\">\n    <div class=\"media\">\n        <div class=\"pull-left\" align=\"left\">\n            <img class=\"wpdm_icon\" alt=\"Icon\" src=\"https:\/\/foi.gov.ie\/wp-content\/plugins\/download-manager\/assets\/file-type-icons\/docx.png\" onError='this.src=\"https:\/\/foi.gov.ie\/wp-content\/plugins\/download-manager\/assets\/file-type-icons\/_blank.png\";' \/>\n        <\/div>\n        <div class=\"pull-right\" align=\"right\">\n            <a class='wpdm-download-link [btnclass]' rel='nofollow' href='#' onclick=\"location.href='https:\/\/foi.gov.ie\/ga\/download\/cpu-notice-4-rev-information-obtained-in-confidence\/?wpdmdl=2184';return false;\">Download<\/a>\n        <\/div>\n\n        <div class=\"media-body\">\n            <h3 class=\"media-heading\" style=\"padding-top: 0px;border:0px;margin: 0 0 5px 0;font-size:12pt;\"><a style=\"font-weight: 700\" href=\"https:\/\/foi.gov.ie\/ga\/download\/cpu-notice-4-rev-information-obtained-in-confidence\/\">CPU Notice 4 - Rev Information Obtained in Confidence.<\/a> <span style=\"margin-left:30px;font-size:8pt;font-weight:300\"><i style=\"margin: 2px 0 0 5px;opacity:0.5\" class=\"fa fa-th-large\"><\/i> 170.34 KB <i style=\"margin: 2px 0 0 5px;opacity:0.5\" class=\"fa fa-download\"><\/i> 1707 downloads<\/span><\/h3>\n            ...\n        <\/div>\n\n    <\/div>\n\n<\/div>\n<style>.well.c2a3 .btn.wpdm-download-link{ padding: 11px 30px;font-size: 11pt; } .well.c2a3 .media-body{ font-size: 11pt; } .well.c2a3 .wpdm_icon{ height: 42px; width: auto; } .well.c2a3 .wpdm-download-link img{ max-width: 150px; box-shadow: none }<\/style><\/div><div class='col-md-12 col-sm-12 col-xs-12'><!-- WPDM Link Template: Call to Action 3 -->\n\n<div class=\"well c2a3\">\n    <div class=\"media\">\n        <div class=\"pull-left\" align=\"left\">\n            <img class=\"wpdm_icon\" alt=\"Icon\"   src=\"https:\/\/foi.gov.ie\/wp-content\/plugins\/download-manager\/assets\/file-type-icons\/docx.png\" \/>\n        <\/div>\n        <div class=\"pull-right\" align=\"right\">\n            <a class='wpdm-download-link [btnclass]' rel='nofollow' href='#' onclick=\"location.href='https:\/\/foi.gov.ie\/ga\/download\/cpu-notice-5-foi-and-public-procurement-sr\/?wpdmdl=1422';return false;\">Download<\/a>\n        <\/div>\n\n        <div class=\"media-body\">\n            <h3 class=\"media-heading\" style=\"padding-top: 0px;border:0px;margin: 0 0 5px 0;font-size:12pt;\"><a style=\"font-weight: 700\" href=\"https:\/\/foi.gov.ie\/ga\/download\/cpu-notice-5-foi-and-public-procurement-sr\/\">CPU Notice 5 - FOI and Public Procurement<\/a> <span style=\"margin-left:30px;font-size:8pt;font-weight:300\"><i style=\"margin: 2px 0 0 5px;opacity:0.5\" class=\"fa fa-th-large\"><\/i> 23.69 KB <i style=\"margin: 2px 0 0 5px;opacity:0.5\" class=\"fa fa-download\"><\/i> 2519 downloads<\/span><\/h3>\n            ...\n        <\/div>\n\n    <\/div>\n\n<\/div>\n<style>.well.c2a3 .btn.wpdm-download-link{ padding: 11px 30px;font-size: 11pt; } .well.c2a3 .media-body{ font-size: 11pt; } .well.c2a3 .wpdm_icon{ height: 42px; width: auto; } .well.c2a3 .wpdm-download-link img{ max-width: 150px; box-shadow: none }<\/style><\/div><div class='col-md-12 col-sm-12 col-xs-12'><!-- WPDM Link Template: Call to Action 3 -->\n\n<div class=\"well c2a3\">\n    <div class=\"media\">\n        <div class=\"pull-left\" align=\"left\">\n            <img class=\"wpdm_icon\" alt=\"Icon\"   src=\"https:\/\/foi.gov.ie\/wp-content\/plugins\/download-manager\/assets\/file-type-icons\/docx.png\" \/>\n        <\/div>\n        <div class=\"pull-right\" align=\"right\">\n            <a class='wpdm-download-link [btnclass]' rel='nofollow' href='#' onclick=\"location.href='https:\/\/foi.gov.ie\/ga\/download\/cpu-notice-no-6\/?wpdmdl=1460';return false;\">Download<\/a>\n        <\/div>\n\n        <div class=\"media-body\">\n            <h3 class=\"media-heading\" style=\"padding-top: 0px;border:0px;margin: 0 0 5px 0;font-size:12pt;\"><a style=\"font-weight: 700\" href=\"https:\/\/foi.gov.ie\/ga\/download\/cpu-notice-no-6\/\">CPU Notice 6 Rev - Fees & Charges<\/a> <span style=\"margin-left:30px;font-size:8pt;font-weight:300\"><i style=\"margin: 2px 0 0 5px;opacity:0.5\" class=\"fa fa-th-large\"><\/i> 84.27 KB <i style=\"margin: 2px 0 0 5px;opacity:0.5\" class=\"fa fa-download\"><\/i> 4136 downloads<\/span><\/h3>\n            ...\n        <\/div>\n\n    <\/div>\n\n<\/div>\n<style>.well.c2a3 .btn.wpdm-download-link{ padding: 11px 30px;font-size: 11pt; } .well.c2a3 .media-body{ font-size: 11pt; } .well.c2a3 .wpdm_icon{ height: 42px; width: auto; } .well.c2a3 .wpdm-download-link img{ max-width: 150px; box-shadow: none }<\/style><\/div><div class='col-md-12 col-sm-12 col-xs-12'><!-- WPDM Link Template: Call to Action 3 -->\n\n<div class=\"well c2a3\">\n    <div class=\"media\">\n        <div class=\"pull-left\" align=\"left\">\n            <img class=\"wpdm_icon\" alt=\"Icon\"   src=\"https:\/\/foi.gov.ie\/wp-content\/plugins\/download-manager\/assets\/file-type-icons\/docx.png\" \/>\n        <\/div>\n        <div class=\"pull-right\" align=\"right\">\n            <a class='wpdm-download-link [btnclass]' rel='nofollow' href='#' onclick=\"location.href='https:\/\/foi.gov.ie\/ga\/download\/cpu-notice-7-foi-bodies-not-covered-by-foi\/?wpdmdl=1445';return false;\">Download<\/a>\n        <\/div>\n\n        <div class=\"media-body\">\n            <h3 class=\"media-heading\" style=\"padding-top: 0px;border:0px;margin: 0 0 5px 0;font-size:12pt;\"><a style=\"font-weight: 700\" href=\"https:\/\/foi.gov.ie\/ga\/download\/cpu-notice-7-foi-bodies-not-covered-by-foi\/\">CPU Notice 7 - FOI Bodies not covered by FOI<\/a> <span style=\"margin-left:30px;font-size:8pt;font-weight:300\"><i style=\"margin: 2px 0 0 5px;opacity:0.5\" class=\"fa fa-th-large\"><\/i> 12.60 KB <i style=\"margin: 2px 0 0 5px;opacity:0.5\" class=\"fa fa-download\"><\/i> 1597 downloads<\/span><\/h3>\n            ...\n        <\/div>\n\n    <\/div>\n\n<\/div>\n<style>.well.c2a3 .btn.wpdm-download-link{ padding: 11px 30px;font-size: 11pt; } .well.c2a3 .media-body{ font-size: 11pt; } .well.c2a3 .wpdm_icon{ height: 42px; width: auto; } .well.c2a3 .wpdm-download-link img{ max-width: 150px; box-shadow: none }<\/style><\/div><div class='col-md-12 col-sm-12 col-xs-12'><!-- WPDM Link Template: Call to Action 3 -->\n\n<div class=\"well c2a3\">\n    <div class=\"media\">\n        <div class=\"pull-left\" align=\"left\">\n            <img class=\"wpdm_icon\" alt=\"Icon\"   src=\"https:\/\/foi.gov.ie\/wp-content\/plugins\/download-manager\/assets\/file-type-icons\/docx.png\" \/>\n        <\/div>\n        <div class=\"pull-right\" align=\"right\">\n            <a class='wpdm-download-link [btnclass]' rel='nofollow' href='#' onclick=\"location.href='https:\/\/foi.gov.ie\/ga\/download\/cpu-notice-8-third-party-consultation\/?wpdmdl=1423';return false;\">Download<\/a>\n        <\/div>\n\n        <div class=\"media-body\">\n            <h3 class=\"media-heading\" style=\"padding-top: 0px;border:0px;margin: 0 0 5px 0;font-size:12pt;\"><a style=\"font-weight: 700\" href=\"https:\/\/foi.gov.ie\/ga\/download\/cpu-notice-8-third-party-consultation\/\">CPU Notice 8 - Third Party Consultation<\/a> <span style=\"margin-left:30px;font-size:8pt;font-weight:300\"><i style=\"margin: 2px 0 0 5px;opacity:0.5\" class=\"fa fa-th-large\"><\/i> 21.72 KB <i style=\"margin: 2px 0 0 5px;opacity:0.5\" class=\"fa fa-download\"><\/i> 4862 downloads<\/span><\/h3>\n            ...\n        <\/div>\n\n    <\/div>\n\n<\/div>\n<style>.well.c2a3 .btn.wpdm-download-link{ padding: 11px 30px;font-size: 11pt; } .well.c2a3 .media-body{ font-size: 11pt; } .well.c2a3 .wpdm_icon{ height: 42px; width: auto; } .well.c2a3 .wpdm-download-link img{ max-width: 150px; box-shadow: none }<\/style><\/div><div class='col-md-12 col-sm-12 col-xs-12'><!-- WPDM Link Template: Call to Action 3 -->\n\n<div class=\"well c2a3\">\n    <div class=\"media\">\n        <div class=\"pull-left\" align=\"left\">\n            <img class=\"wpdm_icon\" alt=\"Icon\"   src=\"https:\/\/foi.gov.ie\/wp-content\/plugins\/download-manager\/assets\/file-type-icons\/docx.png\" \/>\n        <\/div>\n        <div class=\"pull-right\" align=\"right\">\n            <a class='wpdm-download-link [btnclass]' rel='nofollow' href='#' onclick=\"location.href='https:\/\/foi.gov.ie\/ga\/download\/cpu-notice-9-board-papers-held-by-foi-bodies\/?wpdmdl=1424';return false;\">Download<\/a>\n        <\/div>\n\n        <div class=\"media-body\">\n            <h3 class=\"media-heading\" style=\"padding-top: 0px;border:0px;margin: 0 0 5px 0;font-size:12pt;\"><a style=\"font-weight: 700\" href=\"https:\/\/foi.gov.ie\/ga\/download\/cpu-notice-9-board-papers-held-by-foi-bodies\/\">CPU Notice 9 - Board Papers held by FOI bodies<\/a> <span style=\"margin-left:30px;font-size:8pt;font-weight:300\"><i style=\"margin: 2px 0 0 5px;opacity:0.5\" class=\"fa fa-th-large\"><\/i> 19.83 KB <i style=\"margin: 2px 0 0 5px;opacity:0.5\" class=\"fa fa-download\"><\/i> 1489 downloads<\/span><\/h3>\n            ...\n        <\/div>\n\n    <\/div>\n\n<\/div>\n<style>.well.c2a3 .btn.wpdm-download-link{ padding: 11px 30px;font-size: 11pt; } .well.c2a3 .media-body{ font-size: 11pt; } .well.c2a3 .wpdm_icon{ height: 42px; width: auto; } .well.c2a3 .wpdm-download-link img{ max-width: 150px; box-shadow: none }<\/style><\/div><div class='col-md-12 col-sm-12 col-xs-12'><!-- WPDM Link Template: Call to Action 3 -->\n\n<div class=\"well c2a3\">\n    <div class=\"media\">\n        <div class=\"pull-left\" align=\"left\">\n            <img class=\"wpdm_icon\" alt=\"Icon\"   src=\"https:\/\/foi.gov.ie\/wp-content\/plugins\/download-manager\/assets\/file-type-icons\/docx.png\" \/>\n        <\/div>\n        <div class=\"pull-right\" align=\"right\">\n            <a class='wpdm-download-link [btnclass]' rel='nofollow' href='#' onclick=\"location.href='https:\/\/foi.gov.ie\/ga\/download\/cpu-notice-10-sealed-cmo-reords\/?wpdmdl=1425';return false;\">Download<\/a>\n        <\/div>\n\n        <div class=\"media-body\">\n            <h3 class=\"media-heading\" style=\"padding-top: 0px;border:0px;margin: 0 0 5px 0;font-size:12pt;\"><a style=\"font-weight: 700\" href=\"https:\/\/foi.gov.ie\/ga\/download\/cpu-notice-10-sealed-cmo-reords\/\">CPU Notice 10 - Sealed CMO Records<\/a> <span style=\"margin-left:30px;font-size:8pt;font-weight:300\"><i style=\"margin: 2px 0 0 5px;opacity:0.5\" class=\"fa fa-th-large\"><\/i> 14.44 KB <i style=\"margin: 2px 0 0 5px;opacity:0.5\" class=\"fa fa-download\"><\/i> 764 downloads<\/span><\/h3>\n            ...\n        <\/div>\n\n    <\/div>\n\n<\/div>\n<style>.well.c2a3 .btn.wpdm-download-link{ padding: 11px 30px;font-size: 11pt; } .well.c2a3 .media-body{ font-size: 11pt; } .well.c2a3 .wpdm_icon{ height: 42px; width: auto; } .well.c2a3 .wpdm-download-link img{ max-width: 150px; box-shadow: none }<\/style><\/div><\/div><div style='clear:both'><\/div><div class='text-center'><ul  class=\"pagination pagination-centered\"><li><a class=\"disabled\">&#9668;<\/a><\/li><li class=\"active\"><a class=\"current\">1<\/a><\/li><li><a href=\"\/ga\/wp-json\/wp\/v2\/pages\/1415?&cp_cpu-guidance-notices=2\" rel='Com'>2<\/a><\/li><li><a href=\"\/ga\/wp-json\/wp\/v2\/pages\/1415?&cp_cpu-guidance-notices=3\" rel='Com'>3<\/a><\/li><li><a href=\"\/ga\/wp-json\/wp\/v2\/pages\/1415?&cp_cpu-guidance-notices=2\" class=\"next\" rel='Com'>&#9658;<\/a><\/li><\/ul><\/div>\n<div style='clear:both'><\/div><div style='clear:both'><\/div><\/div>\n<p>&nbsp;<\/p>","protected":false},"excerpt":{"rendered":"<p>Sa chuid seo t\u00e1 N\u00f3ta\u00ed Treorach a chuir L\u00e1r-Aonad Beartas FOI i dtoll a ch\u00e9ile faoin gC\u00f3d Cleachtais agus de r\u00e9ir an Achta um Shaor\u00e1il Faisn\u00e9ise 2014. N\u00ed c\u00e1ip\u00e9is\u00ed dl\u00ed iad na F\u00f3gra\u00ed seo ach go bhfuil siad ceaptha chun treoir a thabhairt do chomhlachta\u00ed FOI maidir le saincheisteanna \u00e9ags\u00fala a thiocfadh chun cinn nuair &hellip; <a href=\"https:\/\/foi.gov.ie\/ga\/download\/cpu-notice-10-sealed-cmo-reords\/\" class=\"more-link\">Continue reading <span class=\"screen-reader-text\">CPU Notice 10 &#8211; Sealed CMO Records<\/span> <span class=\"meta-nav\">&rarr;<\/span><\/a><\/p>\n","protected":false},"author":1970,"featured_media":0,"parent":9,"menu_order":93,"comment_status":"closed","ping_status":"closed","template":"","meta":[],"acf":[],"_links":{"self":[{"href":"https:\/\/foi.gov.ie\/ga\/wp-json\/wp\/v2\/pages\/1415"}],"collection":[{"href":"https:\/\/foi.gov.ie\/ga\/wp-json\/wp\/v2\/pages"}],"about":[{"href":"https:\/\/foi.gov.ie\/ga\/wp-json\/wp\/v2\/types\/page"}],"author":[{"embeddable":true,"href":"https:\/\/foi.gov.ie\/ga\/wp-json\/wp\/v2\/users\/1970"}],"replies":[{"embeddable":true,"href":"https:\/\/foi.gov.ie\/ga\/wp-json\/wp\/v2\/comments?post=1415"}],"version-history":[{"count":8,"href":"https:\/\/foi.gov.ie\/ga\/wp-json\/wp\/v2\/pages\/1415\/revisions"}],"predecessor-version":[{"id":2493,"href":"https:\/\/foi.gov.ie\/ga\/wp-json\/wp\/v2\/pages\/1415\/revisions\/2493"}],"up":[{"embeddable":true,"href":"https:\/\/foi.gov.ie\/ga\/wp-json\/wp\/v2\/pages\/9"}],"wp:attachment":[{"href":"https:\/\/foi.gov.ie\/ga\/wp-json\/wp\/v2\/media?parent=1415"}],"curies":[{"name":"wp","href":"https:\/\/api.w.org\/{rel}","templated":true}]}}