{"id":1546,"date":"2015-04-23T13:21:28","date_gmt":"2015-04-23T12:21:28","guid":{"rendered":"http:\/\/foi.gov.ie\/?page_id=1546"},"modified":"2016-11-17T10:07:07","modified_gmt":"2016-11-17T10:07:07","slug":"s-i-48-of-2015-freedom-of-information-act-2014-effective-date-for-certain-bodies-order-2015","status":"publish","type":"page","link":"https:\/\/foi.gov.ie\/ga\/s-i-48-of-2015-freedom-of-information-act-2014-effective-date-for-certain-bodies-order-2015\/","title":{"rendered":"S.I. 148 of 2015 &#8211; Freedom of Information Act 2014 ( Effective Date for Certain Bodies ) Order 2015"},"content":{"rendered":"<p>STATUTORY INSTRUMENTS.<\/p>\n<p>S.I. No. 148 of 2015<\/p>\n<p>FREEDOM OF INFORMATION ACT \u00a02014 (EFFECTIVE DATE FOR CERTAIN BODIES) ORDER 2015<\/p>\n<p>&nbsp;<\/p>\n<p>I, BRENDAN HOWLIN, Minister \u00a0for \u00a0Public \u00a0Expenditure and \u00a0Reform, \u00a0in exercise of the powers conferred on me by section 6(5) of the Freedom of Infor- mation \u00a0Act 2014 (No. 30 of 2014), with the consent \u00a0of the Minister \u00a0for the Environment, Community and \u00a0Local Government and \u00a0the \u00a0Minister \u00a0for Justice and \u00a0Equality, \u00a0hereby \u00a0make \u00a0the \u00a0following order, \u00a0a draft \u00a0of which has been \u00a0laid before \u00a0each \u00a0House \u00a0of the \u00a0Oireachtas and \u00a0a resolution approving \u00a0of the \u00a0draft has been \u00a0passed \u00a0by each such House:<\/p>\n<p>Citation<\/p>\n<p>1. This Order may be cited as the Freedom of Information Act 2014 (Effective<\/p>\n<p>Date \u00a0for Certain \u00a0Bodies) \u00a0Order 2015.<\/p>\n<p>Private Residential Tenancies Board<\/p>\n<p>2. The \u00a021st day of April \u00a02012 is the \u00a0effective \u00a0date \u00a0under \u00a0section \u00a02(1) of the Freedom of Information Act \u00a02014 (No. \u00a030 of 2014) in the \u00a0case of the \u00a0Private Residential Tenancies \u00a0Board.<\/p>\n<p>Refugee \u00a0Applications Commissioner and Refugee \u00a0Appeals \u00a0Tribunal<\/p>\n<p>3. The \u00a014th day of October 2014 is the \u00a0effective \u00a0date \u00a0under \u00a0section \u00a02(1) of the Freedom of Information Act 2014 (No. 30 of 2014) in the case of\u2014<\/p>\n<p>(a) \u00a0the Refugee \u00a0Applications Commissioner, and<\/p>\n<p>(b) \u00a0the Refugee \u00a0Appeals \u00a0Tribunal.<\/p>\n<p>The Minister\u00a0 for the Environment, Community and Local Government consents to the making of the foregoing \u00a0Order.<\/p>\n<p>&nbsp;<\/p>\n<p>GIVEN under \u00a0my Official Seal,<\/p>\n<p>8 April \u00a02015.<\/p>\n<p>&nbsp;<\/p>\n<p>ALAN KELLY,<\/p>\n<p>Minister \u00a0for Environment, Community and<\/p>\n<p>Local Government.<\/p>\n<p>&nbsp;<\/p>\n<p>Notice of the making \u00a0of this Statutory\u00a0 Instrument was published \u00a0in<\/p>\n<p>\u201cIris Oifigi\u00fail\u201d of 24th April, \u00a02015.<\/p>\n<p>The \u00a0Minister \u00a0for Justice \u00a0and \u00a0Equality consents \u00a0to the \u00a0making \u00a0of the \u00a0foregoing Order.<\/p>\n<p>&nbsp;<\/p>\n<p>GIVEN under \u00a0my Official Seal,<\/p>\n<p>13 April \u00a02015.<\/p>\n<p>&nbsp;<\/p>\n<p>FRANCES FITZGERALD,<\/p>\n<p>Minister \u00a0for Justice \u00a0and Equality.<\/p>\n<p>&nbsp;<\/p>\n<p>GIVEN under \u00a0my Official Seal,<\/p>\n<p>13 April \u00a02015.<\/p>\n<p>&nbsp;<\/p>\n<p>BRENDAN HOWLIN,<\/p>\n<p>Minister \u00a0for Public Expenditure and Reform.<\/p>\n<p>EXPLANATORY NOTE<\/p>\n<p>(This note is not part of the Instrument and does not purport to be a legal interpretation.)<\/p>\n<p>The purpose of this Order is to provide \u00a0different effective dates (retrospective dates) \u00a0back \u00a0to\u00a0 which the \u00a0records \u00a0of the \u00a0Private \u00a0Residential Tenancies \u00a0Board, the Refugee \u00a0Applications Commissioner and the Refugee \u00a0Appeals \u00a0Tribunal will be available \u00a0under \u00a0FOI \u00a0once \u00a0they \u00a0become \u00a0public \u00a0bodies \u00a0under \u00a0the \u00a0Act \u00a0on 14 April \u00a02015. The relevant \u00a0effective \u00a0dates \u00a0are set out in the Order. The standard effective \u00a0date \u00a0of 21 April \u00a02008 provided \u00a0for under \u00a0the \u00a0Act \u00a0will not, \u00a0therefore, apply to those \u00a0bodies.<\/p>\n<p>&nbsp;<\/p>\n<p>BAILE \u00c1THA CLIATH<\/p>\n<p>ARNA FHOILSI\u00da AG \u00a0OIFIG AN tSOL\u00c1THAIR Le ceannach \u00a0d\u00edreach \u00a0\u00f3<\/p>\n<p>FOILSEACH\u00c1IN RIALTAIS,<\/p>\n<p>52 FAICHE STIABHNA, BAILE \u00c1THA CLIATH 2 (Teil: 01 &#8211; 6476834 n\u00f3 1890 213434; Fax: 01 &#8211; 6476843) n\u00f3 tr\u00ed aon d\u00edolt\u00f3ir \u00a0leabhar.<\/p>\n<p>\u2014\u2014\u2014\u2014\u2014\u2014 DUBLIN<\/p>\n<p>PUBLISHED BY THE \u00a0STATIONERY OFFICE To be purchased from<\/p>\n<p>GOVERNMENT PUBLICATIONS,<\/p>\n<p>52 ST. STEPHEN&#8217;S GREEN, DUBLIN 2.<\/p>\n<p>(Tel: 01 &#8211; 6476834 or 1890 213434; Fax: 01 &#8211; 6476843)<\/p>\n<p>or through any bookseller.<\/p>\n<p>\u20ac1.27<\/p>\n<p>wt. (B31193). 285. 4\/15. Clondalkin. Gr 30-15.<\/p>","protected":false},"excerpt":{"rendered":"<p>STATUTORY INSTRUMENTS. S.I. No. 148 of 2015 FREEDOM OF INFORMATION ACT \u00a02014 (EFFECTIVE DATE FOR CERTAIN BODIES) ORDER 2015 &nbsp; I, BRENDAN HOWLIN, Minister \u00a0for \u00a0Public \u00a0Expenditure and \u00a0Reform, \u00a0in exercise of the powers conferred on me by section 6(5) of the Freedom of Infor- mation \u00a0Act 2014 (No. 30 of 2014), with the consent &hellip; <a href=\"https:\/\/foi.gov.ie\/ga\/s-i-48-of-2015-freedom-of-information-act-2014-effective-date-for-certain-bodies-order-2015\/\" class=\"more-link\">Continue reading <span class=\"screen-reader-text\">S.I. 148 of 2015 &#8211; Freedom of Information Act 2014 ( Effective Date for Certain Bodies ) Order 2015<\/span> <span class=\"meta-nav\">&rarr;<\/span><\/a><\/p>\n","protected":false},"author":1973,"featured_media":0,"parent":0,"menu_order":32,"comment_status":"closed","ping_status":"closed","template":"","meta":[],"acf":[],"_links":{"self":[{"href":"https:\/\/foi.gov.ie\/ga\/wp-json\/wp\/v2\/pages\/1546"}],"collection":[{"href":"https:\/\/foi.gov.ie\/ga\/wp-json\/wp\/v2\/pages"}],"about":[{"href":"https:\/\/foi.gov.ie\/ga\/wp-json\/wp\/v2\/types\/page"}],"author":[{"embeddable":true,"href":"https:\/\/foi.gov.ie\/ga\/wp-json\/wp\/v2\/users\/1973"}],"replies":[{"embeddable":true,"href":"https:\/\/foi.gov.ie\/ga\/wp-json\/wp\/v2\/comments?post=1546"}],"version-history":[{"count":5,"href":"https:\/\/foi.gov.ie\/ga\/wp-json\/wp\/v2\/pages\/1546\/revisions"}],"predecessor-version":[{"id":3523,"href":"https:\/\/foi.gov.ie\/ga\/wp-json\/wp\/v2\/pages\/1546\/revisions\/3523"}],"wp:attachment":[{"href":"https:\/\/foi.gov.ie\/ga\/wp-json\/wp\/v2\/media?parent=1546"}],"curies":[{"name":"wp","href":"https:\/\/api.w.org\/{rel}","templated":true}]}}