{"id":1656,"date":"2015-10-13T10:13:28","date_gmt":"2015-10-13T09:13:28","guid":{"rendered":"http:\/\/foi.gov.ie\/?page_id=1656"},"modified":"2016-04-11T10:15:34","modified_gmt":"2016-04-11T09:15:34","slug":"model-publication-scheme","status":"publish","type":"page","link":"https:\/\/foi.gov.ie\/ga\/guidance\/model-publication-scheme\/","title":{"rendered":"Samhail De Sc\u00e9im Foilseach\u00e1in"},"content":{"rendered":"<p>T\u00e1 an tSamhail-Sc\u00e9im Foilseach\u00e1in agus an Treoir a ghabhann l\u00e9i \u00e1 foilsi\u00fa ag an Aire um Chaiteachas Poibl\u00ed agus Athch\u00f3iri\u00fa faoi Alt 8 den Acht um Shaor\u00e1il Faisn\u00e9ise 2014.<\/p>\n<p>Leagtar amach in Alt 8(2) den Acht an m\u00e9id a bheidh le h\u00e1ireamh i sc\u00e9im foilseach\u00e1in agus d\u00e9antar for\u00e1il in Alt 6 den Ch\u00f3d Cleachtais do mh\u00edreanna breise at\u00e1 le foilsi\u00fa ag comhlachta\u00ed FOI. Glacann an tSamhail-Sc\u00e9im Foilseach\u00e1in agus an Treoir na ceanglais sin ar fad san \u00e1ireamh agus for\u00e1lann d&#8217;fhoilsi\u00fa forghn\u00edomhach ar fhaisn\u00e9is oifigi\u00fail ag comhlachta\u00ed FOI.<\/p>\n<p>Tugadh faoi roinnt comhchomhairle maidir leis an tSamhail-Sc\u00e9im Foilseach\u00e1in agus leis an Treoir ina measc:<\/p>\n<ul>\n<li>Comhchomhairle le comhlachta\u00ed FOI<\/li>\n<li>Pl\u00e9 ag Cruinnithe L\u00edonra FOI<\/li>\n<li>Comhchomhairle le hOifig an Choimisin\u00e9ara Faisn\u00e9ise<\/li>\n<li>Comhchomhairle Phoibl\u00ed<\/li>\n<\/ul>\n<p>De r\u00e9ir Alt 8(3) den Acht um Shaor\u00e1il Faisn\u00e9ise <strong>n\u00ed m\u00f3r do gach comhlacht FOI a Sc\u00e9im Foilseach\u00e1in f\u00e9in a chomhl\u00e1n\u00fa <\/strong>, bunaithe ar an tSamhail-Sc\u00e9im Foilseach\u00e1in <strong>tr\u00e1th nach d\u00e9ana\u00ed n\u00e1 an 14 Aibre\u00e1n 2016<\/strong>.<\/p>\n<div class='w3eden'>                 <div class=\"panel panel-default category-panel \">\n                   <div class=\"panel-body\">\n                   <div class=\"media\">                    \n                   <div class=\"media-body\">\n                   <h3 style=\"margin: 0\">Model Publication Scheme<\/h3>\n                   \n                   <\/div>\n                   <\/div>\n                   <\/div>\n                   <div class=\"panel-footer\">\n                   \n                   <div class=\"btn-group btn-group-sm pull-right\"><button type=\"button\" class=\"btn btn-info\" disabled=\"disabled\">Order &nbsp;<\/button><a class=\"btn btn-primary\" href=\"https:\/\/foi.gov.ie\/ga\/download\/saorail-faisneise-samhailsceim-foilseachain-october-2015\/?orderby=create_date&order=asc\">Asc<\/a><a class=\"btn btn-primary\" href=\"https:\/\/foi.gov.ie\/ga\/download\/saorail-faisneise-samhailsceim-foilseachain-october-2015\/?orderby=create_date&order=desc\">Desc<\/a><\/div>                         \n                   <div class=\"btn-group btn-group-sm\"><button type=\"button\" class=\"btn btn-info\" disabled=\"disabled\">Order By &nbsp;<\/button><a class=\"btn btn-info\" href=\"https:\/\/foi.gov.ie\/ga\/download\/saorail-faisneise-samhailsceim-foilseachain-october-2015\/?orderby=title&order=asc\">Title<\/a><a class=\"btn btn-info\" href=\"https:\/\/foi.gov.ie\/ga\/download\/saorail-faisneise-samhailsceim-foilseachain-october-2015\/?orderby=publish_date&order=desc\">Publish Date<\/a><\/div>                         \n                    \n                   <\/div>\n                   <\/div><div class='row'><div class='col-md-12 col-sm-12 col-xs-12'><!-- WPDM Link Template: Call to Action 3 -->\n\n<div class=\"well c2a3\">\n    <div class=\"media\">\n        <div class=\"pull-left\" align=\"left\">\n            <img class=\"wpdm_icon\" alt=\"Icon\"   src=\"https:\/\/foi.gov.ie\/wp-content\/plugins\/download-manager\/assets\/file-type-icons\/docx.png\" \/>\n        <\/div>\n        <div class=\"pull-right\" align=\"right\">\n            <a class='wpdm-download-link [btnclass]' rel='nofollow' href='#' onclick=\"location.href='https:\/\/foi.gov.ie\/ga\/download\/model-publication-scheme-guidance-october-2015\/?wpdmdl=1759';return false;\">Download<\/a>\n        <\/div>\n\n        <div class=\"media-body\">\n            <h3 class=\"media-heading\" style=\"padding-top: 0px;border:0px;margin: 0 0 5px 0;font-size:12pt;\"><a style=\"font-weight: 700\" href=\"https:\/\/foi.gov.ie\/ga\/download\/model-publication-scheme-guidance-october-2015\/\">Model Publication Scheme Guidance - October 2015<\/a> <span style=\"margin-left:30px;font-size:8pt;font-weight:300\"><i style=\"margin: 2px 0 0 5px;opacity:0.5\" class=\"fa fa-th-large\"><\/i> 201.37 KB <i style=\"margin: 2px 0 0 5px;opacity:0.5\" class=\"fa fa-download\"><\/i> 5245 downloads<\/span><\/h3>\n            ...\n        <\/div>\n\n    <\/div>\n\n<\/div>\n<style>.well.c2a3 .btn.wpdm-download-link{ padding: 11px 30px;font-size: 11pt; } .well.c2a3 .media-body{ font-size: 11pt; } .well.c2a3 .wpdm_icon{ height: 42px; width: auto; } .well.c2a3 .wpdm-download-link img{ max-width: 150px; box-shadow: none }<\/style><\/div><div class='col-md-12 col-sm-12 col-xs-12'><!-- WPDM Link Template: Call to Action 3 -->\n\n<div class=\"well c2a3\">\n    <div class=\"media\">\n        <div class=\"pull-left\" align=\"left\">\n            <img class=\"wpdm_icon\" alt=\"Icon\"   src=\"https:\/\/foi.gov.ie\/wp-content\/plugins\/download-manager\/assets\/file-type-icons\/docx.png\" \/>\n        <\/div>\n        <div class=\"pull-right\" align=\"right\">\n            <a class='wpdm-download-link [btnclass]' rel='nofollow' href='#' onclick=\"location.href='https:\/\/foi.gov.ie\/ga\/download\/model-publication-scheme-october-2015\/?wpdmdl=1758';return false;\">Download<\/a>\n        <\/div>\n\n        <div class=\"media-body\">\n            <h3 class=\"media-heading\" style=\"padding-top: 0px;border:0px;margin: 0 0 5px 0;font-size:12pt;\"><a style=\"font-weight: 700\" href=\"https:\/\/foi.gov.ie\/ga\/download\/model-publication-scheme-october-2015\/\">Model Publication Scheme October 2015<\/a> <span style=\"margin-left:30px;font-size:8pt;font-weight:300\"><i style=\"margin: 2px 0 0 5px;opacity:0.5\" class=\"fa fa-th-large\"><\/i> 191.79 KB <i style=\"margin: 2px 0 0 5px;opacity:0.5\" class=\"fa fa-download\"><\/i> 3820 downloads<\/span><\/h3>\n            ...\n        <\/div>\n\n    <\/div>\n\n<\/div>\n<style>.well.c2a3 .btn.wpdm-download-link{ padding: 11px 30px;font-size: 11pt; } .well.c2a3 .media-body{ font-size: 11pt; } .well.c2a3 .wpdm_icon{ height: 42px; width: auto; } .well.c2a3 .wpdm-download-link img{ max-width: 150px; box-shadow: none }<\/style><\/div><div class='col-md-12 col-sm-12 col-xs-12'><!-- WPDM Link Template: Call to Action 3 -->\n\n<div class=\"well c2a3\">\n    <div class=\"media\">\n        <div class=\"pull-left\" align=\"left\">\n            <img class=\"wpdm_icon\" alt=\"Icon\" src=\"https:\/\/foi.gov.ie\/wp-content\/plugins\/download-manager\/assets\/file-type-icons\/docx.png\" onError='this.src=\"https:\/\/foi.gov.ie\/wp-content\/plugins\/download-manager\/assets\/file-type-icons\/_blank.png\";' \/>\n        <\/div>\n        <div class=\"pull-right\" align=\"right\">\n            <a class='wpdm-download-link [btnclass]' rel='nofollow' href='#' onclick=\"location.href='https:\/\/foi.gov.ie\/ga\/download\/saorail-faisneise-treoir-don-samhnailsceim-foilseachain-october-2015\/?wpdmdl=1732';return false;\">Download<\/a>\n        <\/div>\n\n        <div class=\"media-body\">\n            <h3 class=\"media-heading\" style=\"padding-top: 0px;border:0px;margin: 0 0 5px 0;font-size:12pt;\"><a style=\"font-weight: 700\" href=\"https:\/\/foi.gov.ie\/ga\/download\/saorail-faisneise-treoir-don-samhnailsceim-foilseachain-october-2015\/\">Saor\u00e1il Faisn\u00e9ise, Treoir don Samhnailsc\u00e9im Foilseachain - October 2015<\/a> <span style=\"margin-left:30px;font-size:8pt;font-weight:300\"><i style=\"margin: 2px 0 0 5px;opacity:0.5\" class=\"fa fa-th-large\"><\/i> 289.27 KB <i style=\"margin: 2px 0 0 5px;opacity:0.5\" class=\"fa fa-download\"><\/i> 417 downloads<\/span><\/h3>\n            ...\n        <\/div>\n\n    <\/div>\n\n<\/div>\n<style>.well.c2a3 .btn.wpdm-download-link{ padding: 11px 30px;font-size: 11pt; } .well.c2a3 .media-body{ font-size: 11pt; } .well.c2a3 .wpdm_icon{ height: 42px; width: auto; } .well.c2a3 .wpdm-download-link img{ max-width: 150px; box-shadow: none }<\/style><\/div><div class='col-md-12 col-sm-12 col-xs-12'><!-- WPDM Link Template: Call to Action 3 -->\n\n<div class=\"well c2a3\">\n    <div class=\"media\">\n        <div class=\"pull-left\" align=\"left\">\n            <img class=\"wpdm_icon\" alt=\"Icon\" src=\"https:\/\/foi.gov.ie\/wp-content\/plugins\/download-manager\/assets\/file-type-icons\/docx.png\" onError='this.src=\"https:\/\/foi.gov.ie\/wp-content\/plugins\/download-manager\/assets\/file-type-icons\/_blank.png\";' \/>\n        <\/div>\n        <div class=\"pull-right\" align=\"right\">\n            <a class='wpdm-download-link [btnclass]' rel='nofollow' href='#' onclick=\"location.href='https:\/\/foi.gov.ie\/ga\/download\/saorail-faisneise-samhailsceim-foilseachain-october-2015\/?wpdmdl=1731';return false;\">Download<\/a>\n        <\/div>\n\n        <div class=\"media-body\">\n            <h3 class=\"media-heading\" style=\"padding-top: 0px;border:0px;margin: 0 0 5px 0;font-size:12pt;\"><a style=\"font-weight: 700\" href=\"https:\/\/foi.gov.ie\/ga\/download\/saorail-faisneise-samhailsceim-foilseachain-october-2015\/\">Saor\u00e1il Faisn\u00e9ise, Samhailsc\u00e9im Foilseach\u00e1in - October 2015<\/a> <span style=\"margin-left:30px;font-size:8pt;font-weight:300\"><i style=\"margin: 2px 0 0 5px;opacity:0.5\" class=\"fa fa-th-large\"><\/i> 112.84 KB <i style=\"margin: 2px 0 0 5px;opacity:0.5\" class=\"fa fa-download\"><\/i> 302 downloads<\/span><\/h3>\n            ...\n        <\/div>\n\n    <\/div>\n\n<\/div>\n<style>.well.c2a3 .btn.wpdm-download-link{ padding: 11px 30px;font-size: 11pt; } .well.c2a3 .media-body{ font-size: 11pt; } .well.c2a3 .wpdm_icon{ height: 42px; width: auto; } .well.c2a3 .wpdm-download-link img{ max-width: 150px; box-shadow: none }<\/style><\/div><\/div><div style='clear:both'><\/div><div class='text-center'><ul  class=\"pagination pagination-centered\"><\/ul><\/div>\n<div style='clear:both'><\/div><div style='clear:both'><\/div><\/div>\n<p>&nbsp;<\/p>","protected":false},"excerpt":{"rendered":"<p>T\u00e1 an tSamhail-Sc\u00e9im Foilseach\u00e1in agus an Treoir a ghabhann l\u00e9i \u00e1 foilsi\u00fa ag an Aire um Chaiteachas Poibl\u00ed agus Athch\u00f3iri\u00fa faoi Alt 8 den Acht um Shaor\u00e1il Faisn\u00e9ise 2014. Leagtar amach in Alt 8(2) den Acht an m\u00e9id a bheidh le h\u00e1ireamh i sc\u00e9im foilseach\u00e1in agus d\u00e9antar for\u00e1il in Alt 6 den Ch\u00f3d Cleachtais do &hellip; <a href=\"https:\/\/foi.gov.ie\/ga\/download\/saorail-faisneise-samhailsceim-foilseachain-october-2015\/\" class=\"more-link\">Continue reading <span class=\"screen-reader-text\">Saor\u00e1il Faisn\u00e9ise, Samhailsc\u00e9im Foilseach\u00e1in &#8211; October 2015<\/span> <span class=\"meta-nav\">&rarr;<\/span><\/a><\/p>\n","protected":false},"author":1973,"featured_media":0,"parent":9,"menu_order":29,"comment_status":"closed","ping_status":"closed","template":"","meta":[],"acf":[],"_links":{"self":[{"href":"https:\/\/foi.gov.ie\/ga\/wp-json\/wp\/v2\/pages\/1656"}],"collection":[{"href":"https:\/\/foi.gov.ie\/ga\/wp-json\/wp\/v2\/pages"}],"about":[{"href":"https:\/\/foi.gov.ie\/ga\/wp-json\/wp\/v2\/types\/page"}],"author":[{"embeddable":true,"href":"https:\/\/foi.gov.ie\/ga\/wp-json\/wp\/v2\/users\/1973"}],"replies":[{"embeddable":true,"href":"https:\/\/foi.gov.ie\/ga\/wp-json\/wp\/v2\/comments?post=1656"}],"version-history":[{"count":24,"href":"https:\/\/foi.gov.ie\/ga\/wp-json\/wp\/v2\/pages\/1656\/revisions"}],"predecessor-version":[{"id":2492,"href":"https:\/\/foi.gov.ie\/ga\/wp-json\/wp\/v2\/pages\/1656\/revisions\/2492"}],"up":[{"embeddable":true,"href":"https:\/\/foi.gov.ie\/ga\/wp-json\/wp\/v2\/pages\/9"}],"wp:attachment":[{"href":"https:\/\/foi.gov.ie\/ga\/wp-json\/wp\/v2\/media?parent=1656"}],"curies":[{"name":"wp","href":"https:\/\/api.w.org\/{rel}","templated":true}]}}