{"id":184,"date":"2014-10-17T11:33:25","date_gmt":"2014-10-17T10:33:25","guid":{"rendered":"http:\/\/foi.gov.ie\/?page_id=184"},"modified":"2018-01-25T15:18:06","modified_gmt":"2018-01-25T15:18:06","slug":"how-do-i-make-an-foi-request","status":"publish","type":"page","link":"https:\/\/foi.gov.ie\/ga\/faqs\/how-do-i-make-an-foi-request\/","title":{"rendered":"Conas a Nd\u00e9anaim Iarratas Um SF"},"content":{"rendered":"<p><strong>N\u00ed m\u00f3r an t-iarratas a bheith i scr\u00edbhinn chuig an gComhlacht um SF ag a bhfuil na taifid. Is f\u00e9idir iarratais a dh\u00e9anamh tr\u00ed r\u00edomhphost chomh maith.<\/strong><\/p>\n<p>Nuair a dh\u00e9anann t\u00fa iarratas n\u00ed m\u00f3r duit: An t-iarratas a sheoladh isteach<strong> i scr\u00edbhinn chuig an gComhlacht um SF ag a bhfuil na taifid at\u00e1 \u00e1 lorg agat.<\/strong><\/p>\n<ul>\n<li>tabhair le fios go bhfuil an t-iarratas \u00e1 dh\u00e9anamh <strong>faoin Acht um SF<\/strong><\/li>\n<li><strong>bheith s\u00e1ch soil\u00e9ir <\/strong>le go dtuigfidh an comhlacht poibl\u00ed lena bhfuil an t-iarratas \u00e1 dh\u00e9anamh c\u00e9 na taifid at\u00e1 \u00e1 n-iarradh. I gc\u00e1sanna nach l\u00e9ir don chomhlacht poibl\u00ed c\u00e9 na taifid at\u00e1 \u00e1 n-iarradh, is g\u00e1 d\u00f3 cuidi\u00fa leis an iarrth\u00f3ir a (h)iarratas a dh\u00e9anamh ar bhealach inar f\u00e9idir na taifid at\u00e1 \u00e1 n-iarradh a aithint.<\/li>\n<li>Nuair at\u00e1 faisn\u00e9is phearsanta \u00e1 lorg agat, beidh ort aitheantas cu\u00ed a chur ar f\u00e1il de r\u00e9ir mar a theasta\u00edonn \u00f3 gcinnteoir.<\/li>\n<li>I gc\u00e1sanna ina bhfuil rochtain ar thaifid \u00e1 lorg agat faoi alt 37(8) beidh ort sonra\u00ed breise a chur ar f\u00e1il d\u2019fhonn na cearta seo a chleachtadh.<\/li>\n<\/ul>\n<p>N\u00f3 sin, is f\u00e9idir leat an <a href=\"https:\/\/foi.gov.ie\/wp-content\/uploads\/FOI_Application_Form.pdf\"><strong><u>Fhoirm Iarratais<\/u><\/strong><\/a> at\u00e1 ar f\u00e1il ar an su\u00edomh gr\u00e9as\u00e1in seo a \u00edosl\u00f3d\u00e1il.<\/p>\n<p>Clice\u00e1il ar an nasc seo chun <a href=\"https:\/\/foi.gov.ie\/about\"><u>tuilleadh faisn\u00e9ise<\/u><\/a> a fh\u00e1il maidir le foirm iarratais um SF a chomhl\u00e1n\u00fa.<\/p>\n<p>T\u00e1 Oifigeach um SF amh\u00e1in n\u00f3 n\u00edos m\u00f3 ag gach Comhlacht Poibl\u00ed a bhfuil s\u00e9 de fhreagracht orthu iarratais a dh\u00e9antar faoin Acht um Shaor\u00e1il Faisn\u00e9ise 2014 a l\u00e1imhse\u00e1il.<\/p>\n<p>&nbsp;<\/p>","protected":false},"excerpt":{"rendered":"<p>N\u00ed m\u00f3r an t-iarratas a bheith i scr\u00edbhinn chuig an gComhlacht um SF ag a bhfuil na taifid. Is f\u00e9idir iarratais a dh\u00e9anamh tr\u00ed r\u00edomhphost chomh maith. Nuair a dh\u00e9anann t\u00fa iarratas n\u00ed m\u00f3r duit: An t-iarratas a sheoladh isteach i scr\u00edbhinn chuig an gComhlacht um SF ag a bhfuil na taifid at\u00e1 \u00e1 lorg &hellip; <a href=\"https:\/\/foi.gov.ie\/ga\/faqs\/how-do-i-make-an-foi-request\/\" class=\"more-link\">Continue reading <span class=\"screen-reader-text\">Conas a Nd\u00e9anaim Iarratas Um SF<\/span> <span class=\"meta-nav\">&rarr;<\/span><\/a><\/p>\n","protected":false},"author":1973,"featured_media":0,"parent":202,"menu_order":84,"comment_status":"closed","ping_status":"closed","template":"","meta":[],"acf":[],"_links":{"self":[{"href":"https:\/\/foi.gov.ie\/ga\/wp-json\/wp\/v2\/pages\/184"}],"collection":[{"href":"https:\/\/foi.gov.ie\/ga\/wp-json\/wp\/v2\/pages"}],"about":[{"href":"https:\/\/foi.gov.ie\/ga\/wp-json\/wp\/v2\/types\/page"}],"author":[{"embeddable":true,"href":"https:\/\/foi.gov.ie\/ga\/wp-json\/wp\/v2\/users\/1973"}],"replies":[{"embeddable":true,"href":"https:\/\/foi.gov.ie\/ga\/wp-json\/wp\/v2\/comments?post=184"}],"version-history":[{"count":26,"href":"https:\/\/foi.gov.ie\/ga\/wp-json\/wp\/v2\/pages\/184\/revisions"}],"predecessor-version":[{"id":3694,"href":"https:\/\/foi.gov.ie\/ga\/wp-json\/wp\/v2\/pages\/184\/revisions\/3694"}],"up":[{"embeddable":true,"href":"https:\/\/foi.gov.ie\/ga\/wp-json\/wp\/v2\/pages\/202"}],"wp:attachment":[{"href":"https:\/\/foi.gov.ie\/ga\/wp-json\/wp\/v2\/media?parent=184"}],"curies":[{"name":"wp","href":"https:\/\/api.w.org\/{rel}","templated":true}]}}