{"id":190,"date":"2014-10-17T11:49:31","date_gmt":"2014-10-17T10:49:31","guid":{"rendered":"http:\/\/foi.gov.ie\/?page_id=190"},"modified":"2016-09-08T12:15:14","modified_gmt":"2016-09-08T11:15:14","slug":"is-there-a-fee","status":"publish","type":"page","link":"https:\/\/foi.gov.ie\/ga\/faqs\/is-there-a-fee\/","title":{"rendered":"An Bhfuil T\u00e1ille I Gceist?"},"content":{"rendered":"<p>For\u00e1iltear faoin Acht um Shaor\u00e1il Faisn\u00e9ise 2014 do ch\u00f3ras nua t\u00e1ill\u00ed SF.\u00a0 T\u00e1 teacht ar an Ord\u00fa Aire tr\u00edna gcuirtear an c\u00f3ras nua t\u00e1ill\u00ed ar bun (I.R. 531 de 2014) <a href=\"http:\/\/per.gov.ie\/wp-content\/uploads\/Fees-Order-No-2-as-published.pdf\"><u>anseo<\/u><\/a>.\u00a0 Seo cuntas achoimre ar an gc\u00f3ras nua t\u00e1ill\u00ed maidir le hiarratais ar thaifid neamhphearsanta:<\/p>\n<ul>\n<li>T\u00e1 deireadh curtha leis an t\u00e1ille iarratais \u20ac15;<\/li>\n<li>T\u00e1 \u00edosteorainn \u20ac101 i gceist nach f\u00e9idir aon t\u00e1ille maidir le cuardach, aisghabh\u00e1il n\u00e1 c\u00f3ipe\u00e1il a ghearradh m\u00e1 bh\u00edtear faoina bhun. \u00d3 bh\u00edonn \u20ac101 i gceist leis na t\u00e1ill\u00ed, gearrtar an t-ioml\u00e1n;<\/li>\n<li>T\u00e1 uasteorainn \u20ac500 leis an tsuim is f\u00e9idir a ghearradh maidir t\u00e1ill\u00ed\u00a0cuardaigh, aisghabh\u00e1la agus c\u00f3ipe\u00e1la;<\/li>\n<li>T\u00e1 uasteorainn eile \u20ac700 i gceist maidir le t\u00e1ill\u00ed cuardaigh, aisghabh\u00e1la agus c\u00f3ipe\u00e1la measta sa chaoi is m\u00e1 sh\u00e1ra\u00edtear sin gur f\u00e9idir leis an gcomhlacht SF di\u00falt\u00fa iarratas a phr\u00f3ise\u00e1il mura mb\u00edonn an t-iarratas\u00f3ir s\u00e1sta caomhch\u00f3iri\u00fa a dh\u00e9anamh ar an iarratas ionas go dtugtar na t\u00e1ill\u00ed cuardaigh, aisghabh\u00e1la agus c\u00f3ipe\u00e1la faoi bhun na teorann sin;<\/li>\n<li>\u20ac30 (\u20ac10 i gc\u00e1s duine ag a bhfuil c\u00e1rta leighis agus cleithi\u00fanaithe an t\u00e9 sin) an t\u00e1ille nua maidir le hathbhreithni\u00fa inmhe\u00e1nach faoi Alt 21<\/li>\n<li>\u20ac50 (\u20ac15 i gc\u00e1s duine ag a bhfuil c\u00e1rta leighis agus cleithi\u00fanaithe an t\u00e9 sin) an t\u00e1ille nua maidir le hachomharc leis an gCoimisin\u00e9ir Faisn\u00e9ise faoi Alt 22<\/li>\n<\/ul>\n<p>&nbsp;<\/p>","protected":false},"excerpt":{"rendered":"<p>For\u00e1iltear faoin Acht um Shaor\u00e1il Faisn\u00e9ise 2014 do ch\u00f3ras nua t\u00e1ill\u00ed SF.\u00a0 T\u00e1 teacht ar an Ord\u00fa Aire tr\u00edna gcuirtear an c\u00f3ras nua t\u00e1ill\u00ed ar bun (I.R. 531 de 2014) anseo.\u00a0 Seo cuntas achoimre ar an gc\u00f3ras nua t\u00e1ill\u00ed maidir le hiarratais ar thaifid neamhphearsanta: T\u00e1 deireadh curtha leis an t\u00e1ille iarratais \u20ac15; T\u00e1 \u00edosteorainn &hellip; <a href=\"https:\/\/foi.gov.ie\/ga\/faqs\/is-there-a-fee\/\" class=\"more-link\">Continue reading <span class=\"screen-reader-text\">An Bhfuil T\u00e1ille I Gceist?<\/span> <span class=\"meta-nav\">&rarr;<\/span><\/a><\/p>\n","protected":false},"author":1973,"featured_media":0,"parent":202,"menu_order":83,"comment_status":"closed","ping_status":"closed","template":"","meta":[],"acf":[],"_links":{"self":[{"href":"https:\/\/foi.gov.ie\/ga\/wp-json\/wp\/v2\/pages\/190"}],"collection":[{"href":"https:\/\/foi.gov.ie\/ga\/wp-json\/wp\/v2\/pages"}],"about":[{"href":"https:\/\/foi.gov.ie\/ga\/wp-json\/wp\/v2\/types\/page"}],"author":[{"embeddable":true,"href":"https:\/\/foi.gov.ie\/ga\/wp-json\/wp\/v2\/users\/1973"}],"replies":[{"embeddable":true,"href":"https:\/\/foi.gov.ie\/ga\/wp-json\/wp\/v2\/comments?post=190"}],"version-history":[{"count":6,"href":"https:\/\/foi.gov.ie\/ga\/wp-json\/wp\/v2\/pages\/190\/revisions"}],"predecessor-version":[{"id":3123,"href":"https:\/\/foi.gov.ie\/ga\/wp-json\/wp\/v2\/pages\/190\/revisions\/3123"}],"up":[{"embeddable":true,"href":"https:\/\/foi.gov.ie\/ga\/wp-json\/wp\/v2\/pages\/202"}],"wp:attachment":[{"href":"https:\/\/foi.gov.ie\/ga\/wp-json\/wp\/v2\/media?parent=190"}],"curies":[{"name":"wp","href":"https:\/\/api.w.org\/{rel}","templated":true}]}}