{"id":192,"date":"2014-10-17T11:52:24","date_gmt":"2014-10-17T10:52:24","guid":{"rendered":"http:\/\/foi.gov.ie\/?page_id=192"},"modified":"2016-03-01T15:43:51","modified_gmt":"2016-03-01T15:43:51","slug":"cookie-policy","status":"publish","type":"page","link":"https:\/\/foi.gov.ie\/ga\/cookie-policy\/","title":{"rendered":"Beartas Fian\u00e1n"},"content":{"rendered":"<p><strong>Pr\u00edobh\u00e1ideachas agus Fian\u00e1in<\/strong><\/p>\n<p>Cotha\u00edonn an Roinn Caiteachais Phoibl\u00ed agus Athch\u00f3irithe an su\u00edomh gr\u00e9as\u00e1in seo. T\u00e1 meas ioml\u00e1n ag an Roinn Caiteachais Phoibl\u00ed agus Athch\u00f3irithe ar do cheart chun pr\u00edobh\u00e1ideachais, agus n\u00ed bhaileofar aon fhaisn\u00e9is phearsanta f\u00fat ar an su\u00edomh gr\u00e9as\u00e1in seo gan do shainchead. D\u00e9ile\u00e1lfar le haon fhaisn\u00e9is pearsanta a chuireann t\u00fa ar f\u00e1il leis na caighde\u00e1in is airde sl\u00e1nd\u00e1la agus r\u00fandachta, de r\u00e9ir na hAchtanna um Chosaint Sonra\u00ed 1988-2003.<\/p>\n<p>Baineann an r\u00e1iteas seo len\u00e1r gcleachtais phr\u00edobh\u00e1ideachais i gcomhar leis an su\u00edomh gr\u00e9as\u00e1in. M\u00edn\u00edtear roinnt t\u00e9arma\u00ed teicni\u00fala a \u00fas\u00e1idtear sa r\u00e1iteas seo ag \u00edochtar an leathanaigh seo.<\/p>\n<p><strong>Baili\u00fa agus \u00fas\u00e1id faisn\u00e9is phearsanta<\/strong><\/p>\n<p>N\u00ed bhail\u00edtear aon fhaisn\u00e9is phearsanta ar an su\u00edomh gr\u00e9as\u00e1in seo, seachas faisn\u00e9is a chuireann t\u00fa ar f\u00e1il. (Mar shampla, nuair a thugann t\u00fa aiseolas n\u00f3 nuair a chuireann t\u00fa ceist). N\u00ed \u00fas\u00e1idfear aon fhaisn\u00e9is a chuireann t\u00fa ar f\u00e1il ar an gcaoi seo ach chun na cr\u00edche a chuireann t\u00fa ar f\u00e1il \u00ed.<\/p>\n<p><strong>Faisn\u00e9is a bhail\u00edmid mar ghn\u00e1thchleachtas<\/strong><\/p>\n<p>D\u2019fh\u00e9adfaimis an fhaisn\u00e9is seo a leanas a bhaili\u00fa \u00f3 gach \u00fas\u00e1ideoir ar an su\u00edomh:<\/p>\n<ul>\n<li>Faisn\u00e9is staitisti\u00fail (seoladh IP agus \u00f3stainm, leagan an bhrabhs\u00e1la\u00ed gr\u00e9as\u00e1in, leathanaigh ar tugadh cuairt orthu, etc.).<\/li>\n<li>Seoladh an tsu\u00edmh ghr\u00e9as\u00e1in a raibh t\u00fa air sular th\u00e1inig t\u00fa chomh fada linn, lena n-\u00e1ir\u00edtear an t\u00e9arma\u00ed cuardaigh a \u00fas\u00e1ideadh<\/li>\n<li>Faisn\u00e9is eile a cuireadh isteach i bhfoirmeacha, mar shampla m\u00e1 cuireann t\u00fa isteach sonra\u00ed pearsanta nuair a iarrann t\u00fa foirm n\u00f3 nuair a thugann t\u00fa aiseolas<\/li>\n<\/ul>\n<p><strong>C\u00e9ard le haghaidh a \u00fas\u00e1idimid an fhaisn\u00e9is<\/strong><\/p>\n<p>N\u00ed \u00fas\u00e1idfear aon fhaisn\u00e9is a chuireann t\u00fa ar f\u00e1il ach chun na cr\u00edche ar cuireadh ar f\u00e1il \u00ed. N\u00ed dh\u00e9anfaimid iarrachta\u00ed cuairteoir\u00ed aonair a aithint, n\u00e1 n\u00ed cheangl\u00f3imid na sonra\u00ed teicni\u00fala arna liost\u00fa thuas le duine aonair ar bith. Is \u00e9 \u00e1r mbeartas gan an fhaisn\u00e9is theicni\u00fail seo a nochtadh i nd\u00e1il le cuairteoir\u00ed aonair ar an su\u00edomh gr\u00e9as\u00e1in le haon tr\u00ed\u00fa p\u00e1irt\u00ed mura gcuirtear iallach orainn le riail an dl\u00ed sin a dh\u00e9anamh. N\u00ed \u00fas\u00e1idfear an fhaisn\u00e9is theicni\u00fail ach chun cr\u00edocha staitisti\u00fala agus riarach\u00e1in eile.<\/p>\n<p>Ba cheart duit a thabhairt faoi deara nach ionann sonra\u00ed teicni\u00fala, nach f\u00e9idir linn a cheangal le haon duine inaitheanta agus \u2018sonra\u00ed pearsanta\u2019 chun cr\u00edocha na nAchtanna um Chosaint Sonra\u00ed, 1988-2003.<\/p>\n<p><strong>Fian\u00e1in<\/strong><\/p>\n<p>P\u00edosa\u00ed beaga faisn\u00e9ise at\u00e1 i bhfian\u00e1in, a st\u00f3r\u00e1iltear i gcomhaid t\u00e9acs simpl\u00ed, a chuireann su\u00edomh gr\u00e9as\u00e1in ar do r\u00edomhaire is ea fian\u00e1in. Is f\u00e9idir leis an su\u00edomh gr\u00e9as\u00e1in roinnt fian\u00e1n a l\u00e9amh nuair a thagann t\u00fa ar ais chucu. D\u2019fh\u00e9adfadh an fhaisn\u00e9is a st\u00f3r\u00e1iltear i bhfian\u00e1in bheith bainteach le do n\u00f3sanna brabhs\u00e1la ar an leathanach gr\u00e9as\u00e1in, n\u00f3 uimhir aitheantais uath\u00fail ionas gur f\u00e9idir leis an su\u00edomh gr\u00e9as\u00e1in \u2018cuimhneamh\u2019 ort nuair a thagann t\u00fa ar ais. Scriostar fian\u00e1in eile nuair a dh\u00fanann t\u00fa do bhrabhs\u00e1la\u00ed agus n\u00ed bhaineann siad ach le feidhmi\u00fa an tsu\u00edmh ghr\u00e9as\u00e1in. Go ginear\u00e1lta, n\u00ed bh\u00edonn faisn\u00e9is phearsanta i bhfian\u00e1in tr\u00ednar f\u00e9idir t\u00fa a aithint, mura thug t\u00fa an fhaisn\u00e9is sin ar an su\u00edomh gr\u00e9as\u00e1in.<\/p>\n<p>T\u00e1 fian\u00e1in i roinnt \u00e1iteanna ar an su\u00edomh gr\u00e9as\u00e1in seo.<\/p>\n<ul>\n<li>Nuair a thugann t\u00fa cuairt ar an su\u00edomh gr\u00e9as\u00e1in seo don ch\u00e9ad uair, feicfidh t\u00fa teachtaireacht a inseoidh duit faoi fhian\u00e1in. M\u00e1 chlice\u00e1lann t\u00fa ar an gcnaipe \u2018Folaigh an teachtaireacht seo\u2019, socr\u00f3far fian\u00e1n ina dtaifeadfar do shainrogha.<\/li>\n<li>\u00das\u00e1ideann an su\u00edomh gr\u00e9as\u00e1in seo Cuardach Saincheaptha Google chun feidhm chuardaigh an tsu\u00edmh a chur ar f\u00e1il. D\u2019fh\u00e9adfadh Google fian\u00e1in a leagan nuair a \u00fas\u00e1ideann t\u00fa an fheidhm cuardaigh . T\u00e1 beartas fian\u00e1in Google le f\u00e1il anseo: <a href=\"http:\/\/www.google.com\/policies\/privacy\/\"><u>google.com\/policies\/privacy\/<\/u><\/a>.<\/li>\n<li>D\u2019fh\u00e9adfa\u00ed fian\u00e1in \u00f3 Google a shocr\u00fa chomh maith nuair a fheictear Google Maps ar an su\u00edomh gr\u00e9as\u00e1in seo.<\/li>\n<\/ul>\n<p>Ceada\u00edonn formh\u00f3r brabhs\u00e1laithe duit fian\u00e1in a mh\u00fachadh n\u00f3 chun do shocruithe d\u2019fhian\u00e1in a chur in oiri\u00faint. Chun \u00e9 seo a fh\u00e1il amach, feic an roghchl\u00e1r \u2018Cabhair\u2019 ar do bhrabhs\u00e1la\u00ed. Tabhair faoi deara, m\u00e1 mh\u00fachann t\u00fa fian\u00e1in n\u00f3 m\u00e1 athra\u00edonn t\u00fa do shocruithe, t\u00e1 seans ann nach n-oibreoidh roinnt de na gn\u00e9ithe i gceart.<\/p>\n<p><strong>Faisn\u00e9is bhreise n\u00f3 chun iarratas a dh\u00e9anamh<\/strong><\/p>\n<p>M\u00e1 t\u00e1 imn\u00ed ort faoin gcaoi a bpr\u00f3ise\u00e1iltear sonra\u00ed pearsanta tr\u00edd an su\u00edomh gr\u00e9as\u00e1in seo, n\u00e1 b\u00edodh drogall ort an imn\u00ed sin a chur faoin\u00e1r mbr\u00e1id.<\/p>\n<p><strong>Gluais t\u00e9arma\u00ed teicni\u00fala a \u00fas\u00e1idtear<\/strong><\/p>\n<p><strong>Brabhs\u00e1la\u00ed Gr\u00e9as\u00e1in<\/strong><\/p>\n<p>An p\u00edosa bogearra\u00ed a \u00fas\u00e1ideann t\u00fa chun leathanaigh ghr\u00e9as\u00e1in a l\u00e9amh. Sampla\u00ed is ea Microsoft Internet Explorer, Mozilla Firefox agus Opera.<\/p>\n<p><strong>Seoladh IP<\/strong><\/p>\n<p>Na sonra\u00ed aitheantas i gcomhair do r\u00edomhaire (n\u00f3 r\u00edomhaire do chuideachta Idirl\u00edn), a chuirtear in i\u00fal i gc\u00f3d pr\u00f3tacal Idirl\u00edn (mar shampla, 192.168.72.34). T\u00e1 seoladh IP uath\u00fail ag gach r\u00edomhaire at\u00e1 ceangailte leis an ngr\u00e9as\u00e1n, c\u00e9 nach mb\u00edonn an seoladh mar a ch\u00e9ile gach uair a dh\u00e9antar ceangal.<\/p>","protected":false},"excerpt":{"rendered":"<p>Pr\u00edobh\u00e1ideachas agus Fian\u00e1in Cotha\u00edonn an Roinn Caiteachais Phoibl\u00ed agus Athch\u00f3irithe an su\u00edomh gr\u00e9as\u00e1in seo. T\u00e1 meas ioml\u00e1n ag an Roinn Caiteachais Phoibl\u00ed agus Athch\u00f3irithe ar do cheart chun pr\u00edobh\u00e1ideachais, agus n\u00ed bhaileofar aon fhaisn\u00e9is phearsanta f\u00fat ar an su\u00edomh gr\u00e9as\u00e1in seo gan do shainchead. D\u00e9ile\u00e1lfar le haon fhaisn\u00e9is pearsanta a chuireann t\u00fa ar f\u00e1il leis &hellip; <a href=\"https:\/\/foi.gov.ie\/ga\/cookie-policy\/\" class=\"more-link\">Continue reading <span class=\"screen-reader-text\">Beartas Fian\u00e1n<\/span> <span class=\"meta-nav\">&rarr;<\/span><\/a><\/p>\n","protected":false},"author":1973,"featured_media":0,"parent":0,"menu_order":88,"comment_status":"closed","ping_status":"closed","template":"","meta":[],"acf":[],"_links":{"self":[{"href":"https:\/\/foi.gov.ie\/ga\/wp-json\/wp\/v2\/pages\/192"}],"collection":[{"href":"https:\/\/foi.gov.ie\/ga\/wp-json\/wp\/v2\/pages"}],"about":[{"href":"https:\/\/foi.gov.ie\/ga\/wp-json\/wp\/v2\/types\/page"}],"author":[{"embeddable":true,"href":"https:\/\/foi.gov.ie\/ga\/wp-json\/wp\/v2\/users\/1973"}],"replies":[{"embeddable":true,"href":"https:\/\/foi.gov.ie\/ga\/wp-json\/wp\/v2\/comments?post=192"}],"version-history":[{"count":4,"href":"https:\/\/foi.gov.ie\/ga\/wp-json\/wp\/v2\/pages\/192\/revisions"}],"predecessor-version":[{"id":2262,"href":"https:\/\/foi.gov.ie\/ga\/wp-json\/wp\/v2\/pages\/192\/revisions\/2262"}],"wp:attachment":[{"href":"https:\/\/foi.gov.ie\/ga\/wp-json\/wp\/v2\/media?parent=192"}],"curies":[{"name":"wp","href":"https:\/\/api.w.org\/{rel}","templated":true}]}}