{"id":194,"date":"2014-10-17T11:57:02","date_gmt":"2014-10-17T10:57:02","guid":{"rendered":"http:\/\/foi.gov.ie\/?page_id=194"},"modified":"2025-05-16T10:26:25","modified_gmt":"2025-05-16T09:26:25","slug":"contact-us","status":"publish","type":"page","link":"https:\/\/foi.gov.ie\/ga\/contact-us\/","title":{"rendered":"D\u00e9an Teagmh\u00e1il Linn"},"content":{"rendered":"<p><\/p>\n<table>\n<tbody>\n<tr>\n<td><\/td>\n<td><b>Aonad Beartais L\u00e1ir um SF<\/b><\/td>\n<\/tr>\n<tr>\n<td><\/td>\n<td>Url\u00e1r 3, 7-9 Rae Mhuirfean, Baile \u00c1tha Cliath 2, N\u00c1 2 V 223<\/td>\n<\/tr>\n<tr>\n<td>\n<p align=\"left\">Teil:<\/p>\n<\/td>\n<td>076 100 7332<\/td>\n<\/tr>\n<tr>\n<td>\n<p align=\"left\">r\u00edomhphost:<\/p>\n<\/td>\n<td><a href=\"mailto:cpu@per.gov.ie\">cpu@per.gov.ie<\/a><\/td>\n<\/tr>\n<\/tbody>\n<\/table>\n<p><\/p>","protected":false},"excerpt":{"rendered":"<p>Aonad Beartais L\u00e1ir um SF Url\u00e1r 3, 7-9 Rae Mhuirfean, Baile \u00c1tha Cliath 2, N\u00c1 2 V 223 Teil: 076 100 7332 r\u00edomhphost: cpu@per.gov.ie<\/p>\n","protected":false},"author":1973,"featured_media":0,"parent":0,"menu_order":87,"comment_status":"closed","ping_status":"closed","template":"","meta":[],"acf":[],"_links":{"self":[{"href":"https:\/\/foi.gov.ie\/ga\/wp-json\/wp\/v2\/pages\/194"}],"collection":[{"href":"https:\/\/foi.gov.ie\/ga\/wp-json\/wp\/v2\/pages"}],"about":[{"href":"https:\/\/foi.gov.ie\/ga\/wp-json\/wp\/v2\/types\/page"}],"author":[{"embeddable":true,"href":"https:\/\/foi.gov.ie\/ga\/wp-json\/wp\/v2\/users\/1973"}],"replies":[{"embeddable":true,"href":"https:\/\/foi.gov.ie\/ga\/wp-json\/wp\/v2\/comments?post=194"}],"version-history":[{"count":27,"href":"https:\/\/foi.gov.ie\/ga\/wp-json\/wp\/v2\/pages\/194\/revisions"}],"predecessor-version":[{"id":4960,"href":"https:\/\/foi.gov.ie\/ga\/wp-json\/wp\/v2\/pages\/194\/revisions\/4960"}],"wp:attachment":[{"href":"https:\/\/foi.gov.ie\/ga\/wp-json\/wp\/v2\/media?parent=194"}],"curies":[{"name":"wp","href":"https:\/\/api.w.org\/{rel}","templated":true}]}}