{"id":196,"date":"2014-10-17T11:59:14","date_gmt":"2014-10-17T10:59:14","guid":{"rendered":"http:\/\/foi.gov.ie\/?page_id=196"},"modified":"2016-03-01T15:45:30","modified_gmt":"2016-03-01T15:45:30","slug":"feedback","status":"publish","type":"page","link":"https:\/\/foi.gov.ie\/ga\/feedback\/","title":{"rendered":"Aiseolas"},"content":{"rendered":"<p><strong>T\u00e1 f\u00e1ilte roimh aiseolas i nd\u00e1il leis an su\u00edomh gr\u00e9as\u00e1in seo. <\/strong><\/p>\n<p>SEOL AON N\u00d3TA\u00cd TR\u00c1CHTA TR\u00cd R\u00cdOMHPHOST CHUIG: <a href=\"mailto:cpu@finance.gov.ie?subject=FOI%20Website%20feedback\"><strong><u>cpu@per.gov.ie<\/u><\/strong><\/a><\/p>","protected":false},"excerpt":{"rendered":"<p>T\u00e1 f\u00e1ilte roimh aiseolas i nd\u00e1il leis an su\u00edomh gr\u00e9as\u00e1in seo. SEOL AON N\u00d3TA\u00cd TR\u00c1CHTA TR\u00cd R\u00cdOMHPHOST CHUIG: cpu@per.gov.ie<\/p>\n","protected":false},"author":1973,"featured_media":0,"parent":0,"menu_order":86,"comment_status":"closed","ping_status":"closed","template":"","meta":[],"acf":[],"_links":{"self":[{"href":"https:\/\/foi.gov.ie\/ga\/wp-json\/wp\/v2\/pages\/196"}],"collection":[{"href":"https:\/\/foi.gov.ie\/ga\/wp-json\/wp\/v2\/pages"}],"about":[{"href":"https:\/\/foi.gov.ie\/ga\/wp-json\/wp\/v2\/types\/page"}],"author":[{"embeddable":true,"href":"https:\/\/foi.gov.ie\/ga\/wp-json\/wp\/v2\/users\/1973"}],"replies":[{"embeddable":true,"href":"https:\/\/foi.gov.ie\/ga\/wp-json\/wp\/v2\/comments?post=196"}],"version-history":[{"count":4,"href":"https:\/\/foi.gov.ie\/ga\/wp-json\/wp\/v2\/pages\/196\/revisions"}],"predecessor-version":[{"id":2263,"href":"https:\/\/foi.gov.ie\/ga\/wp-json\/wp\/v2\/pages\/196\/revisions\/2263"}],"wp:attachment":[{"href":"https:\/\/foi.gov.ie\/ga\/wp-json\/wp\/v2\/media?parent=196"}],"curies":[{"name":"wp","href":"https:\/\/api.w.org\/{rel}","templated":true}]}}