{"id":198,"date":"2014-10-17T12:06:17","date_gmt":"2014-10-17T11:06:17","guid":{"rendered":"http:\/\/foi.gov.ie\/?page_id=198"},"modified":"2016-04-05T11:51:16","modified_gmt":"2016-04-05T10:51:16","slug":"information-commissioner","status":"publish","type":"page","link":"https:\/\/foi.gov.ie\/ga\/information-commissioner\/","title":{"rendered":"An Coimisin\u00e9ir Faisn\u00e9ise"},"content":{"rendered":"<p><strong>Achoimre ar Phr\u00edomhfheidhmeanna an Choimisin\u00e9ara Faisn\u00e9ise<\/strong><\/p>\n<p>Is f\u00e9idir achoimre a dh\u00e9anamh ar Phr\u00edomhfheidhmeanna an Choimisin\u00e9ara Faisn\u00e9ise mar seo a leanas:<\/p>\n<ul>\n<li>achomharc (ar iarratas) ar chinnt\u00ed chomhlachta\u00ed poibl\u00ed i nd\u00e1il le hiarratais um SF agus nuair is g\u00e1, cinnt\u00ed nua ceangailteacha a dh\u00e9anamh;<\/li>\n<li>athbhreithni\u00fa ar fheidhmi\u00fa an Achta um Shaor\u00e1il Faisn\u00e9ise 2014 lena chinnti\u00fa go gclo\u00edonn comhlachta\u00ed poibl\u00ed lena bhfor\u00e1lacha;<\/li>\n<li>meon oscailteachta a choth\u00fa i measc comhlachta\u00ed poibl\u00ed tr\u00ed fhoilsi\u00fa deonach faisn\u00e9ise n\u00edos m\u00f3 n\u00e1 mar at\u00e1 riachtanach faoi na hAchtanna a spreagadh;<\/li>\n<li>tr\u00e1chtaireachta\u00ed a r\u00e9iteach agus a foilsi\u00fa maidir le feidhmi\u00fa praitici\u00fail na nAchtanna; agus<\/li>\n<li>Tuarasc\u00e1il Bhliant\u00fail a fhoilsi\u00fa<\/li>\n<\/ul>\n<p>Clice\u00e1il anseo le haghaidh naisc le <a href=\"http:\/\/www.oic.ie\/\"><u>su\u00edomh gr\u00e9as\u00e1in an Choimisin\u00e9ara Faisn\u00e9ise<\/u><\/a><\/p>\n<p>&nbsp;<\/p>","protected":false},"excerpt":{"rendered":"<p>Achoimre ar Phr\u00edomhfheidhmeanna an Choimisin\u00e9ara Faisn\u00e9ise Is f\u00e9idir achoimre a dh\u00e9anamh ar Phr\u00edomhfheidhmeanna an Choimisin\u00e9ara Faisn\u00e9ise mar seo a leanas: achomharc (ar iarratas) ar chinnt\u00ed chomhlachta\u00ed poibl\u00ed i nd\u00e1il le hiarratais um SF agus nuair is g\u00e1, cinnt\u00ed nua ceangailteacha a dh\u00e9anamh; athbhreithni\u00fa ar fheidhmi\u00fa an Achta um Shaor\u00e1il Faisn\u00e9ise 2014 lena chinnti\u00fa go gclo\u00edonn &hellip; <a href=\"https:\/\/foi.gov.ie\/ga\/information-commissioner\/\" class=\"more-link\">Continue reading <span class=\"screen-reader-text\">An Coimisin\u00e9ir Faisn\u00e9ise<\/span> <span class=\"meta-nav\">&rarr;<\/span><\/a><\/p>\n","protected":false},"author":1973,"featured_media":0,"parent":0,"menu_order":85,"comment_status":"closed","ping_status":"closed","template":"","meta":[],"acf":[],"_links":{"self":[{"href":"https:\/\/foi.gov.ie\/ga\/wp-json\/wp\/v2\/pages\/198"}],"collection":[{"href":"https:\/\/foi.gov.ie\/ga\/wp-json\/wp\/v2\/pages"}],"about":[{"href":"https:\/\/foi.gov.ie\/ga\/wp-json\/wp\/v2\/types\/page"}],"author":[{"embeddable":true,"href":"https:\/\/foi.gov.ie\/ga\/wp-json\/wp\/v2\/users\/1973"}],"replies":[{"embeddable":true,"href":"https:\/\/foi.gov.ie\/ga\/wp-json\/wp\/v2\/comments?post=198"}],"version-history":[{"count":10,"href":"https:\/\/foi.gov.ie\/ga\/wp-json\/wp\/v2\/pages\/198\/revisions"}],"predecessor-version":[{"id":2416,"href":"https:\/\/foi.gov.ie\/ga\/wp-json\/wp\/v2\/pages\/198\/revisions\/2416"}],"wp:attachment":[{"href":"https:\/\/foi.gov.ie\/ga\/wp-json\/wp\/v2\/media?parent=198"}],"curies":[{"name":"wp","href":"https:\/\/api.w.org\/{rel}","templated":true}]}}