{"id":200,"date":"2014-10-17T12:11:03","date_gmt":"2014-10-17T11:11:03","guid":{"rendered":"http:\/\/foi.gov.ie\/?page_id=200"},"modified":"2025-04-24T16:08:24","modified_gmt":"2025-04-24T15:08:24","slug":"what-are-my-rights-of-review","status":"publish","type":"page","link":"https:\/\/foi.gov.ie\/ga\/faqs\/what-are-my-rights-of-review\/","title":{"rendered":"C\u00e9n Ceart Achomhairc at\u00e1 agam?"},"content":{"rendered":"<p><strong>An f\u00e9idir liom achomharc a dh\u00e9anamh maidir le cinneadh?<\/strong><\/p>\n<ul>\n<li>Is f\u00e9idir. Sa ch\u00e1s nach mb\u00edtear s\u00e1sta le cinneadh faoi iarratas SF, is f\u00e9idir &#8220;athbhreithni\u00fa inmhe\u00e1nach&#8221; ar an gcinneadh a iarraidh ar an roinn n\u00f3 ar an gcomhlacht. Cuirfear toradh an athbhreithnithe sin in i\u00fal duit taobh istigh de 3 seachtaine.<\/li>\n<li>Sa ch\u00e1s nach mb\u00edtear s\u00e1sta le cinneadh faoin &#8220;athbhreithni\u00fa inmhe\u00e1nach&#8221;, is f\u00e9idir a iarraidh ar an g<a href=\"https:\/\/www.oic.gov.ie\/en\/Apply-for-Review\/Apply-for-review-online\/\"><u>Coimisin\u00e9ir Faisn\u00e9ise<\/u><\/a> athbhreithni\u00fa a thabhairt ar an gc\u00e1s.<\/li>\n<\/ul>\n<p><strong>An bhfuil t\u00e1ille i gceist maidir le hachomharc faoi chinneadh a dh\u00e9anann comhlacht poibl\u00ed?<\/strong><\/p>\n<ul>\n<li>N\u00ed\u00a0m\u00f3r t\u00e1ille \u20ac30 a bheith le hiarratas ar athbhreithni\u00fa inmhe\u00e1nach faoi chinneadh a dh\u00e9anann comhlacht poibl\u00ed.<\/li>\n<li>T\u00e1 t\u00e1ille laghdaithe \u20ac10 i bhfeidhm i gc\u00e1s duine ag a bhfuil c\u00e1rta leighis agus cleithi\u00fanaithe an t\u00e9 sin.<\/li>\n<li>N\u00edl aon t\u00e1ille i gceist maidir le hiarratas ar athbhreithni\u00fa inmhe\u00e1nach nach mbaineann le haon n\u00ed eile seachas faisn\u00e9is phearsanta i nd\u00e1il leis an iarratas\u00f3ir f\u00e9in n\u00f3 le cinneadh t\u00e1ille n\u00f3 \u00e9arlais a ghearradh.<\/li>\n<li>N\u00ed m\u00f3r t\u00e1ille \u20ac50 a bheith leis an gcuid is m\u00f3 de na hiarratais ar athbhreithni\u00fa de chuid an Choimisin\u00e9ara Faisn\u00e9ise.<\/li>\n<li>T\u00e1 t\u00e1ille laghdaithe \u20ac15 i bhfeidhm i gc\u00e1s duine ag a bhfuil c\u00e1rta leighis agus cleithi\u00fanaithe an t\u00e9 sin n\u00f3 sa ch\u00e1s gur athbhreithni\u00fa maidir le faisn\u00e9is \u00e1irithe tr\u00ed\u00fa p\u00e1irt\u00ed at\u00e1 i gceist.<\/li>\n<li>N\u00edl aon t\u00e1ille i gceist maidir le hiarratas ar athbhreithni\u00fa nach mbaineann le haon n\u00ed eile seachas faisn\u00e9is phearsanta i nd\u00e1il leis an iarratas\u00f3ir f\u00e9in n\u00f3 le cinneadh t\u00e1ille n\u00f3 \u00e9arlais a ghearradh.<\/li>\n<\/ul>\n<p><\/p>","protected":false},"excerpt":{"rendered":"<p>An f\u00e9idir liom achomharc a dh\u00e9anamh maidir le cinneadh? Is f\u00e9idir. Sa ch\u00e1s nach mb\u00edtear s\u00e1sta le cinneadh faoi iarratas SF, is f\u00e9idir &#8220;athbhreithni\u00fa inmhe\u00e1nach&#8221; ar an gcinneadh a iarraidh ar an roinn n\u00f3 ar an gcomhlacht. Cuirfear toradh an athbhreithnithe sin in i\u00fal duit taobh istigh de 3 seachtaine. Sa ch\u00e1s nach mb\u00edtear s\u00e1sta &hellip; <a href=\"https:\/\/foi.gov.ie\/ga\/faqs\/what-are-my-rights-of-review\/\" class=\"more-link\">Continue reading <span class=\"screen-reader-text\">C\u00e9n Ceart Achomhairc at\u00e1 agam?<\/span> <span class=\"meta-nav\">&rarr;<\/span><\/a><\/p>\n","protected":false},"author":1973,"featured_media":0,"parent":202,"menu_order":82,"comment_status":"closed","ping_status":"closed","template":"","meta":[],"acf":[],"_links":{"self":[{"href":"https:\/\/foi.gov.ie\/ga\/wp-json\/wp\/v2\/pages\/200"}],"collection":[{"href":"https:\/\/foi.gov.ie\/ga\/wp-json\/wp\/v2\/pages"}],"about":[{"href":"https:\/\/foi.gov.ie\/ga\/wp-json\/wp\/v2\/types\/page"}],"author":[{"embeddable":true,"href":"https:\/\/foi.gov.ie\/ga\/wp-json\/wp\/v2\/users\/1973"}],"replies":[{"embeddable":true,"href":"https:\/\/foi.gov.ie\/ga\/wp-json\/wp\/v2\/comments?post=200"}],"version-history":[{"count":12,"href":"https:\/\/foi.gov.ie\/ga\/wp-json\/wp\/v2\/pages\/200\/revisions"}],"predecessor-version":[{"id":4908,"href":"https:\/\/foi.gov.ie\/ga\/wp-json\/wp\/v2\/pages\/200\/revisions\/4908"}],"up":[{"embeddable":true,"href":"https:\/\/foi.gov.ie\/ga\/wp-json\/wp\/v2\/pages\/202"}],"wp:attachment":[{"href":"https:\/\/foi.gov.ie\/ga\/wp-json\/wp\/v2\/media?parent=200"}],"curies":[{"name":"wp","href":"https:\/\/api.w.org\/{rel}","templated":true}]}}