{"id":202,"date":"2014-10-17T12:18:02","date_gmt":"2014-10-17T11:18:02","guid":{"rendered":"http:\/\/foi.gov.ie\/?page_id=202"},"modified":"2025-04-23T13:26:38","modified_gmt":"2025-04-23T12:26:38","slug":"faqs","status":"publish","type":"page","link":"https:\/\/foi.gov.ie\/ga\/faqs\/","title":{"rendered":"Ceisteanna Coitianta"},"content":{"rendered":"<p><strong>Eolas Ginear\u00e1lta<\/strong><\/p>\n<p>N\u00ed\u00a0f\u00e9idir taifid at\u00e1 ar coime\u00e1d ag Comhlachta\u00ed\u00a0SF eile a iarraidh tr\u00edd an Aonad L\u00e1rnach Polasa\u00ed (CPU) maidir le Saor\u00e1il Faisn\u00e9ise sa Roinn Caiteachais Phoibl\u00ed agus Athch\u00f3irithe. Sa ch\u00e1s gur mian leat teacht ar thaifid at\u00e1 ar coime\u00e1d ag comhlacht poibl\u00ed, n\u00ed m\u00f3r duit iarratas ina leith a dh\u00e9anamh leis an gcomhlacht poibl\u00ed sin go d\u00edreach.<\/p>\n<p><strong>Mar shampla:<\/strong>\u00a0 Sa ch\u00e1s gur mian leat teacht ar thaifid faoi cheist polasa\u00ed sa Roinn Comhshaoil, Pobail agus Rialtais \u00c1iti\u00fail, n\u00ed m\u00f3r duit iarratas a dh\u00e9anamh leis an Roinn sin n\u00f3 sa ch\u00e1s gurb iad do chuid taifid leighis ar mhaith leat teacht a bheith agat orthu, n\u00ed m\u00f3r duit iarratas ina leith sin a dh\u00e9anamh leis an Oifigeach R\u00e9igi\u00fanach SF, maidir leis an r\u00e9igi\u00fan cu\u00ed, i FSS.<\/p>\n<p><strong>An g\u00e1 i ngach c\u00e1s iarratas SF a dh\u00e9anamh le heolas a fh\u00e1il \u00f3 chomhlacht poibl\u00ed? <\/strong>D&#8217;fh\u00e9adfadh go mbeadh an t-eolas at\u00e1 uait ar f\u00e1il agat tr\u00ed mhodhanna eile, mar shampla:<\/p>\n<ul>\n<li>Tr\u00ed phl\u00e9 leis an gcomhalta cu\u00ed den chomhlacht poibl\u00ed.<\/li>\n<li>Tr\u00ed bhileoga eolais, tuarasc\u00e1lacha bliant\u00fala, etc. arna bhfoilsi\u00fa ag an gcomhlacht poibl\u00ed.<\/li>\n<li>Tr\u00ed mhodh riarach\u00e1in, i.e. tr\u00ed scr\u00edobh chuig an Oifigeach cu\u00ed sa chomhlacht poibl\u00ed agus an t-eolas\/taifead at\u00e1 de dh\u00edth a lua.<\/li>\n<\/ul>\n<p>Sula gcuireann t\u00fa iarratas Saor\u00e1il Faisn\u00e9ise isteach, seice\u00e1il <strong>Sc\u00e9im Foilseach\u00e1in <\/strong>an Chomhlachta Phoibl\u00ed ar l\u00e1ithre\u00e1n gr\u00e9as\u00e1in an Chomhlachta go bhfeictear an bhfuil an t-eolas ar f\u00e1il go h\u00e9asca.<\/p>\n<hr \/>\n<p><strong>Ceisteanna Coitianta<\/strong><\/p>\n<p><a href=\"\/faq\/what-is-foi\/\">1. What is FOI?<\/a><br \/>\n<a href=\"https:\/\/foi.gov.ie\/faqs\/what-bodies-are-covered-by-foi\/\">2. What Bodies are covered by FOI?<\/a><br \/>\n<a href=\"\/faq\/what-are-the-benefits-of-foi\/\">3. What are the benefits of FOI?<\/a><br \/>\n<a href=\"\/faq\/how-does-it-work\/\">4. \u00a0How does it work?<\/a><br \/>\n<a href=\"\/faq\/what-information-can-i-get-access-to\/\">5. What Information can I get access to?<\/a><br \/>\n<a href=\"\/faq\/im-not-happy-with-a-decision-on-my-request-what-can-i-do\/\">6. I&#8217;m not happy with a decision on my request &#8211; What can I do?<\/a><br \/>\n<a href=\"\/faq\/will-i-be-charged\/\">7. Will I be Charged?<\/a><br \/>\n<a href=\"\/faq\/do-i-need-to-make-an-foi-request-to-get-information-from-foi-bodies\/\">8. Do I need to make an FOI request to get information from public bodies?<\/a><br \/>\n<a href=\"\/how-do-i-make-an-foi-request\/\">9. How Do I Make an FOI Request?<\/a><br \/>\n<a href=\"\/faqs\/is-there-a-fee\/\">10. Is there a fee?<\/a><br \/>\n<a href=\"\/faqs\/what-are-my-rights-of-review\/\">11. What are my rights of review?<\/a><br \/>\n<a href=\"https:\/\/foi.gov.ie\/what-is-a-publication-scheme\/\">12. What is a &#8220;Publication Scheme&#8221;?<\/a><br \/>\n<a href=\"https:\/\/foi.gov.ie\/how-often-do-public-bodies-have-to-review-their-publication-scheme\/\">13. How often do Public Bodies have to review their publication scheme?<\/a><br \/>\n<a href=\"https:\/\/foi.gov.ie\/can-a-parent-or-guardian-have-access-to-their-childs-medical-records\/\">14. Can a parent or guardian have access to their childs medical records?<\/a><br \/>\n<a href=\"https:\/\/foi.gov.ie\/can-a-person-get-access-to-their-records-from-a-general-practitioner-gp\/\">15. Can a person get access to their records from a general practitioner(GP)?<\/a><br \/>\n<a href=\"https:\/\/foi.gov.ie\/are-all-commercial-bodies-exempt-from-foi-legislation\/\">16. Are all Commercial Bodies exempt from FOI legislation?<\/a><br \/>\n<a href=\"https:\/\/foi.gov.ie\/what-is-the-retrospective-date-for-new-bodies-under-2014-foi-act\/\">17. What is the retrospective date for New Bodies under 2014 FOI Act?<\/a><br \/>\n<a href=\"https:\/\/foi.gov.ie\/what-is-the-retrospective-date-for-personal-information\/\">18. What is the retrospective date for personal information?<\/a><br \/>\n<a href=\"https:\/\/foi.gov.ie\/faqs\/what-foi-decisions-can-the-commissioner-carryout-a-review-on\/\">19. What FOI decisions can the Commissioner carry out a review on?<\/a><br \/>\n<a href=\"https:\/\/foi.gov.ie\/faqs\/when-can-the-commissioner-accept-an-application-for-review-that-has-not-been-subject-to-an-internal-review\/\">20. When can the Commissioner accept an &#8216;application for review&#8217; that has not been subject to an internal review?<\/a><\/p>\n<hr \/>\n<p>Click here for links to\u00a0<a href=\"http:\/\/www.gov.ie\/tag\/departments\/\"><strong>Government Department websites<\/strong><\/a><\/p>","protected":false},"excerpt":{"rendered":"<p>Eolas Ginear\u00e1lta N\u00ed\u00a0f\u00e9idir taifid at\u00e1 ar coime\u00e1d ag Comhlachta\u00ed\u00a0SF eile a iarraidh tr\u00edd an Aonad L\u00e1rnach Polasa\u00ed (CPU) maidir le Saor\u00e1il Faisn\u00e9ise sa Roinn Caiteachais Phoibl\u00ed agus Athch\u00f3irithe. Sa ch\u00e1s gur mian leat teacht ar thaifid at\u00e1 ar coime\u00e1d ag comhlacht poibl\u00ed, n\u00ed m\u00f3r duit iarratas ina leith a dh\u00e9anamh leis an gcomhlacht poibl\u00ed sin &hellip; <a href=\"https:\/\/foi.gov.ie\/ga\/faqs\/\" class=\"more-link\">Continue reading <span class=\"screen-reader-text\">Ceisteanna Coitianta<\/span> <span class=\"meta-nav\">&rarr;<\/span><\/a><\/p>\n","protected":false},"author":1973,"featured_media":0,"parent":0,"menu_order":72,"comment_status":"closed","ping_status":"closed","template":"","meta":[],"acf":[],"_links":{"self":[{"href":"https:\/\/foi.gov.ie\/ga\/wp-json\/wp\/v2\/pages\/202"}],"collection":[{"href":"https:\/\/foi.gov.ie\/ga\/wp-json\/wp\/v2\/pages"}],"about":[{"href":"https:\/\/foi.gov.ie\/ga\/wp-json\/wp\/v2\/types\/page"}],"author":[{"embeddable":true,"href":"https:\/\/foi.gov.ie\/ga\/wp-json\/wp\/v2\/users\/1973"}],"replies":[{"embeddable":true,"href":"https:\/\/foi.gov.ie\/ga\/wp-json\/wp\/v2\/comments?post=202"}],"version-history":[{"count":66,"href":"https:\/\/foi.gov.ie\/ga\/wp-json\/wp\/v2\/pages\/202\/revisions"}],"predecessor-version":[{"id":4899,"href":"https:\/\/foi.gov.ie\/ga\/wp-json\/wp\/v2\/pages\/202\/revisions\/4899"}],"wp:attachment":[{"href":"https:\/\/foi.gov.ie\/ga\/wp-json\/wp\/v2\/media?parent=202"}],"curies":[{"name":"wp","href":"https:\/\/api.w.org\/{rel}","templated":true}]}}