{"id":206,"date":"2014-10-17T12:31:04","date_gmt":"2014-10-17T11:31:04","guid":{"rendered":"http:\/\/foi.gov.ie\/?page_id=206"},"modified":"2016-03-01T15:53:28","modified_gmt":"2016-03-01T15:53:28","slug":"what-is-foi","status":"publish","type":"page","link":"https:\/\/foi.gov.ie\/ga\/faqs\/what-is-foi\/","title":{"rendered":"Cad is Saor\u00e1il Faisn\u00e9ise Ann?"},"content":{"rendered":"<p>Fola\u00edtear san Acht um SF, go bhfuil na cearta dl\u00edthi\u00fala seo a leanas ag gach duine, \u00f3n d\u00e1ta \u00e9ifeachtach:<\/p>\n<ul>\n<li>an ceart le rochtain a fh\u00e1il ar thaifid oifigi\u00fala at\u00e1 ag Ranna Rialtais n\u00f3 ag comhlachta\u00ed poibl\u00ed eile mar a shainmh\u00edn\u00edtear san acht.<\/li>\n<li>an ceart le faisn\u00e9is pearsanta at\u00e1 coinnithe f\u00fathu a cheart\u00fa n\u00f3 a nuashonr\u00fa i gc\u00e1s go bhfuil an fhaisn\u00e9is sin neamhioml\u00e1n n\u00f3 m\u00edcheart n\u00f3 m\u00edthreorach;<\/li>\n<li>an ceart go dtabharfa\u00ed c\u00faiseanna leis na cinnt\u00ed a th\u00f3gann comhlachta\u00ed poibl\u00ed a mb\u00edonn tionchar ag na cinnt\u00ed sin orthu.<\/li>\n<\/ul>\n<p>Fola\u00edtear i rialach\u00e1in gur f\u00e9idir le tuismitheoir\u00ed, caomhn\u00f3ir\u00ed agus neasghaolta na cearta seo a fheidhmi\u00fa i gc\u00fains\u00ed \u00e1irithe.<\/p>\n<p>Is \u00e9 at\u00e1 i gceist leis na cearta seo gur f\u00e9idir le daoine rochtain a fh\u00e1il ar fhaisn\u00e9is phearsanta a choinn\u00edtear f\u00fathu, is cuma c\u00e9n uair a crutha\u00edodh an fhaisn\u00e9is, agus ar thaifid eile a crutha\u00edodh tar \u00e9is an d\u00e1ta \u00e9ifeachtaigh.<\/p>","protected":false},"excerpt":{"rendered":"<p>Fola\u00edtear san Acht um SF, go bhfuil na cearta dl\u00edthi\u00fala seo a leanas ag gach duine, \u00f3n d\u00e1ta \u00e9ifeachtach: an ceart le rochtain a fh\u00e1il ar thaifid oifigi\u00fala at\u00e1 ag Ranna Rialtais n\u00f3 ag comhlachta\u00ed poibl\u00ed eile mar a shainmh\u00edn\u00edtear san acht. an ceart le faisn\u00e9is pearsanta at\u00e1 coinnithe f\u00fathu a cheart\u00fa n\u00f3 a nuashonr\u00fa &hellip; <a href=\"https:\/\/foi.gov.ie\/ga\/faqs\/what-is-foi\/\" class=\"more-link\">Continue reading <span class=\"screen-reader-text\">Cad is Saor\u00e1il Faisn\u00e9ise Ann?<\/span> <span class=\"meta-nav\">&rarr;<\/span><\/a><\/p>\n","protected":false},"author":1973,"featured_media":0,"parent":202,"menu_order":81,"comment_status":"closed","ping_status":"closed","template":"","meta":[],"acf":[],"_links":{"self":[{"href":"https:\/\/foi.gov.ie\/ga\/wp-json\/wp\/v2\/pages\/206"}],"collection":[{"href":"https:\/\/foi.gov.ie\/ga\/wp-json\/wp\/v2\/pages"}],"about":[{"href":"https:\/\/foi.gov.ie\/ga\/wp-json\/wp\/v2\/types\/page"}],"author":[{"embeddable":true,"href":"https:\/\/foi.gov.ie\/ga\/wp-json\/wp\/v2\/users\/1973"}],"replies":[{"embeddable":true,"href":"https:\/\/foi.gov.ie\/ga\/wp-json\/wp\/v2\/comments?post=206"}],"version-history":[{"count":10,"href":"https:\/\/foi.gov.ie\/ga\/wp-json\/wp\/v2\/pages\/206\/revisions"}],"predecessor-version":[{"id":2266,"href":"https:\/\/foi.gov.ie\/ga\/wp-json\/wp\/v2\/pages\/206\/revisions\/2266"}],"up":[{"embeddable":true,"href":"https:\/\/foi.gov.ie\/ga\/wp-json\/wp\/v2\/pages\/202"}],"wp:attachment":[{"href":"https:\/\/foi.gov.ie\/ga\/wp-json\/wp\/v2\/media?parent=206"}],"curies":[{"name":"wp","href":"https:\/\/api.w.org\/{rel}","templated":true}]}}