{"id":208,"date":"2014-10-17T12:32:14","date_gmt":"2014-10-17T11:32:14","guid":{"rendered":"http:\/\/foi.gov.ie\/?page_id=208"},"modified":"2016-03-01T15:57:17","modified_gmt":"2016-03-01T15:57:17","slug":"what-are-the-benefits-of-foi","status":"publish","type":"page","link":"https:\/\/foi.gov.ie\/ga\/faqs\/what-are-the-benefits-of-foi\/","title":{"rendered":"Cad Iad Na Bunt\u00e1ist\u00ed a Bhaineann le SF?"},"content":{"rendered":"<p>Cloch mh\u00edle i dt\u00e9arma\u00ed an caidreamh idir an riarach\u00e1n agus an saor\u00e1nach in \u00c9irinn a shainmh\u00edni\u00fa ba ea tabhairt isteach saor\u00e1il faisn\u00e9ise i 1998. Go h\u00e9ifeacht\u00fail, chuir s\u00ed an toimhde oscailteachta i nd\u00e1il le faisn\u00e9is oifigi\u00fail in ionad an toimhde r\u00fandachta a bh\u00ed ann go dt\u00ed sin.<\/p>\n<p>Cheadaigh s\u00e9 chomh maith do shaor\u00e1naigh agus do thr\u00e1chtair\u00ed araon bheith ar an eolas maidir leis na breithni\u00fach\u00e1in a th\u00e1inig roimh na gcinnt\u00ed a mb\u00edonn tionchar acu orthu. Roimh SF, rinneadh an obair riarach\u00e1in taobh thiar de dhoirse d\u00fanta de r\u00e9ir reachta\u00edochta cos\u00fail leis an Acht um R\u00fain Oifigi\u00fala.<\/p>\n<p>D\u2019ardaigh tabhairt isteach SF caille na r\u00fandachta don ch\u00e9ad uair a cheadaigh go gcuirf\u00ed faisn\u00e9is a bhain le rial\u00fa an St\u00e1it ar f\u00e1il don phobal. Bh\u00ed SF l\u00e1rnach chun saincheisteanna at\u00e1 r\u00edth\u00e1bhachtach don phobal a thabhair isteach san fhearann poibl\u00ed agus d\u2019\u00e9ascaigh s\u00e9 maoirsi\u00fa n\u00edos l\u00e1idre ar ghn\u00edomha\u00edochta\u00ed an rialtais agus na seirbh\u00edse poibl\u00ed. Le hacht\u00fa an Achta um Shaor\u00e1il Faisn\u00e9ise 2014, forbra\u00edodh an tsaor\u00e1il faisn\u00e9ise a thuilleadh in \u00c9irinn.<\/p>\n<p>Baineadh an raon leathan srianta i nd\u00e1il le rochtain a tugadh isteach in 2003, s\u00edneadh SF chuig gach comhlacht poibl\u00ed, seachas d\u00edol\u00faint\u00ed teoranta tugann an tAcht cumhacht chun SF ina iom\u00e1ine n\u00f3 ina chuid a sh\u00edneadh chuig comhlachta\u00ed neamhphoibl\u00ed a fhaigheann maoini\u00fa suntasach \u00f3n St\u00e1t. Rinneadh nuach\u00f3iri\u00fa, comhdhl\u00fath\u00fa agus simpli\u00fa chomh maith ar an reachta\u00edocht at\u00e1 i bhfeidhm le c\u00faig bliana d\u00e9ag.<\/p>\n<p>&nbsp;<\/p>","protected":false},"excerpt":{"rendered":"<p>Cloch mh\u00edle i dt\u00e9arma\u00ed an caidreamh idir an riarach\u00e1n agus an saor\u00e1nach in \u00c9irinn a shainmh\u00edni\u00fa ba ea tabhairt isteach saor\u00e1il faisn\u00e9ise i 1998. Go h\u00e9ifeacht\u00fail, chuir s\u00ed an toimhde oscailteachta i nd\u00e1il le faisn\u00e9is oifigi\u00fail in ionad an toimhde r\u00fandachta a bh\u00ed ann go dt\u00ed sin. Cheadaigh s\u00e9 chomh maith do shaor\u00e1naigh agus do &hellip; <a href=\"https:\/\/foi.gov.ie\/ga\/faqs\/what-are-the-benefits-of-foi\/\" class=\"more-link\">Continue reading <span class=\"screen-reader-text\">Cad Iad Na Bunt\u00e1ist\u00ed a Bhaineann le SF?<\/span> <span class=\"meta-nav\">&rarr;<\/span><\/a><\/p>\n","protected":false},"author":1973,"featured_media":0,"parent":202,"menu_order":80,"comment_status":"closed","ping_status":"closed","template":"","meta":[],"acf":[],"_links":{"self":[{"href":"https:\/\/foi.gov.ie\/ga\/wp-json\/wp\/v2\/pages\/208"}],"collection":[{"href":"https:\/\/foi.gov.ie\/ga\/wp-json\/wp\/v2\/pages"}],"about":[{"href":"https:\/\/foi.gov.ie\/ga\/wp-json\/wp\/v2\/types\/page"}],"author":[{"embeddable":true,"href":"https:\/\/foi.gov.ie\/ga\/wp-json\/wp\/v2\/users\/1973"}],"replies":[{"embeddable":true,"href":"https:\/\/foi.gov.ie\/ga\/wp-json\/wp\/v2\/comments?post=208"}],"version-history":[{"count":6,"href":"https:\/\/foi.gov.ie\/ga\/wp-json\/wp\/v2\/pages\/208\/revisions"}],"predecessor-version":[{"id":2267,"href":"https:\/\/foi.gov.ie\/ga\/wp-json\/wp\/v2\/pages\/208\/revisions\/2267"}],"up":[{"embeddable":true,"href":"https:\/\/foi.gov.ie\/ga\/wp-json\/wp\/v2\/pages\/202"}],"wp:attachment":[{"href":"https:\/\/foi.gov.ie\/ga\/wp-json\/wp\/v2\/media?parent=208"}],"curies":[{"name":"wp","href":"https:\/\/api.w.org\/{rel}","templated":true}]}}