{"id":210,"date":"2014-10-17T12:33:18","date_gmt":"2014-10-17T11:33:18","guid":{"rendered":"http:\/\/foi.gov.ie\/?page_id=210"},"modified":"2016-03-01T15:58:42","modified_gmt":"2016-03-01T15:58:42","slug":"how-does-it-work","status":"publish","type":"page","link":"https:\/\/foi.gov.ie\/ga\/faqs\/how-does-it-work\/","title":{"rendered":"C\u00e9n Chaoi a N-Oibr\u00edonn S\u00e9?"},"content":{"rendered":"<p>\u00c9il\u00edtear san Acht ar chomhlachta\u00ed um SF freagairt d\u2019iarratais \u00f3n bpobal maidir le faisn\u00e9is at\u00e1 acu. I bhformh\u00f3r c\u00e1sanna, is g\u00e1 don chomhlacht poibl\u00ed a gcinneadh a thabhairt laistigh de 4 sheachtain \u00f3 a fhaigheann siad an t-iarratas. Mar aon leis sin, \u00e9il\u00edtear ar chomhlachta\u00ed um SF faisn\u00e9is a fhoilsi\u00fa de r\u00e9ir na samhailsc\u00e9ime foilseach\u00e1in, agus moltar d\u00f3ibh a mh\u00e9ad faisn\u00e9is agus is f\u00e9idir leo a fhoilsi\u00fa taobh amuigh de SF.<\/p>","protected":false},"excerpt":{"rendered":"<p>\u00c9il\u00edtear san Acht ar chomhlachta\u00ed um SF freagairt d\u2019iarratais \u00f3n bpobal maidir le faisn\u00e9is at\u00e1 acu. I bhformh\u00f3r c\u00e1sanna, is g\u00e1 don chomhlacht poibl\u00ed a gcinneadh a thabhairt laistigh de 4 sheachtain \u00f3 a fhaigheann siad an t-iarratas. Mar aon leis sin, \u00e9il\u00edtear ar chomhlachta\u00ed um SF faisn\u00e9is a fhoilsi\u00fa de r\u00e9ir na samhailsc\u00e9ime foilseach\u00e1in, &hellip; <a href=\"https:\/\/foi.gov.ie\/ga\/faqs\/how-does-it-work\/\" class=\"more-link\">Continue reading <span class=\"screen-reader-text\">C\u00e9n Chaoi a N-Oibr\u00edonn S\u00e9?<\/span> <span class=\"meta-nav\">&rarr;<\/span><\/a><\/p>\n","protected":false},"author":1973,"featured_media":0,"parent":202,"menu_order":79,"comment_status":"closed","ping_status":"closed","template":"","meta":[],"acf":[],"_links":{"self":[{"href":"https:\/\/foi.gov.ie\/ga\/wp-json\/wp\/v2\/pages\/210"}],"collection":[{"href":"https:\/\/foi.gov.ie\/ga\/wp-json\/wp\/v2\/pages"}],"about":[{"href":"https:\/\/foi.gov.ie\/ga\/wp-json\/wp\/v2\/types\/page"}],"author":[{"embeddable":true,"href":"https:\/\/foi.gov.ie\/ga\/wp-json\/wp\/v2\/users\/1973"}],"replies":[{"embeddable":true,"href":"https:\/\/foi.gov.ie\/ga\/wp-json\/wp\/v2\/comments?post=210"}],"version-history":[{"count":7,"href":"https:\/\/foi.gov.ie\/ga\/wp-json\/wp\/v2\/pages\/210\/revisions"}],"predecessor-version":[{"id":2268,"href":"https:\/\/foi.gov.ie\/ga\/wp-json\/wp\/v2\/pages\/210\/revisions\/2268"}],"up":[{"embeddable":true,"href":"https:\/\/foi.gov.ie\/ga\/wp-json\/wp\/v2\/pages\/202"}],"wp:attachment":[{"href":"https:\/\/foi.gov.ie\/ga\/wp-json\/wp\/v2\/media?parent=210"}],"curies":[{"name":"wp","href":"https:\/\/api.w.org\/{rel}","templated":true}]}}