{"id":212,"date":"2014-10-17T12:35:02","date_gmt":"2014-10-17T11:35:02","guid":{"rendered":"http:\/\/foi.gov.ie\/?page_id=212"},"modified":"2016-09-08T12:10:10","modified_gmt":"2016-09-08T11:10:10","slug":"what-information-can-i-get-access-to","status":"publish","type":"page","link":"https:\/\/foi.gov.ie\/ga\/faqs\/what-information-can-i-get-access-to\/","title":{"rendered":"C\u00e9n Cine\u00e1l Eolais a Bhf\u00e9adaim Teacht a Fh\u00e1il air?"},"content":{"rendered":"<p><strong>Is f\u00e9idir eolas oifigi\u00fail de chine\u00e1l ar bith at\u00e1 ar coime\u00e1d ag comhlachta\u00ed poibl\u00ed a iarraidh faoin Acht<\/strong>.<\/p>\n<p>Ina ainneoin sin, ionas gur f\u00e9idir ligean do chomhlachta\u00ed SF dul i mbun an ghn\u00f3 mar is cu\u00ed, b\u00edonn g\u00e1 \u00f3 am go ch\u00e9ile cine\u00e1lacha \u00e1irithe eolais a bheidh saor \u00f3na nochtadh i gc\u00e1sanna faoi leith. Leagtar sin amach san Acht.<\/p>\n<p>Ar na pr\u00edomhch\u00e1sanna eisceachta, t\u00e1 taifid a bhaineann le:<\/p>\n<ul>\n<li>cruinnithe den rialtas<\/li>\n<li>forfheidhmi\u00fa an dl\u00ed agus sl\u00e1nd\u00e1il<\/li>\n<li>faisn\u00e9is r\u00fanda agus faisn\u00e9is at\u00e1 \u00edogair \u00f3 thaobh na tr\u00e1cht\u00e1la de<\/li>\n<li>faisn\u00e9is phearsanta (seachas faisn\u00e9is a bhaineann leis an t\u00e9 a dh\u00e9anann an t-iarratas)<\/li>\n<\/ul>\n<p><\/p>","protected":false},"excerpt":{"rendered":"<p>Is f\u00e9idir eolas oifigi\u00fail de chine\u00e1l ar bith at\u00e1 ar coime\u00e1d ag comhlachta\u00ed poibl\u00ed a iarraidh faoin Acht. Ina ainneoin sin, ionas gur f\u00e9idir ligean do chomhlachta\u00ed SF dul i mbun an ghn\u00f3 mar is cu\u00ed, b\u00edonn g\u00e1 \u00f3 am go ch\u00e9ile cine\u00e1lacha \u00e1irithe eolais a bheidh saor \u00f3na nochtadh i gc\u00e1sanna faoi leith. Leagtar &hellip; <a href=\"https:\/\/foi.gov.ie\/ga\/faqs\/what-information-can-i-get-access-to\/\" class=\"more-link\">Continue reading <span class=\"screen-reader-text\">C\u00e9n Cine\u00e1l Eolais a Bhf\u00e9adaim Teacht a Fh\u00e1il air?<\/span> <span class=\"meta-nav\">&rarr;<\/span><\/a><\/p>\n","protected":false},"author":1973,"featured_media":0,"parent":202,"menu_order":78,"comment_status":"closed","ping_status":"closed","template":"","meta":[],"acf":[],"_links":{"self":[{"href":"https:\/\/foi.gov.ie\/ga\/wp-json\/wp\/v2\/pages\/212"}],"collection":[{"href":"https:\/\/foi.gov.ie\/ga\/wp-json\/wp\/v2\/pages"}],"about":[{"href":"https:\/\/foi.gov.ie\/ga\/wp-json\/wp\/v2\/types\/page"}],"author":[{"embeddable":true,"href":"https:\/\/foi.gov.ie\/ga\/wp-json\/wp\/v2\/users\/1973"}],"replies":[{"embeddable":true,"href":"https:\/\/foi.gov.ie\/ga\/wp-json\/wp\/v2\/comments?post=212"}],"version-history":[{"count":5,"href":"https:\/\/foi.gov.ie\/ga\/wp-json\/wp\/v2\/pages\/212\/revisions"}],"predecessor-version":[{"id":3119,"href":"https:\/\/foi.gov.ie\/ga\/wp-json\/wp\/v2\/pages\/212\/revisions\/3119"}],"up":[{"embeddable":true,"href":"https:\/\/foi.gov.ie\/ga\/wp-json\/wp\/v2\/pages\/202"}],"wp:attachment":[{"href":"https:\/\/foi.gov.ie\/ga\/wp-json\/wp\/v2\/media?parent=212"}],"curies":[{"name":"wp","href":"https:\/\/api.w.org\/{rel}","templated":true}]}}