{"id":214,"date":"2014-10-17T12:37:28","date_gmt":"2014-10-17T11:37:28","guid":{"rendered":"http:\/\/foi.gov.ie\/?page_id=214"},"modified":"2016-09-08T11:54:07","modified_gmt":"2016-09-08T10:54:07","slug":"im-not-happy-with-a-decision-on-my-request-what-can-i-do","status":"publish","type":"page","link":"https:\/\/foi.gov.ie\/ga\/faqs\/im-not-happy-with-a-decision-on-my-request-what-can-i-do\/","title":{"rendered":"N\u00cdLIM S\u00c1STA LEIS AN GCINNEADH MAIDIR LE M&#8217;IARRATAS \u2013 CAD A FH\u00c9ADAIM A DH\u00c9ANAMH?"},"content":{"rendered":"<p>Is f\u00e9idir le hiarratas\u00f3ir achomharc a dh\u00e9anamh leis an gcomhlacht SF ag iarraidh go nd\u00e9anfa\u00ed athscr\u00fad\u00fa\u00a0ar an gc\u00e1s.<\/p>\n<p>N\u00ed m\u00f3r don chomhlacht SF a thabhairt go nd\u00e9anann duine is sinseara\u00ed n\u00e1 an t\u00e9 a rinne an ch\u00e9ad chinneadh athbhreithni\u00fa ar an gc\u00e1s. Is f\u00e9idir leis an t\u00e9 a dh\u00e9anann an t-athbhreithni\u00fa an ch\u00e9ad chinneadh a athr\u00fa n\u00f3 aont\u00fa\u00a0leis.<\/p>\n<p>Sa ch\u00e1s nach mb\u00edonn an t-iarratas\u00f3ir s\u00e1sta go f\u00f3ill leis an gcinneadh, t\u00e1 de cheart aige n\u00f3 aici achomharc a dh\u00e9anamh maidir leis an gcinneadh leis an g<a href=\"http:\/\/www.oic.gov.ie\/en\/\"><u>Coimisin\u00e9ir Faisn\u00e9ise<\/u><\/a>.<\/p>\n<p>Ceapadh an Coimisin\u00e9ir go sonrach chun c\u00e1sanna achomhairc a \u00e9isteacht \u00f3 dhaoine den phobal nach bhfuil s\u00e1sta leis an gcinneadh a dh\u00e9antar maidir le hiarratas. Is f\u00e9idir t\u00e1ille roimh r\u00e9 a bheith i gceist le hachomharc (f\u00e9ach <a href=\"https:\/\/foi.gov.ie\/faqs\/faq7\/\"><u>Ceisteanna Coitianta: Ceist a 7 <\/u><\/a>ina luaitear na t\u00e1ill\u00ed is f\u00e9idir a ghearradh i nd\u00e1il le hachomharc).<\/p>","protected":false},"excerpt":{"rendered":"<p>Is f\u00e9idir le hiarratas\u00f3ir achomharc a dh\u00e9anamh leis an gcomhlacht SF ag iarraidh go nd\u00e9anfa\u00ed athscr\u00fad\u00fa\u00a0ar an gc\u00e1s. N\u00ed m\u00f3r don chomhlacht SF a thabhairt go nd\u00e9anann duine is sinseara\u00ed n\u00e1 an t\u00e9 a rinne an ch\u00e9ad chinneadh athbhreithni\u00fa ar an gc\u00e1s. Is f\u00e9idir leis an t\u00e9 a dh\u00e9anann an t-athbhreithni\u00fa an ch\u00e9ad chinneadh a &hellip; <a href=\"https:\/\/foi.gov.ie\/ga\/faqs\/im-not-happy-with-a-decision-on-my-request-what-can-i-do\/\" class=\"more-link\">Continue reading <span class=\"screen-reader-text\">N\u00cdLIM S\u00c1STA LEIS AN GCINNEADH MAIDIR LE M&#8217;IARRATAS \u2013 CAD A FH\u00c9ADAIM A DH\u00c9ANAMH?<\/span> <span class=\"meta-nav\">&rarr;<\/span><\/a><\/p>\n","protected":false},"author":1973,"featured_media":0,"parent":202,"menu_order":77,"comment_status":"closed","ping_status":"closed","template":"","meta":[],"acf":[],"_links":{"self":[{"href":"https:\/\/foi.gov.ie\/ga\/wp-json\/wp\/v2\/pages\/214"}],"collection":[{"href":"https:\/\/foi.gov.ie\/ga\/wp-json\/wp\/v2\/pages"}],"about":[{"href":"https:\/\/foi.gov.ie\/ga\/wp-json\/wp\/v2\/types\/page"}],"author":[{"embeddable":true,"href":"https:\/\/foi.gov.ie\/ga\/wp-json\/wp\/v2\/users\/1973"}],"replies":[{"embeddable":true,"href":"https:\/\/foi.gov.ie\/ga\/wp-json\/wp\/v2\/comments?post=214"}],"version-history":[{"count":7,"href":"https:\/\/foi.gov.ie\/ga\/wp-json\/wp\/v2\/pages\/214\/revisions"}],"predecessor-version":[{"id":3111,"href":"https:\/\/foi.gov.ie\/ga\/wp-json\/wp\/v2\/pages\/214\/revisions\/3111"}],"up":[{"embeddable":true,"href":"https:\/\/foi.gov.ie\/ga\/wp-json\/wp\/v2\/pages\/202"}],"wp:attachment":[{"href":"https:\/\/foi.gov.ie\/ga\/wp-json\/wp\/v2\/media?parent=214"}],"curies":[{"name":"wp","href":"https:\/\/api.w.org\/{rel}","templated":true}]}}