{"id":218,"date":"2014-10-17T12:41:07","date_gmt":"2014-10-17T11:41:07","guid":{"rendered":"http:\/\/foi.gov.ie\/?page_id=218"},"modified":"2016-09-08T12:10:47","modified_gmt":"2016-09-08T11:10:47","slug":"will-i-be-charged","status":"publish","type":"page","link":"https:\/\/foi.gov.ie\/ga\/faqs\/will-i-be-charged\/","title":{"rendered":"An Ngearrfar T\u00e1ille Orm?"},"content":{"rendered":"<p>T\u00e1 na t\u00e1ill\u00ed seo a leanas i bhfeidhm maidir le hiarratas ar thaifid faoin Acht SF:<\/p>\n<p><strong>T\u00e1ill\u00ed maidir le Cuardach agus Aisghabh\u00e1il agus le C\u00f3ipe\u00e1il <\/strong><\/p>\n<p>Gearrtar t\u00e1ill\u00ed i nd\u00e1il leis an am a chaitear ar na taifid a scaoiltear leat a chuardach agus a aisghabh\u00e1il agus ar thaifid den s\u00f3rt sin a ch\u00f3ipe\u00e1il. Leagtar amach in Alt 27 an Achta na gn\u00e9ithe den chuardach agus den aisghabh\u00e1il ar f\u00e9idir t\u00e1ille a ghearradh ina leith.<\/p>\n<p>Sa chuid is m\u00f3 de na c\u00e1sanna, n\u00ed bh\u00edonn t\u00e1ille i gceist maidir le cuardach, aisghabh\u00e1il n\u00e1 c\u00f3ipe\u00e1il nuair is le taifid phearsanta an iarratas\u00f3ra a bhaineann an t-iarratas. Ina ainneoin sin, is f\u00e9idir faoin Acht t\u00e1ille a ghearradh, le haird ar acmhainn an iarratas\u00f3ra, sa ch\u00e1s go mb\u00edonn l\u00edon suntasach taifead i gceist leis an iarratas.<\/p>\n<p><strong>T\u00e1ill\u00ed\u00a0Athbhreithnithe agus Achomhairc<\/strong> T\u00e1 t\u00e1ille ag gabh\u00e1il le hathbhreithni\u00fa agus le hachomharc le hOifig an Choimisin\u00e9ara Faisn\u00e9ise maidir le teacht ar thaifid neamhphearsanta. T\u00e1 t\u00e1ill\u00ed laghdaithe i gceist maidir leis an t\u00e9 ag a bhfuil c\u00e1rta leighis. Cuirfidh an comhlacht poibl\u00ed lena mbaineann sin in i\u00fal duit ag an am cu\u00ed.<\/p>","protected":false},"excerpt":{"rendered":"<p>T\u00e1 na t\u00e1ill\u00ed seo a leanas i bhfeidhm maidir le hiarratas ar thaifid faoin Acht SF: T\u00e1ill\u00ed maidir le Cuardach agus Aisghabh\u00e1il agus le C\u00f3ipe\u00e1il Gearrtar t\u00e1ill\u00ed i nd\u00e1il leis an am a chaitear ar na taifid a scaoiltear leat a chuardach agus a aisghabh\u00e1il agus ar thaifid den s\u00f3rt sin a ch\u00f3ipe\u00e1il. Leagtar amach &hellip; <a href=\"https:\/\/foi.gov.ie\/ga\/faqs\/will-i-be-charged\/\" class=\"more-link\">Continue reading <span class=\"screen-reader-text\">An Ngearrfar T\u00e1ille Orm?<\/span> <span class=\"meta-nav\">&rarr;<\/span><\/a><\/p>\n","protected":false},"author":1973,"featured_media":0,"parent":202,"menu_order":76,"comment_status":"closed","ping_status":"closed","template":"","meta":[],"acf":[],"_links":{"self":[{"href":"https:\/\/foi.gov.ie\/ga\/wp-json\/wp\/v2\/pages\/218"}],"collection":[{"href":"https:\/\/foi.gov.ie\/ga\/wp-json\/wp\/v2\/pages"}],"about":[{"href":"https:\/\/foi.gov.ie\/ga\/wp-json\/wp\/v2\/types\/page"}],"author":[{"embeddable":true,"href":"https:\/\/foi.gov.ie\/ga\/wp-json\/wp\/v2\/users\/1973"}],"replies":[{"embeddable":true,"href":"https:\/\/foi.gov.ie\/ga\/wp-json\/wp\/v2\/comments?post=218"}],"version-history":[{"count":8,"href":"https:\/\/foi.gov.ie\/ga\/wp-json\/wp\/v2\/pages\/218\/revisions"}],"predecessor-version":[{"id":3120,"href":"https:\/\/foi.gov.ie\/ga\/wp-json\/wp\/v2\/pages\/218\/revisions\/3120"}],"up":[{"embeddable":true,"href":"https:\/\/foi.gov.ie\/ga\/wp-json\/wp\/v2\/pages\/202"}],"wp:attachment":[{"href":"https:\/\/foi.gov.ie\/ga\/wp-json\/wp\/v2\/media?parent=218"}],"curies":[{"name":"wp","href":"https:\/\/api.w.org\/{rel}","templated":true}]}}