{"id":2188,"date":"2016-01-25T09:04:30","date_gmt":"2016-01-25T09:04:30","guid":{"rendered":"http:\/\/foi.gov.ie\/?page_id=2188"},"modified":"2016-07-13T09:58:04","modified_gmt":"2016-07-13T08:58:04","slug":"foi-body-dispute-policy","status":"publish","type":"page","link":"https:\/\/foi.gov.ie\/ga\/guidance\/foi-body-dispute-policy\/","title":{"rendered":"Beartas R\u00e9itigh D\u00edosp\u00f3ide"},"content":{"rendered":"<p>T\u00e1 Beartas agus N\u00f3sanna Imeachta D\u00edosp\u00f3ide Foilsithe ag an Aire um Chaiteachas Poibl\u00ed agus Athch\u00f3iri\u00fa d&#8217;fhonn bealach ord\u00fail a leagan amach chun saincheisteanna a arda\u00edtear via alt 6(7) den Acht FOI a r\u00e9iteach sa ch\u00e1s is go n-\u00e9ireodh d\u00edosp\u00f3id faoi cib\u00e9 an comhlacht poibl\u00ed \u00e9 eintiteas chun cr\u00edocha an Achta de r\u00e9ir alt 6(1), n\u00f3 na coinn\u00edollacha a thiocfadh chun cinn de bhua an fho-ailt sin.\u00a0 Is \u00e9 cusp\u00f3ir an bheartais agus na n\u00f3sanna imeachta sin toradh \u00e9ifeachtach a \u00e9asc\u00fa do ch\u00e1ch i nd\u00edosp\u00f3id mar a leagtar amach thuas chomh maith le d\u00edosp\u00f3id\u00ed idir iarrth\u00f3ir\u00ed agus an Coimisin\u00e9ir Faisn\u00e9ise (OIC) agus\/n\u00f3 an t-eintiteas cu\u00ed.<\/p>\n<p><a href=\"https:\/\/foi.gov.ie\/wp-content\/uploads\/21164-A-Dispute-Resolution-Policy-GA.docx\" rel=\"\">\u00a0Beartas R\u00e9itigh D\u00edosp\u00f3ide <\/a><\/p>","protected":false},"excerpt":{"rendered":"<p>T\u00e1 Beartas agus N\u00f3sanna Imeachta D\u00edosp\u00f3ide Foilsithe ag an Aire um Chaiteachas Poibl\u00ed agus Athch\u00f3iri\u00fa d&#8217;fhonn bealach ord\u00fail a leagan amach chun saincheisteanna a arda\u00edtear via alt 6(7) den Acht FOI a r\u00e9iteach sa ch\u00e1s is go n-\u00e9ireodh d\u00edosp\u00f3id faoi cib\u00e9 an comhlacht poibl\u00ed \u00e9 eintiteas chun cr\u00edocha an Achta de r\u00e9ir alt 6(1), n\u00f3 &hellip; <a href=\"https:\/\/foi.gov.ie\/ga\/guidance\/foi-body-dispute-policy\/\" class=\"more-link\">Continue reading <span class=\"screen-reader-text\">Beartas R\u00e9itigh D\u00edosp\u00f3ide<\/span> <span class=\"meta-nav\">&rarr;<\/span><\/a><\/p>\n","protected":false},"author":1973,"featured_media":0,"parent":9,"menu_order":25,"comment_status":"closed","ping_status":"closed","template":"","meta":[],"acf":[],"_links":{"self":[{"href":"https:\/\/foi.gov.ie\/ga\/wp-json\/wp\/v2\/pages\/2188"}],"collection":[{"href":"https:\/\/foi.gov.ie\/ga\/wp-json\/wp\/v2\/pages"}],"about":[{"href":"https:\/\/foi.gov.ie\/ga\/wp-json\/wp\/v2\/types\/page"}],"author":[{"embeddable":true,"href":"https:\/\/foi.gov.ie\/ga\/wp-json\/wp\/v2\/users\/1973"}],"replies":[{"embeddable":true,"href":"https:\/\/foi.gov.ie\/ga\/wp-json\/wp\/v2\/comments?post=2188"}],"version-history":[{"count":22,"href":"https:\/\/foi.gov.ie\/ga\/wp-json\/wp\/v2\/pages\/2188\/revisions"}],"predecessor-version":[{"id":2995,"href":"https:\/\/foi.gov.ie\/ga\/wp-json\/wp\/v2\/pages\/2188\/revisions\/2995"}],"up":[{"embeddable":true,"href":"https:\/\/foi.gov.ie\/ga\/wp-json\/wp\/v2\/pages\/9"}],"wp:attachment":[{"href":"https:\/\/foi.gov.ie\/ga\/wp-json\/wp\/v2\/media?parent=2188"}],"curies":[{"name":"wp","href":"https:\/\/api.w.org\/{rel}","templated":true}]}}