{"id":220,"date":"2014-10-17T12:43:03","date_gmt":"2014-10-17T11:43:03","guid":{"rendered":"http:\/\/foi.gov.ie\/?page_id=220"},"modified":"2016-09-08T12:12:04","modified_gmt":"2016-09-08T11:12:04","slug":"do-i-need-to-make-an-foi-request-to-get-information-from-foi-bodies","status":"publish","type":"page","link":"https:\/\/foi.gov.ie\/ga\/faqs\/do-i-need-to-make-an-foi-request-to-get-information-from-foi-bodies\/","title":{"rendered":"An G\u00e1 Dom Iarratas SF a Dh\u00e9anamh Chun Eolas a Fh\u00e1il \u00d3 Chomhlacht FOI?"},"content":{"rendered":"<p>N\u00ed g\u00e1. Cuireann comhlachta\u00ed SF eolas ar f\u00e1il ar an ngn\u00e1thbhealach don phobal tr\u00ed bhileoga eolais, foilseach\u00e1in agus freagra\u00ed ar fhiosr\u00fach\u00e1in. Leanfar de sin.<\/p>\n<p>Foinse breise eolais a chuirtear ar f\u00e1il le SF tr\u00ed dheis a thabhairt ar thaifid nach gcuirtear ar f\u00e1il cheana f\u00e9in tr\u00ed ghn\u00e1thdh\u00e9anamh na hoibre.<\/p>\n<p>Moltar do chomhlachta\u00ed SF mioneolas a thabhairt faoin eolas at\u00e1 curtha ar f\u00e1il acu ar l\u00e1ithre\u00e1n gr\u00e9as\u00e1in an chomhlachta.<\/p>","protected":false},"excerpt":{"rendered":"<p>N\u00ed g\u00e1. Cuireann comhlachta\u00ed SF eolas ar f\u00e1il ar an ngn\u00e1thbhealach don phobal tr\u00ed bhileoga eolais, foilseach\u00e1in agus freagra\u00ed ar fhiosr\u00fach\u00e1in. Leanfar de sin. Foinse breise eolais a chuirtear ar f\u00e1il le SF tr\u00ed dheis a thabhairt ar thaifid nach gcuirtear ar f\u00e1il cheana f\u00e9in tr\u00ed ghn\u00e1thdh\u00e9anamh na hoibre. Moltar do chomhlachta\u00ed SF mioneolas a &hellip; <a href=\"https:\/\/foi.gov.ie\/ga\/faqs\/do-i-need-to-make-an-foi-request-to-get-information-from-foi-bodies\/\" class=\"more-link\">Continue reading <span class=\"screen-reader-text\">An G\u00e1 Dom Iarratas SF a Dh\u00e9anamh Chun Eolas a Fh\u00e1il \u00d3 Chomhlacht FOI?<\/span> <span class=\"meta-nav\">&rarr;<\/span><\/a><\/p>\n","protected":false},"author":1973,"featured_media":0,"parent":202,"menu_order":75,"comment_status":"closed","ping_status":"closed","template":"","meta":[],"acf":[],"_links":{"self":[{"href":"https:\/\/foi.gov.ie\/ga\/wp-json\/wp\/v2\/pages\/220"}],"collection":[{"href":"https:\/\/foi.gov.ie\/ga\/wp-json\/wp\/v2\/pages"}],"about":[{"href":"https:\/\/foi.gov.ie\/ga\/wp-json\/wp\/v2\/types\/page"}],"author":[{"embeddable":true,"href":"https:\/\/foi.gov.ie\/ga\/wp-json\/wp\/v2\/users\/1973"}],"replies":[{"embeddable":true,"href":"https:\/\/foi.gov.ie\/ga\/wp-json\/wp\/v2\/comments?post=220"}],"version-history":[{"count":6,"href":"https:\/\/foi.gov.ie\/ga\/wp-json\/wp\/v2\/pages\/220\/revisions"}],"predecessor-version":[{"id":3121,"href":"https:\/\/foi.gov.ie\/ga\/wp-json\/wp\/v2\/pages\/220\/revisions\/3121"}],"up":[{"embeddable":true,"href":"https:\/\/foi.gov.ie\/ga\/wp-json\/wp\/v2\/pages\/202"}],"wp:attachment":[{"href":"https:\/\/foi.gov.ie\/ga\/wp-json\/wp\/v2\/media?parent=220"}],"curies":[{"name":"wp","href":"https:\/\/api.w.org\/{rel}","templated":true}]}}