{"id":2732,"date":"2016-04-19T11:40:14","date_gmt":"2016-04-19T10:40:14","guid":{"rendered":"http:\/\/foi.gov.ie\/?page_id=2732"},"modified":"2016-09-08T12:14:22","modified_gmt":"2016-09-08T11:14:22","slug":"what-is-the-retrospective-date-for-personal-information","status":"publish","type":"page","link":"https:\/\/foi.gov.ie\/ga\/what-is-the-retrospective-date-for-personal-information\/","title":{"rendered":"Cad \u00e9 an D\u00e1ta C\u00falghabh\u00e1lach Maidir Le Faisn\u00e9is Phearsanta?"},"content":{"rendered":"<p>Sa ch\u00e1s go bhfuil duine ag iarraidh faisn\u00e9is phearsanta maidir leis an duine f\u00e9in \u00f3 eagra\u00edocht agus gur crutha\u00edodh na taifid roimh an 21 Aibre\u00e1n 2008, t\u00e1 an t\u00e9 sin i dteideal teacht ar na taifid chomh fada siar leis an d\u00e1ta ar an crutha\u00edodh na taifid a iarraidh.<\/p>\n","protected":false},"excerpt":{"rendered":"<p>Sa ch\u00e1s go bhfuil duine ag iarraidh faisn\u00e9is phearsanta maidir leis an duine f\u00e9in \u00f3 eagra\u00edocht agus gur crutha\u00edodh na taifid roimh an 21 Aibre\u00e1n 2008, t\u00e1 an t\u00e9 sin i dteideal teacht ar na taifid chomh fada siar leis an d\u00e1ta ar an crutha\u00edodh na taifid a iarraidh.<\/p>\n","protected":false},"author":1973,"featured_media":0,"parent":0,"menu_order":15,"comment_status":"closed","ping_status":"closed","template":"","meta":[],"acf":[],"_links":{"self":[{"href":"https:\/\/foi.gov.ie\/ga\/wp-json\/wp\/v2\/pages\/2732"}],"collection":[{"href":"https:\/\/foi.gov.ie\/ga\/wp-json\/wp\/v2\/pages"}],"about":[{"href":"https:\/\/foi.gov.ie\/ga\/wp-json\/wp\/v2\/types\/page"}],"author":[{"embeddable":true,"href":"https:\/\/foi.gov.ie\/ga\/wp-json\/wp\/v2\/users\/1973"}],"replies":[{"embeddable":true,"href":"https:\/\/foi.gov.ie\/ga\/wp-json\/wp\/v2\/comments?post=2732"}],"version-history":[{"count":5,"href":"https:\/\/foi.gov.ie\/ga\/wp-json\/wp\/v2\/pages\/2732\/revisions"}],"predecessor-version":[{"id":3122,"href":"https:\/\/foi.gov.ie\/ga\/wp-json\/wp\/v2\/pages\/2732\/revisions\/3122"}],"wp:attachment":[{"href":"https:\/\/foi.gov.ie\/ga\/wp-json\/wp\/v2\/media?parent=2732"}],"curies":[{"name":"wp","href":"https:\/\/api.w.org\/{rel}","templated":true}]}}