{"id":4,"date":"2014-09-30T16:24:32","date_gmt":"2014-09-30T15:24:32","guid":{"rendered":"http:\/\/foi.gov.ie\/?page_id=4"},"modified":"2025-05-06T16:12:30","modified_gmt":"2025-05-06T15:12:30","slug":"home-old","status":"publish","type":"page","link":"https:\/\/foi.gov.ie\/ga\/","title":{"rendered":"Home"},"content":{"rendered":"<p><\/p>\n<table class=\"faqhome\">\n<tbody>\n<tr>\n<td class=\"one\"><a title=\"What is FOI?\" href=\"https:\/\/foi.gov.ie\/ga\/faqs\/what-is-foi\/\">Cad is Saor\u00e1il Faisn\u00e9ise Ann?<\/a><\/td>\n<td class=\"two\"><a title=\"All FOI Bodies\" href=\"https:\/\/foi.gov.ie\/faqs\/what-bodies-are-covered-by-foi\/\">C\u00e9 na comhlachta\u00ed a thagann faoi sc\u00e1th an Achta um Shaor\u00e1il Faisn\u00e9ise (FOI)?<\/a><\/td>\n<td class=\"three\"><a title=\"How do I make an FOI request?\" href=\"https:\/\/foi.gov.ie\/faqs\/how-do-i-make-an-foi-request\/\">Conas a nd\u00e9anaim iarratas um SF?<\/a><\/td>\n<td class=\"four\"><a title=\"Is there a fee?\" href=\"https:\/\/foi.gov.ie\/faqs\/is-there-a-fee\/\">An bhfuil t\u00e1ille I gceist leis an tseirbh\u00eds seo?<\/a><\/td>\n<td class=\"five\"><a title=\"What are my rights of Appeal?\" href=\"https:\/\/foi.gov.ie\/faqs\/what-are-my-rights-of-appeal\/\">C\u00e9 na cearta achomhairc at\u00e1 agam?<\/a><\/td>\n<\/tr>\n<\/tbody>\n<\/table>\n<h3><strong>F\u00e1ilte chuig an Su\u00edomh Gr\u00e9as\u00e1in um Shaor\u00e1il Faisn\u00e9ise<\/strong><\/h3>\n<p>Cotha\u00edonn an tAonad Beartais L\u00e1rnach um Shaor\u00e1il Faisn\u00e9ise sa <a href=\"http:\/\/www.per.gov.ie\/\"><u>Roinn Caiteachais Phoibl\u00ed, Sheachadadh PFN agus Athch\u00f3irithe<\/u><\/a>\u00a0agus t\u00e1 faisn\u00e9is, treoirl\u00ednte agus acmhainn\u00ed eile at\u00e1 \u00e1bhartha don <a href=\"https:\/\/www.oireachtas.ie\/documents\/bills28\/acts\/2014\/a3014i.pdf\"><u>Acht um Shaor\u00e1il Faisn\u00e9ise 2014<\/u><\/a> air. T\u00e1 s\u00e9 deartha le cuidi\u00fa le baill an phobail agus cleacht\u00f3ir\u00ed, araon.<\/p>\n<p>T\u00e1 Faisn\u00e9is Bhun\u00fasach maidir le Saor\u00e1il Faisn\u00e9ise ar f\u00e1il sna bosca\u00ed thuas. T\u00e1 faisn\u00e9is n\u00edos mionsonraithe ar f\u00e1il tr\u00edd an rann\u00e1n Nasclean\u00faint ar bharr an leathanaigh seo. T\u00e1 \u00e1is chuardaigh chomh maith ag barr an leathanaigh seo ar dheis.<\/p>","protected":false},"excerpt":{"rendered":"<p>Cad is Saor\u00e1il Faisn\u00e9ise Ann? C\u00e9 na comhlachta\u00ed a thagann faoi sc\u00e1th an Achta um Shaor\u00e1il Faisn\u00e9ise (FOI)? Conas a nd\u00e9anaim iarratas um SF? An bhfuil t\u00e1ille I gceist leis an tseirbh\u00eds seo? C\u00e9 na cearta achomhairc at\u00e1 agam? F\u00e1ilte chuig an Su\u00edomh Gr\u00e9as\u00e1in um Shaor\u00e1il Faisn\u00e9ise Cotha\u00edonn an tAonad Beartais L\u00e1rnach um Shaor\u00e1il Faisn\u00e9ise &hellip; <a href=\"https:\/\/foi.gov.ie\/ga\/\" class=\"more-link\">Continue reading <span class=\"screen-reader-text\">Home<\/span> <span class=\"meta-nav\">&rarr;<\/span><\/a><\/p>\n","protected":false},"author":1973,"featured_media":0,"parent":0,"menu_order":94,"comment_status":"closed","ping_status":"closed","template":"page-templates\/full-width.php","meta":[],"acf":[],"_links":{"self":[{"href":"https:\/\/foi.gov.ie\/ga\/wp-json\/wp\/v2\/pages\/4"}],"collection":[{"href":"https:\/\/foi.gov.ie\/ga\/wp-json\/wp\/v2\/pages"}],"about":[{"href":"https:\/\/foi.gov.ie\/ga\/wp-json\/wp\/v2\/types\/page"}],"author":[{"embeddable":true,"href":"https:\/\/foi.gov.ie\/ga\/wp-json\/wp\/v2\/users\/1973"}],"replies":[{"embeddable":true,"href":"https:\/\/foi.gov.ie\/ga\/wp-json\/wp\/v2\/comments?post=4"}],"version-history":[{"count":61,"href":"https:\/\/foi.gov.ie\/ga\/wp-json\/wp\/v2\/pages\/4\/revisions"}],"predecessor-version":[{"id":4952,"href":"https:\/\/foi.gov.ie\/ga\/wp-json\/wp\/v2\/pages\/4\/revisions\/4952"}],"wp:attachment":[{"href":"https:\/\/foi.gov.ie\/ga\/wp-json\/wp\/v2\/media?parent=4"}],"curies":[{"name":"wp","href":"https:\/\/api.w.org\/{rel}","templated":true}]}}